{"id":149155,"date":"2024-09-04T19:16:02","date_gmt":"2024-09-04T17:16:02","guid":{"rendered":"https:\/\/www.fabioferro.eu\/tamashii-tibetan-new-ocean-stone-armband.html"},"modified":"2025-05-29T17:17:47","modified_gmt":"2025-05-29T15:17:47","slug":"tamashii-tibetan-new-ocean-stone-armband","status":"publish","type":"product","link":"https:\/\/www.fabioferro.eu\/de\/tamashii-tibetan-new-ocean-stone-armband.html","title":{"rendered":"Tamashii Tibetan New Ocean Stone Armband"},"content":{"rendered":"<p class=\"p1\">Dieser nat\u00fcrliche New Ocean Stone wurde in Tibet hergestellt und von buddhistischen M\u00f6nchen gesegnet.<\/p>\n<p class=\"p1\">Die Einheitsgr\u00f6\u00dfe ist dank der integrierten Schlaufen verstellbar.<\/p>\n<p>Der Tamashii New Ocean Stein hilft, Emotionen wie Freude zu harmonisieren und den inneren Frieden wiederherzustellen. Er erm\u00f6glicht es Ihnen, vergangene Traumata besser zu \u00fcberwinden und hilft Ihnen, die wahren t\u00e4glichen Bed\u00fcrfnisse zu verstehen. <\/p>\n<p class=\"p3\">Tamashii-Schmuck, handgefertigt aus Natursteinen, kann leichte Farbabweichungen von den Bildern aufweisen.<\/p>\n<p class=\"p3\">Das Armband wird in der Originalverpackung von Tamashii geliefert, komplett mit Echtheitszertifikat und Garantie.<\/p>\n","protected":false},"excerpt":{"rendered":"<p>Tamashii-Armband mit New Ocean Stone, hilft, Emotionen zu harmonisieren.<\/p>\n","protected":false},"featured_media":148975,"comment_status":"open","ping_status":"closed","template":"","meta":[],"product_brand":[199],"product_cat":[6318],"product_tag":[],"class_list":{"0":"post-149155","1":"product","2":"type-product","3":"status-publish","4":"has-post-thumbnail","6":"product_brand-tamashii","7":"product_cat-tamashii","9":"first","10":"instock","11":"taxable","12":"shipping-taxable","13":"purchasable","14":"product-type-simple"},"exclude_global_add_ons":[],"addons":[],"df_price":42,"df_sale_price":"","df_regular_price":42,"df_image_link":"https:\/\/cdn02.fabioferro.eu\/wp-content\/uploads\/bracciale-tamashii-tibetano-new-ocean-stone.jpg","_links":{"self":[{"href":"https:\/\/www.fabioferro.eu\/de\/wp-json\/wp\/v2\/product\/149155","targetHints":{"allow":["GET"]}}],"collection":[{"href":"https:\/\/www.fabioferro.eu\/de\/wp-json\/wp\/v2\/product"}],"about":[{"href":"https:\/\/www.fabioferro.eu\/de\/wp-json\/wp\/v2\/types\/product"}],"replies":[{"embeddable":true,"href":"https:\/\/www.fabioferro.eu\/de\/wp-json\/wp\/v2\/comments?post=149155"}],"version-history":[{"count":0,"href":"https:\/\/www.fabioferro.eu\/de\/wp-json\/wp\/v2\/product\/149155\/revisions"}],"wp:featuredmedia":[{"embeddable":true,"href":"https:\/\/www.fabioferro.eu\/de\/wp-json\/wp\/v2\/media\/148975"}],"wp:attachment":[{"href":"https:\/\/www.fabioferro.eu\/de\/wp-json\/wp\/v2\/media?parent=149155"}],"wp:term":[{"taxonomy":"product_brand","embeddable":true,"href":"https:\/\/www.fabioferro.eu\/de\/wp-json\/wp\/v2\/product_brand?post=149155"},{"taxonomy":"product_cat","embeddable":true,"href":"https:\/\/www.fabioferro.eu\/de\/wp-json\/wp\/v2\/product_cat?post=149155"},{"taxonomy":"product_tag","embeddable":true,"href":"https:\/\/www.fabioferro.eu\/de\/wp-json\/wp\/v2\/product_tag?post=149155"}],"curies":[{"name":"wp","href":"https:\/\/api.w.org\/{rel}","templated":true}]}}