{"id":149164,"date":"2024-09-04T19:15:44","date_gmt":"2024-09-04T17:15:44","guid":{"rendered":"https:\/\/www.fabioferro.eu\/tamashii-tibetanisches-rotes-klebeblumenstein-armband.html"},"modified":"2025-05-29T17:17:55","modified_gmt":"2025-05-29T15:17:55","slug":"tamashii-tibetanisches-rotes-klebeblumenstein-armband","status":"publish","type":"product","link":"https:\/\/www.fabioferro.eu\/de\/tamashii-tibetanisches-rotes-klebeblumenstein-armband.html","title":{"rendered":"Tamashii Tibetanisches Rotes Klebeblumenstein-Armband"},"content":{"rendered":"<p>Tamashii-Armband aus nat\u00fcrlichem Red Glue Flower Stone und brauner Kordel.<\/p>\n<p>Der Red Glue Flower Stein repr\u00e4sentiert die mystische Welt und sorgt f\u00fcr Frieden und Harmonie, indem er die Klarheit f\u00f6rdert. Im r\u00f6tlichen Teil finden wir Jaspis, der den Glauben an die eigenen Ideale st\u00e4rkt, indem er Kraft, Mut und Entschlossenheit vermittelt. <\/p>\n<p>Armband, hergestellt in Tibet, gesegnet von buddhistischen M\u00f6nchen.<\/p>\n<p>Einheitsgr\u00f6\u00dfe, die Gr\u00f6\u00dfe ist \u00fcber die vorhandenen Schlaufen einstellbar.<\/p>\n<p>Der aus Natursteinen handgefertigte Schmuck von Tamashii kann leichte Farbabweichungen im Vergleich zu den Fotos aufweisen.<\/p>\n<p>Geliefert in der Originalverpackung von Tamashii, begleitet von einer Echtheits- und Garantieerkl\u00e4rung.<\/p>\n","protected":false},"excerpt":{"rendered":"<p>Das Tamashii-Armband mit rotem Klebeblumenstein und Jaspis st\u00e4rkt den Glauben an die eigenen Ideale, indem es St\u00e4rke, Mut und Entschlossenheit vermittelt.<\/p>\n","protected":false},"featured_media":148935,"comment_status":"open","ping_status":"closed","template":"","meta":[],"product_brand":[199],"product_cat":[6318],"product_tag":[7442],"class_list":{"0":"post-149164","1":"product","2":"type-product","3":"status-publish","4":"has-post-thumbnail","6":"product_brand-tamashii","7":"product_cat-tamashii","8":"product_tag-verfugbar","10":"first","11":"instock","12":"taxable","13":"shipping-taxable","14":"purchasable","15":"product-type-simple"},"exclude_global_add_ons":[],"addons":[],"df_price":42,"df_sale_price":"","df_regular_price":42,"df_image_link":"https:\/\/cdn02.fabioferro.eu\/wp-content\/uploads\/bracciale-tamashii-tibetano-red-glue-flower-stone.jpg","_links":{"self":[{"href":"https:\/\/www.fabioferro.eu\/de\/wp-json\/wp\/v2\/product\/149164","targetHints":{"allow":["GET"]}}],"collection":[{"href":"https:\/\/www.fabioferro.eu\/de\/wp-json\/wp\/v2\/product"}],"about":[{"href":"https:\/\/www.fabioferro.eu\/de\/wp-json\/wp\/v2\/types\/product"}],"replies":[{"embeddable":true,"href":"https:\/\/www.fabioferro.eu\/de\/wp-json\/wp\/v2\/comments?post=149164"}],"version-history":[{"count":0,"href":"https:\/\/www.fabioferro.eu\/de\/wp-json\/wp\/v2\/product\/149164\/revisions"}],"wp:featuredmedia":[{"embeddable":true,"href":"https:\/\/www.fabioferro.eu\/de\/wp-json\/wp\/v2\/media\/148935"}],"wp:attachment":[{"href":"https:\/\/www.fabioferro.eu\/de\/wp-json\/wp\/v2\/media?parent=149164"}],"wp:term":[{"taxonomy":"product_brand","embeddable":true,"href":"https:\/\/www.fabioferro.eu\/de\/wp-json\/wp\/v2\/product_brand?post=149164"},{"taxonomy":"product_cat","embeddable":true,"href":"https:\/\/www.fabioferro.eu\/de\/wp-json\/wp\/v2\/product_cat?post=149164"},{"taxonomy":"product_tag","embeddable":true,"href":"https:\/\/www.fabioferro.eu\/de\/wp-json\/wp\/v2\/product_tag?post=149164"}],"curies":[{"name":"wp","href":"https:\/\/api.w.org\/{rel}","templated":true}]}}