{"id":149165,"date":"2024-09-04T19:15:35","date_gmt":"2024-09-04T17:15:35","guid":{"rendered":"https:\/\/www.fabioferro.eu\/tamashii-tibetisches-rhodochrosit-armband.html"},"modified":"2025-05-29T17:17:55","modified_gmt":"2025-05-29T15:17:55","slug":"tamashii-tibetisches-rhodochrosit-armband","status":"publish","type":"product","link":"https:\/\/www.fabioferro.eu\/de\/tamashii-tibetisches-rhodochrosit-armband.html","title":{"rendered":"Tamashii Tibetisches Rhodochrosit-Armband"},"content":{"rendered":"<p>Originelles tibetisches Tamashii-Armband aus nat\u00fcrlichem Rhodochrosit-Stein.<\/p>\n<p>Der Rhodochrosit ist auch als \u201eStein des mitf\u00fchlenden Herzens\u201c bekannt. Er steht f\u00fcr gro\u00dfz\u00fcgige und selbstlose Liebe, die sich nicht aufdr\u00e4ngt, gegen\u00fcber anderen.<span class=\"s1\">Es wird angenommen, dass er als befreiende Kraft wirkt, indem er die in den physischen und spirituellen Sph\u00e4ren enthaltenen Energien zum Flie\u00dfen bringt.<\/span> <\/p>\n<p class=\"p1\">Mit Perlen verziertes und von Hand gebundenes Schmuckst\u00fcck, bestehend aus 12 Quarzkugeln mit einem Durchmesser von 8 mm.<\/p>\n<p>Produziert in Tibet und gesegnet von buddhistischen M\u00f6nchen.<\/p>\n<p class=\"p1\">Ein Armband in einer Einheitsgr\u00f6\u00dfe mit Schlaufen, die eine perfekte Passform an jedem Handgelenk erm\u00f6glichen.<\/p>\n<p class=\"p1\">Jedes Armband ist in der Originalverpackung von Tamashii verpackt, die eine Echtheitserkl\u00e4rung und eine Garantie enth\u00e4lt.<\/p>\n","protected":false},"excerpt":{"rendered":"<p>Tibetisches Armband mit Rhodochrosit-Stein, signiert Tamashii.<\/p>\n","protected":false},"featured_media":147909,"comment_status":"open","ping_status":"closed","template":"","meta":[],"product_brand":[199],"product_cat":[6318],"product_tag":[],"class_list":{"0":"post-149165","1":"product","2":"type-product","3":"status-publish","4":"has-post-thumbnail","6":"product_brand-tamashii","7":"product_cat-tamashii","9":"first","10":"instock","11":"taxable","12":"shipping-taxable","13":"purchasable","14":"product-type-simple"},"exclude_global_add_ons":[],"addons":[],"df_price":55,"df_sale_price":"","df_regular_price":55,"df_image_link":"https:\/\/cdn02.fabioferro.eu\/wp-content\/uploads\/bracciale-tamashii-tibetano-rodocrosite.jpg","_links":{"self":[{"href":"https:\/\/www.fabioferro.eu\/de\/wp-json\/wp\/v2\/product\/149165","targetHints":{"allow":["GET"]}}],"collection":[{"href":"https:\/\/www.fabioferro.eu\/de\/wp-json\/wp\/v2\/product"}],"about":[{"href":"https:\/\/www.fabioferro.eu\/de\/wp-json\/wp\/v2\/types\/product"}],"replies":[{"embeddable":true,"href":"https:\/\/www.fabioferro.eu\/de\/wp-json\/wp\/v2\/comments?post=149165"}],"version-history":[{"count":0,"href":"https:\/\/www.fabioferro.eu\/de\/wp-json\/wp\/v2\/product\/149165\/revisions"}],"wp:featuredmedia":[{"embeddable":true,"href":"https:\/\/www.fabioferro.eu\/de\/wp-json\/wp\/v2\/media\/147909"}],"wp:attachment":[{"href":"https:\/\/www.fabioferro.eu\/de\/wp-json\/wp\/v2\/media?parent=149165"}],"wp:term":[{"taxonomy":"product_brand","embeddable":true,"href":"https:\/\/www.fabioferro.eu\/de\/wp-json\/wp\/v2\/product_brand?post=149165"},{"taxonomy":"product_cat","embeddable":true,"href":"https:\/\/www.fabioferro.eu\/de\/wp-json\/wp\/v2\/product_cat?post=149165"},{"taxonomy":"product_tag","embeddable":true,"href":"https:\/\/www.fabioferro.eu\/de\/wp-json\/wp\/v2\/product_tag?post=149165"}],"curies":[{"name":"wp","href":"https:\/\/api.w.org\/{rel}","templated":true}]}}