{"id":149168,"date":"2024-09-04T19:15:28","date_gmt":"2024-09-04T17:15:28","guid":{"rendered":"https:\/\/www.fabioferro.eu\/tamashii-tibetisches-amazonit-armband.html"},"modified":"2025-05-29T17:17:57","modified_gmt":"2025-05-29T15:17:57","slug":"tamashii-tibetisches-amazonit-armband","status":"publish","type":"product","link":"https:\/\/www.fabioferro.eu\/de\/tamashii-tibetisches-amazonit-armband.html","title":{"rendered":"Tamashii Tibetisches Amazonit-Armband"},"content":{"rendered":"<p>Original tibetisches Tamashii Unisex-Armband aus nat\u00fcrlichem Ammazonitstein.<\/p>\n<p>Der Amazonit ist ein sehr seltener Stein. Er hilft dabei, die wahrhaftigste und authentischste Art und Weise des eigenen Seins auszudr\u00fccken, weit entfernt von gesellschaftlichen Konventionen. Er ist der Kommunikationsstein schlechthin. Er ermutigt zu aufrichtigen Worten, die von Herzen kommen, und hilft gleichzeitig, ruhig zu bleiben.  <\/p>\n<p>Auf dem Armband befinden sich 12 Amazonitsteine mit einem Durchmesser von 8,00 mm.<\/p>\n<p class=\"p1\">Ein Armband in einer Einheitsgr\u00f6\u00dfe mit Schlaufen, die eine perfekte Passform an jedem Handgelenk erm\u00f6glichen.<\/p>\n<p>Die Schmuckst\u00fccke von Tamashii, die in Handarbeit aus nat\u00fcrlichen Steinen und Perlen hergestellt werden, k\u00f6nnen leichte Farbabweichungen zu den gezeigten Fotos aufweisen.<\/p>\n<p class=\"p1\">Das Armband wird in der Originalverpackung von Tamashii geliefert, die eine Echtheitserkl\u00e4rung und eine Garantie enth\u00e4lt.<\/p>\n","protected":false},"excerpt":{"rendered":"<p>Tamashii-Armband aus nat\u00fcrlichem Amazonitstein.<\/p>\n","protected":false},"featured_media":147902,"comment_status":"open","ping_status":"closed","template":"","meta":[],"product_brand":[],"product_cat":[6318],"product_tag":[7442],"class_list":{"0":"post-149168","1":"product","2":"type-product","3":"status-publish","4":"has-post-thumbnail","6":"product_cat-tamashii","7":"product_tag-verfugbar","9":"first","10":"instock","11":"taxable","12":"shipping-taxable","13":"purchasable","14":"product-type-simple"},"exclude_global_add_ons":[],"addons":[],"df_price":49,"df_sale_price":"","df_regular_price":49,"df_image_link":"https:\/\/cdn02.fabioferro.eu\/wp-content\/uploads\/bracciale-tamashii-tibetano-amazzonite.jpg","_links":{"self":[{"href":"https:\/\/www.fabioferro.eu\/de\/wp-json\/wp\/v2\/product\/149168","targetHints":{"allow":["GET"]}}],"collection":[{"href":"https:\/\/www.fabioferro.eu\/de\/wp-json\/wp\/v2\/product"}],"about":[{"href":"https:\/\/www.fabioferro.eu\/de\/wp-json\/wp\/v2\/types\/product"}],"replies":[{"embeddable":true,"href":"https:\/\/www.fabioferro.eu\/de\/wp-json\/wp\/v2\/comments?post=149168"}],"version-history":[{"count":0,"href":"https:\/\/www.fabioferro.eu\/de\/wp-json\/wp\/v2\/product\/149168\/revisions"}],"wp:featuredmedia":[{"embeddable":true,"href":"https:\/\/www.fabioferro.eu\/de\/wp-json\/wp\/v2\/media\/147902"}],"wp:attachment":[{"href":"https:\/\/www.fabioferro.eu\/de\/wp-json\/wp\/v2\/media?parent=149168"}],"wp:term":[{"taxonomy":"product_brand","embeddable":true,"href":"https:\/\/www.fabioferro.eu\/de\/wp-json\/wp\/v2\/product_brand?post=149168"},{"taxonomy":"product_cat","embeddable":true,"href":"https:\/\/www.fabioferro.eu\/de\/wp-json\/wp\/v2\/product_cat?post=149168"},{"taxonomy":"product_tag","embeddable":true,"href":"https:\/\/www.fabioferro.eu\/de\/wp-json\/wp\/v2\/product_tag?post=149168"}],"curies":[{"name":"wp","href":"https:\/\/api.w.org\/{rel}","templated":true}]}}