{"id":149170,"date":"2024-09-04T19:15:16","date_gmt":"2024-09-04T17:15:16","guid":{"rendered":"https:\/\/www.fabioferro.eu\/tibetisches-tamashii-armband-mit-dunkelrotem-achat.html"},"modified":"2025-08-09T10:08:11","modified_gmt":"2025-08-09T08:08:11","slug":"tibetisches-tamashii-armband-mit-dunkelrotem-achat","status":"publish","type":"product","link":"https:\/\/www.fabioferro.eu\/de\/tibetisches-tamashii-armband-mit-dunkelrotem-achat.html","title":{"rendered":"Tibetisches Tamashii-Armband mit dunkelrotem Achat"},"content":{"rendered":"<p>Unisex Tamashii Armband aus dunkelrotem Achat Geburtsstein.<\/p>\n<p>Da das Schmuckst\u00fcck aus Natursteinen gefertigt ist, kann es in den Farbt\u00f6nen leicht vom Foto abweichen.<\/p>\n<p>Es sind 12 Kugeln mit einem Durchmesser von 8 mm.<\/p>\n<p>Armband in Standardgr\u00f6\u00dfe, passend f\u00fcr alle Handgelenke.<\/p>\n<p>Produziert in Tibet und gesegnet von buddhistischen M\u00f6nchen.<\/p>\n<p>Rot ist im Buddhismus die Farbe von Ritualen und kraftvollen Handlungen, es ist die Farbe der Leidenschaft, der Kraft und des Sakralen. Das rote Tamashii steht f\u00fcr Kraft, St\u00e4rke, Vitalit\u00e4t, Leidenschaft und weist auf eine weise Person hin.<\/p>\n<p>Neues Produkt in Originalverpackung mit Tamashii-Echtheitsgarantie.<\/p>\n","protected":false},"excerpt":{"rendered":"<p>Tamashii-Armband mit dunkelrotem Achat-Geburtsstein, der Kraft, Vitalit\u00e4t und Leidenschaft ausl\u00f6st.<\/p>\n","protected":false},"featured_media":147952,"comment_status":"open","ping_status":"closed","template":"","meta":[],"product_brand":[199],"product_cat":[6318],"product_tag":[7442],"class_list":{"0":"post-149170","1":"product","2":"type-product","3":"status-publish","4":"has-post-thumbnail","6":"product_brand-tamashii","7":"product_cat-tamashii","8":"product_tag-verfugbar","10":"first","11":"instock","12":"taxable","13":"shipping-taxable","14":"purchasable","15":"product-type-simple"},"exclude_global_add_ons":[],"addons":[],"df_price":42,"df_sale_price":"","df_regular_price":42,"df_image_link":"https:\/\/cdn02.fabioferro.eu\/wp-content\/uploads\/bracciale-tamashii-tibetano-con-agata-rosso-scuro.jpg","_links":{"self":[{"href":"https:\/\/www.fabioferro.eu\/de\/wp-json\/wp\/v2\/product\/149170","targetHints":{"allow":["GET"]}}],"collection":[{"href":"https:\/\/www.fabioferro.eu\/de\/wp-json\/wp\/v2\/product"}],"about":[{"href":"https:\/\/www.fabioferro.eu\/de\/wp-json\/wp\/v2\/types\/product"}],"replies":[{"embeddable":true,"href":"https:\/\/www.fabioferro.eu\/de\/wp-json\/wp\/v2\/comments?post=149170"}],"version-history":[{"count":1,"href":"https:\/\/www.fabioferro.eu\/de\/wp-json\/wp\/v2\/product\/149170\/revisions"}],"predecessor-version":[{"id":193951,"href":"https:\/\/www.fabioferro.eu\/de\/wp-json\/wp\/v2\/product\/149170\/revisions\/193951"}],"wp:featuredmedia":[{"embeddable":true,"href":"https:\/\/www.fabioferro.eu\/de\/wp-json\/wp\/v2\/media\/147952"}],"wp:attachment":[{"href":"https:\/\/www.fabioferro.eu\/de\/wp-json\/wp\/v2\/media?parent=149170"}],"wp:term":[{"taxonomy":"product_brand","embeddable":true,"href":"https:\/\/www.fabioferro.eu\/de\/wp-json\/wp\/v2\/product_brand?post=149170"},{"taxonomy":"product_cat","embeddable":true,"href":"https:\/\/www.fabioferro.eu\/de\/wp-json\/wp\/v2\/product_cat?post=149170"},{"taxonomy":"product_tag","embeddable":true,"href":"https:\/\/www.fabioferro.eu\/de\/wp-json\/wp\/v2\/product_tag?post=149170"}],"curies":[{"name":"wp","href":"https:\/\/api.w.org\/{rel}","templated":true}]}}