{"id":149174,"date":"2024-09-04T19:15:12","date_gmt":"2024-09-04T17:15:12","guid":{"rendered":"https:\/\/www.fabioferro.eu\/tamashii-tibetisches-armband-mit-gruenem-opal.html"},"modified":"2025-08-06T12:58:57","modified_gmt":"2025-08-06T10:58:57","slug":"tamashii-tibetisches-armband-mit-gruenem-opal","status":"publish","type":"product","link":"https:\/\/www.fabioferro.eu\/de\/tamashii-tibetisches-armband-mit-gruenem-opal.html","title":{"rendered":"Tamashii Tibetisches Armband mit gr\u00fcnem Opal"},"content":{"rendered":"<p><span style=\"font-weight: 400;\">Authentisches Unisex Tamashii Armband aus Tibet, hergestellt mit nat\u00fcrlichem gr\u00fcnem Opal.<\/span><\/p>\n<p>Der Opal ist ein ber\u00fchmter Stein mit vielen Farben. Er f\u00f6rdert eine von \u00c4ngsten und Sorgen befreite Ruhe und vermittelt ein Gef\u00fchl der Stille und Gelassenheit. Er lehrt uns, Situationen objektiver zu analysieren und hat eine regenerierende Wirkung. <\/p>\n<p><span style=\"font-weight: 400;\">Schmuck in Einheitsgr\u00f6\u00dfe mit verstellbaren Schlaufen, die sich jedem Handgelenk perfekt anpassen.<\/span><\/p>\n<p><span style=\"font-weight: 400;\">Tamashii-Schmuck, handgefertigt aus nat\u00fcrlichen Steinen und Perlen, kann leichte Farbabweichungen von den Bildern aufweisen.<\/span><\/p>\n<p><span style=\"font-weight: 400;\">Das Armband ist in der Originalverpackung von Tamashii verpackt und wird mit einem Echtheitszertifikat und einer Garantie geliefert.<\/span><\/p>\n","protected":false},"excerpt":{"rendered":"<p>Tamashii-Armband mit gr\u00fcnem Opal-Naturstein, regt die Ruhe an und befreit von \u00c4ngsten und Sorgen.<\/p>\n","protected":false},"featured_media":148256,"comment_status":"open","ping_status":"closed","template":"","meta":[],"product_brand":[199],"product_cat":[6318],"product_tag":[],"class_list":{"0":"post-149174","1":"product","2":"type-product","3":"status-publish","4":"has-post-thumbnail","6":"product_brand-tamashii","7":"product_cat-tamashii","9":"first","10":"instock","11":"taxable","12":"shipping-taxable","13":"purchasable","14":"product-type-simple"},"exclude_global_add_ons":[],"addons":[],"df_price":49,"df_sale_price":"","df_regular_price":49,"df_image_link":"https:\/\/cdn02.fabioferro.eu\/wp-content\/uploads\/bracciale-tamashii-tibetano-opale-verde.jpg","_links":{"self":[{"href":"https:\/\/www.fabioferro.eu\/de\/wp-json\/wp\/v2\/product\/149174","targetHints":{"allow":["GET"]}}],"collection":[{"href":"https:\/\/www.fabioferro.eu\/de\/wp-json\/wp\/v2\/product"}],"about":[{"href":"https:\/\/www.fabioferro.eu\/de\/wp-json\/wp\/v2\/types\/product"}],"replies":[{"embeddable":true,"href":"https:\/\/www.fabioferro.eu\/de\/wp-json\/wp\/v2\/comments?post=149174"}],"version-history":[{"count":1,"href":"https:\/\/www.fabioferro.eu\/de\/wp-json\/wp\/v2\/product\/149174\/revisions"}],"predecessor-version":[{"id":192996,"href":"https:\/\/www.fabioferro.eu\/de\/wp-json\/wp\/v2\/product\/149174\/revisions\/192996"}],"wp:featuredmedia":[{"embeddable":true,"href":"https:\/\/www.fabioferro.eu\/de\/wp-json\/wp\/v2\/media\/148256"}],"wp:attachment":[{"href":"https:\/\/www.fabioferro.eu\/de\/wp-json\/wp\/v2\/media?parent=149174"}],"wp:term":[{"taxonomy":"product_brand","embeddable":true,"href":"https:\/\/www.fabioferro.eu\/de\/wp-json\/wp\/v2\/product_brand?post=149174"},{"taxonomy":"product_cat","embeddable":true,"href":"https:\/\/www.fabioferro.eu\/de\/wp-json\/wp\/v2\/product_cat?post=149174"},{"taxonomy":"product_tag","embeddable":true,"href":"https:\/\/www.fabioferro.eu\/de\/wp-json\/wp\/v2\/product_tag?post=149174"}],"curies":[{"name":"wp","href":"https:\/\/api.w.org\/{rel}","templated":true}]}}