{"id":149177,"date":"2024-09-04T19:15:19","date_gmt":"2024-09-04T17:15:19","guid":{"rendered":"https:\/\/www.fabioferro.eu\/tibetisches-tamashii-armband-mit-orangefarbener-jade.html"},"modified":"2025-08-09T10:08:13","modified_gmt":"2025-08-09T08:08:13","slug":"tibetisches-tamashii-armband-mit-orangefarbener-jade","status":"publish","type":"product","link":"https:\/\/www.fabioferro.eu\/de\/tibetisches-tamashii-armband-mit-orangefarbener-jade.html","title":{"rendered":"Tibetisches Tamashii Armband mit orangefarbener Jade"},"content":{"rendered":"<p>Original Tamashii Unisex-Armband aus orangefarbenem Jade-Naturstein.<\/p>\n<p>Jade gilt seit Jahrtausenden als Gl\u00fccksbringer, und es wurden Amulette aus ihr hergestellt. In der \u00f6stlichen Kultur wird die Farbe Orange mit Eigenschaften in Verbindung gebracht, die die geistige Konzentration f\u00f6rdern und die Losl\u00f6sung von weltlichen Leidenschaften erleichtern. <\/p>\n<p>Handgefertigt in Tibet und gesegnet von buddhistischen M\u00f6nchen.<\/p>\n<p class=\"p1\">Gesamtl\u00e4nge des Armbands 24,00 cm, kann aber bis zu 18,00 cm getragen werden, Einheitsgr\u00f6\u00dfe.<\/p>\n<p class=\"p1\">Das Armband wird in der Originalverpackung von Tamashii geliefert, begleitet von einer Echtheits- und Garantieerkl\u00e4rung.<\/p>\n","protected":false},"excerpt":{"rendered":"<p>Tamashii-Armband mit orangefarbener Jade, ein kleiner Gl\u00fccksbringer.<\/p>\n","protected":false},"featured_media":147945,"comment_status":"open","ping_status":"closed","template":"","meta":[],"product_brand":[199],"product_cat":[6318],"product_tag":[7442],"class_list":{"0":"post-149177","1":"product","2":"type-product","3":"status-publish","4":"has-post-thumbnail","6":"product_brand-tamashii","7":"product_cat-tamashii","8":"product_tag-verfugbar","10":"first","11":"instock","12":"taxable","13":"shipping-taxable","14":"purchasable","15":"product-type-simple"},"exclude_global_add_ons":[],"addons":[],"df_price":42,"df_sale_price":"","df_regular_price":42,"df_image_link":"https:\/\/cdn02.fabioferro.eu\/wp-content\/uploads\/bracciale-tamashii-tibetano-con-giada-arancione.jpg","_links":{"self":[{"href":"https:\/\/www.fabioferro.eu\/de\/wp-json\/wp\/v2\/product\/149177","targetHints":{"allow":["GET"]}}],"collection":[{"href":"https:\/\/www.fabioferro.eu\/de\/wp-json\/wp\/v2\/product"}],"about":[{"href":"https:\/\/www.fabioferro.eu\/de\/wp-json\/wp\/v2\/types\/product"}],"replies":[{"embeddable":true,"href":"https:\/\/www.fabioferro.eu\/de\/wp-json\/wp\/v2\/comments?post=149177"}],"version-history":[{"count":1,"href":"https:\/\/www.fabioferro.eu\/de\/wp-json\/wp\/v2\/product\/149177\/revisions"}],"predecessor-version":[{"id":193954,"href":"https:\/\/www.fabioferro.eu\/de\/wp-json\/wp\/v2\/product\/149177\/revisions\/193954"}],"wp:featuredmedia":[{"embeddable":true,"href":"https:\/\/www.fabioferro.eu\/de\/wp-json\/wp\/v2\/media\/147945"}],"wp:attachment":[{"href":"https:\/\/www.fabioferro.eu\/de\/wp-json\/wp\/v2\/media?parent=149177"}],"wp:term":[{"taxonomy":"product_brand","embeddable":true,"href":"https:\/\/www.fabioferro.eu\/de\/wp-json\/wp\/v2\/product_brand?post=149177"},{"taxonomy":"product_cat","embeddable":true,"href":"https:\/\/www.fabioferro.eu\/de\/wp-json\/wp\/v2\/product_cat?post=149177"},{"taxonomy":"product_tag","embeddable":true,"href":"https:\/\/www.fabioferro.eu\/de\/wp-json\/wp\/v2\/product_tag?post=149177"}],"curies":[{"name":"wp","href":"https:\/\/api.w.org\/{rel}","templated":true}]}}