{"id":149178,"date":"2024-09-04T19:15:10","date_gmt":"2024-09-04T17:15:10","guid":{"rendered":"https:\/\/www.fabioferro.eu\/tamashii-tibetischer-quarz-mosaik-armband.html"},"modified":"2025-05-29T17:18:08","modified_gmt":"2025-05-29T15:18:08","slug":"tamashii-tibetischer-quarz-mosaik-armband","status":"publish","type":"product","link":"https:\/\/www.fabioferro.eu\/de\/tamashii-tibetischer-quarz-mosaik-armband.html","title":{"rendered":"Tamashii Tibetischer Quarz Mosaik-Armband"},"content":{"rendered":"<p><span style=\"font-weight: 400;\">Unisex Tamashii Armband aus nat\u00fcrlichem Quarz-Mosaikstein.<\/span><\/p>\n<p><span style=\"font-weight: 400;\">Bei der Herstellung werden nat\u00fcrliche Steine und Perlen verwendet. Daher kann es zu leichten Farbabweichungen von den abgebildeten Fotos kommen.<\/span><\/p>\n<p>Gemischter Mosaikquarz ist ein nat\u00fcrlicher Harmonisierer. Die Mischung aus Mosaikquarz und Pyritsand sorgt f\u00fcr Ausgeglichenheit, mildert Zust\u00e4nde der Unsicherheit, indem sie st\u00f6renden Energien entgegenwirkt und die Selbstbehauptung f\u00f6rdert, so dass Wohlwollen, Gro\u00dfz\u00fcgigkeit und Freude einflie\u00dfen k\u00f6nnen.<\/p>\n<p><span style=\"font-weight: 400;\">Schmuckst\u00fcck bestehend aus 12 nat\u00fcrlichen Quarzmosaiksteinen mit einem Durchmesser von 8 mm.<\/span><\/p>\n<p><span style=\"font-weight: 400;\">Einheitsgr\u00f6\u00dfe, verstellbar \u00fcber die bereits vorhandenen Schlaufen.<\/span><\/p>\n<p><span style=\"font-weight: 400;\">Wird in der Originalverpackung von Tamashii geliefert und enth\u00e4lt eine Echtheitserkl\u00e4rung und Garantie.<\/span><\/p>\n","protected":false},"excerpt":{"rendered":"<p>Tamashii-Armband mit gemischtem Mosaikquarz, lindert Zust\u00e4nde der Unsicherheit, indem es st\u00f6renden Energien entgegenwirkt.<\/p>\n","protected":false},"featured_media":148248,"comment_status":"open","ping_status":"closed","template":"","meta":[],"product_brand":[199],"product_cat":[6318],"product_tag":[],"class_list":{"0":"post-149178","1":"product","2":"type-product","3":"status-publish","4":"has-post-thumbnail","6":"product_brand-tamashii","7":"product_cat-tamashii","9":"first","10":"instock","11":"taxable","12":"shipping-taxable","13":"purchasable","14":"product-type-simple"},"exclude_global_add_ons":[],"addons":[],"df_price":42,"df_sale_price":"","df_regular_price":42,"df_image_link":"https:\/\/cdn02.fabioferro.eu\/wp-content\/uploads\/bracciale-tamashii-tibetano-quarzo-mosaico-misto.jpg","_links":{"self":[{"href":"https:\/\/www.fabioferro.eu\/de\/wp-json\/wp\/v2\/product\/149178","targetHints":{"allow":["GET"]}}],"collection":[{"href":"https:\/\/www.fabioferro.eu\/de\/wp-json\/wp\/v2\/product"}],"about":[{"href":"https:\/\/www.fabioferro.eu\/de\/wp-json\/wp\/v2\/types\/product"}],"replies":[{"embeddable":true,"href":"https:\/\/www.fabioferro.eu\/de\/wp-json\/wp\/v2\/comments?post=149178"}],"version-history":[{"count":0,"href":"https:\/\/www.fabioferro.eu\/de\/wp-json\/wp\/v2\/product\/149178\/revisions"}],"wp:featuredmedia":[{"embeddable":true,"href":"https:\/\/www.fabioferro.eu\/de\/wp-json\/wp\/v2\/media\/148248"}],"wp:attachment":[{"href":"https:\/\/www.fabioferro.eu\/de\/wp-json\/wp\/v2\/media?parent=149178"}],"wp:term":[{"taxonomy":"product_brand","embeddable":true,"href":"https:\/\/www.fabioferro.eu\/de\/wp-json\/wp\/v2\/product_brand?post=149178"},{"taxonomy":"product_cat","embeddable":true,"href":"https:\/\/www.fabioferro.eu\/de\/wp-json\/wp\/v2\/product_cat?post=149178"},{"taxonomy":"product_tag","embeddable":true,"href":"https:\/\/www.fabioferro.eu\/de\/wp-json\/wp\/v2\/product_tag?post=149178"}],"curies":[{"name":"wp","href":"https:\/\/api.w.org\/{rel}","templated":true}]}}