{"id":149180,"date":"2024-09-04T19:14:59","date_gmt":"2024-09-04T17:14:59","guid":{"rendered":"https:\/\/www.fabioferro.eu\/tamashii-tibetisches-armband-mit-ocean-stone.html"},"modified":"2025-05-29T17:18:12","modified_gmt":"2025-05-29T15:18:12","slug":"tamashii-tibetisches-armband-mit-ocean-stone","status":"publish","type":"product","link":"https:\/\/www.fabioferro.eu\/de\/tamashii-tibetisches-armband-mit-ocean-stone.html","title":{"rendered":"Tamashii Tibetisches Armband mit Ocean Stone"},"content":{"rendered":"<p><span style=\"font-weight: 400;\">Original tibetisches Tamashii Unisex-Armband aus nat\u00fcrlichem Ocean Stone und brauner Kordel<\/span><span style=\"font-weight: 400;\">.<\/span><\/p>\n<p>In der Antike glaubte man, dass besonders farbige Steine die weisen und tief spirituellen \u201eSeelen des Ozeans\u201c verk\u00f6rpern. Auch heute noch ist er ein hochgesch\u00e4tztes Geschenk f\u00fcr jeden, der sich auf einen neuen Lebensweg begibt. <\/p>\n<p><span style=\"font-weight: 400;\">Hergestellt von Handwerkern in Tibet und gesegnet von buddhistischen M\u00f6nchen.<\/span><\/p>\n<p><span style=\"font-weight: 400;\">Eine Gr\u00f6\u00dfe f\u00fcr alle Handgelenke.<\/span><\/p>\n<p><span style=\"font-weight: 400;\">Das Armband wird in der Originalverpackung von Tamashii geliefert, die eine Echtheitserkl\u00e4rung und eine Garantie enth\u00e4lt.<\/span><\/p>\n","protected":false},"excerpt":{"rendered":"<p>Ein Tamashii-Armband, das Sie jedem schenken k\u00f6nnen, der sich auf einen neuen Lebensweg begibt.<\/p>\n","protected":false},"featured_media":148223,"comment_status":"open","ping_status":"closed","template":"","meta":[],"product_brand":[199],"product_cat":[6318],"product_tag":[],"class_list":{"0":"post-149180","1":"product","2":"type-product","3":"status-publish","4":"has-post-thumbnail","6":"product_brand-tamashii","7":"product_cat-tamashii","9":"first","10":"instock","11":"taxable","12":"shipping-taxable","13":"purchasable","14":"product-type-simple"},"exclude_global_add_ons":[],"addons":[],"df_price":42,"df_sale_price":"","df_regular_price":42,"df_image_link":"https:\/\/cdn02.fabioferro.eu\/wp-content\/uploads\/bracciale-tamashii-tibetano-con-ocean-stone.jpg","_links":{"self":[{"href":"https:\/\/www.fabioferro.eu\/de\/wp-json\/wp\/v2\/product\/149180","targetHints":{"allow":["GET"]}}],"collection":[{"href":"https:\/\/www.fabioferro.eu\/de\/wp-json\/wp\/v2\/product"}],"about":[{"href":"https:\/\/www.fabioferro.eu\/de\/wp-json\/wp\/v2\/types\/product"}],"replies":[{"embeddable":true,"href":"https:\/\/www.fabioferro.eu\/de\/wp-json\/wp\/v2\/comments?post=149180"}],"version-history":[{"count":0,"href":"https:\/\/www.fabioferro.eu\/de\/wp-json\/wp\/v2\/product\/149180\/revisions"}],"wp:featuredmedia":[{"embeddable":true,"href":"https:\/\/www.fabioferro.eu\/de\/wp-json\/wp\/v2\/media\/148223"}],"wp:attachment":[{"href":"https:\/\/www.fabioferro.eu\/de\/wp-json\/wp\/v2\/media?parent=149180"}],"wp:term":[{"taxonomy":"product_brand","embeddable":true,"href":"https:\/\/www.fabioferro.eu\/de\/wp-json\/wp\/v2\/product_brand?post=149180"},{"taxonomy":"product_cat","embeddable":true,"href":"https:\/\/www.fabioferro.eu\/de\/wp-json\/wp\/v2\/product_cat?post=149180"},{"taxonomy":"product_tag","embeddable":true,"href":"https:\/\/www.fabioferro.eu\/de\/wp-json\/wp\/v2\/product_tag?post=149180"}],"curies":[{"name":"wp","href":"https:\/\/api.w.org\/{rel}","templated":true}]}}