{"id":149183,"date":"2024-09-04T19:15:08","date_gmt":"2024-09-04T17:15:08","guid":{"rendered":"https:\/\/www.fabioferro.eu\/tamashii-tibetischer-roter-jaspis-armband.html"},"modified":"2025-05-29T17:18:08","modified_gmt":"2025-05-29T15:18:08","slug":"tamashii-tibetischer-roter-jaspis-armband","status":"publish","type":"product","link":"https:\/\/www.fabioferro.eu\/de\/tamashii-tibetischer-roter-jaspis-armband.html","title":{"rendered":"Tamashii Tibetischer Roter Jaspis Armband"},"content":{"rendered":"<p><span style=\"font-weight: 400;\">Da Tamashii Produkte aus nat\u00fcrlichen Steinen und Perlen handgefertigt werden, kann es zu leichten Farbabweichungen von den Bildern kommen.<\/span><\/p>\n<p><span style=\"font-weight: 400;\">Originales Unisex-Tamashii-Armband aus Tibet mit rot gestreiftem Jaspis.  <\/span><\/p>\n<p><span style=\"font-weight: 400;\">Rot gestreifter Jaspis ist ein Stein von rot\/ockerfarbener Farbe mit charakteristischen Streifen. Er regt die Initiative an, f\u00f6rdert Aktion und Mut und st\u00e4rkt die Ehrlichkeit, indem er eine zuversichtliche Haltung vermittelt. <\/span><\/p>\n<p><span style=\"font-weight: 400;\">Die Gesamtl\u00e4nge des Armbands betr\u00e4gt 24 cm, aber es ist verstellbar, so dass es bequem bis zu 18 cm getragen werden kann, eine Universalgr\u00f6\u00dfe.<\/span><\/p>\n<p><span style=\"font-weight: 400;\">Hergestellt in Tibet und gesegnet von buddhistischen M\u00f6nchen.<\/span><\/p>\n<p><span style=\"font-weight: 400;\">Wird in der Originalverpackung von Tamashii geliefert, komplett mit Echtheitserkl\u00e4rung und Garantie.<\/span><\/p>\n","protected":false},"excerpt":{"rendered":"<p>Tamashii-Armband mit nat\u00fcrlichem rotem Jaspisstein, f\u00f6rdert Aktion und Mut.<\/p>\n","protected":false},"featured_media":148236,"comment_status":"open","ping_status":"closed","template":"","meta":[],"product_brand":[199],"product_cat":[6318],"product_tag":[],"class_list":{"0":"post-149183","1":"product","2":"type-product","3":"status-publish","4":"has-post-thumbnail","6":"product_brand-tamashii","7":"product_cat-tamashii","9":"first","10":"instock","11":"taxable","12":"shipping-taxable","13":"purchasable","14":"product-type-simple"},"exclude_global_add_ons":[],"addons":[],"df_price":42,"df_sale_price":"","df_regular_price":42,"df_image_link":"https:\/\/cdn02.fabioferro.eu\/wp-content\/uploads\/bracciale-tamashii-tibetano-diaspro-rosso-striato.jpg","_links":{"self":[{"href":"https:\/\/www.fabioferro.eu\/de\/wp-json\/wp\/v2\/product\/149183","targetHints":{"allow":["GET"]}}],"collection":[{"href":"https:\/\/www.fabioferro.eu\/de\/wp-json\/wp\/v2\/product"}],"about":[{"href":"https:\/\/www.fabioferro.eu\/de\/wp-json\/wp\/v2\/types\/product"}],"replies":[{"embeddable":true,"href":"https:\/\/www.fabioferro.eu\/de\/wp-json\/wp\/v2\/comments?post=149183"}],"version-history":[{"count":0,"href":"https:\/\/www.fabioferro.eu\/de\/wp-json\/wp\/v2\/product\/149183\/revisions"}],"wp:featuredmedia":[{"embeddable":true,"href":"https:\/\/www.fabioferro.eu\/de\/wp-json\/wp\/v2\/media\/148236"}],"wp:attachment":[{"href":"https:\/\/www.fabioferro.eu\/de\/wp-json\/wp\/v2\/media?parent=149183"}],"wp:term":[{"taxonomy":"product_brand","embeddable":true,"href":"https:\/\/www.fabioferro.eu\/de\/wp-json\/wp\/v2\/product_brand?post=149183"},{"taxonomy":"product_cat","embeddable":true,"href":"https:\/\/www.fabioferro.eu\/de\/wp-json\/wp\/v2\/product_cat?post=149183"},{"taxonomy":"product_tag","embeddable":true,"href":"https:\/\/www.fabioferro.eu\/de\/wp-json\/wp\/v2\/product_tag?post=149183"}],"curies":[{"name":"wp","href":"https:\/\/api.w.org\/{rel}","templated":true}]}}