{"id":149186,"date":"2024-09-04T19:15:04","date_gmt":"2024-09-04T17:15:04","guid":{"rendered":"https:\/\/www.fabioferro.eu\/tamashii-tibetischer-grauer-jaspis-armband.html"},"modified":"2025-05-29T17:18:12","modified_gmt":"2025-05-29T15:18:12","slug":"tamashii-tibetischer-grauer-jaspis-armband","status":"publish","type":"product","link":"https:\/\/www.fabioferro.eu\/de\/tamashii-tibetischer-grauer-jaspis-armband.html","title":{"rendered":"Tamashii Tibetischer Grauer Jaspis Armband"},"content":{"rendered":"<p><span style=\"font-weight: 400;\">Unisex Original tibetisches Tamashii-Armband mit grauem gestreiften Jaspis-Naturstein und brauner Kordel.<\/span><\/p>\n<p><span style=\"font-weight: 400;\">Die Gesamtl\u00e4nge des Armbands betr\u00e4gt 24,00 cm, aber es kann bis zu 18,00 cm getragen werden, also eine Gr\u00f6\u00dfe kleiner.<\/span><\/p>\n<p>Gestreifter grauer Jaspis ist ein hellgrauer Stein mit charakteristischen Streifen. Er hilft dabei, Integrit\u00e4t und Ehrlichkeit zu bewahren, auch wenn die Umst\u00e4nde des Lebens uns leider dazu verleiten, einen weniger korrekten Weg einzuschlagen. <\/p>\n<p><span style=\"font-weight: 400;\">Von buddhistischen M\u00f6nchen gesegnet, hergestellt in Tibet.<\/span><\/p>\n<p><span style=\"font-weight: 400;\">Tamashii Produkte sind handgefertigt mit nat\u00fcrlichen Steinen\/Perlen, sie k\u00f6nnen leicht andere Farbt\u00f6ne haben als die Fotos.<\/span><\/p>\n<p><span style=\"font-weight: 400;\">Das Produkt wird in der Originalverpackung von Tamashii geliefert und enth\u00e4lt eine Echtheitserkl\u00e4rung und eine Garantie.<\/span><\/p>\n","protected":false},"excerpt":{"rendered":"<p>Tamashii-Armband mit grauem Jaspis, einem Stein, der bei den alten Chinesen als heilig galt.<\/p>\n","protected":false},"featured_media":148230,"comment_status":"open","ping_status":"closed","template":"","meta":[],"product_brand":[199],"product_cat":[6318],"product_tag":[],"class_list":{"0":"post-149186","1":"product","2":"type-product","3":"status-publish","4":"has-post-thumbnail","6":"product_brand-tamashii","7":"product_cat-tamashii","9":"first","10":"instock","11":"taxable","12":"shipping-taxable","13":"purchasable","14":"product-type-simple"},"exclude_global_add_ons":[],"addons":[],"df_price":42,"df_sale_price":"","df_regular_price":42,"df_image_link":"https:\/\/cdn02.fabioferro.eu\/wp-content\/uploads\/bracciale-tamashii-tibetano-diaspro-grigio-striato.jpg","_links":{"self":[{"href":"https:\/\/www.fabioferro.eu\/de\/wp-json\/wp\/v2\/product\/149186","targetHints":{"allow":["GET"]}}],"collection":[{"href":"https:\/\/www.fabioferro.eu\/de\/wp-json\/wp\/v2\/product"}],"about":[{"href":"https:\/\/www.fabioferro.eu\/de\/wp-json\/wp\/v2\/types\/product"}],"replies":[{"embeddable":true,"href":"https:\/\/www.fabioferro.eu\/de\/wp-json\/wp\/v2\/comments?post=149186"}],"version-history":[{"count":0,"href":"https:\/\/www.fabioferro.eu\/de\/wp-json\/wp\/v2\/product\/149186\/revisions"}],"wp:featuredmedia":[{"embeddable":true,"href":"https:\/\/www.fabioferro.eu\/de\/wp-json\/wp\/v2\/media\/148230"}],"wp:attachment":[{"href":"https:\/\/www.fabioferro.eu\/de\/wp-json\/wp\/v2\/media?parent=149186"}],"wp:term":[{"taxonomy":"product_brand","embeddable":true,"href":"https:\/\/www.fabioferro.eu\/de\/wp-json\/wp\/v2\/product_brand?post=149186"},{"taxonomy":"product_cat","embeddable":true,"href":"https:\/\/www.fabioferro.eu\/de\/wp-json\/wp\/v2\/product_cat?post=149186"},{"taxonomy":"product_tag","embeddable":true,"href":"https:\/\/www.fabioferro.eu\/de\/wp-json\/wp\/v2\/product_tag?post=149186"}],"curies":[{"name":"wp","href":"https:\/\/api.w.org\/{rel}","templated":true}]}}