{"id":149188,"date":"2024-09-04T19:14:54","date_gmt":"2024-09-04T17:14:54","guid":{"rendered":"https:\/\/www.fabioferro.eu\/tamashii-tibetisches-nepal-steinarmband.html"},"modified":"2025-05-29T17:18:13","modified_gmt":"2025-05-29T15:18:13","slug":"tamashii-tibetisches-nepal-steinarmband","status":"publish","type":"product","link":"https:\/\/www.fabioferro.eu\/de\/tamashii-tibetisches-nepal-steinarmband.html","title":{"rendered":"Tamashii Tibetisches Nepal Steinarmband"},"content":{"rendered":"<p><span style=\"font-weight: 400;\">Tamashii-Schmuck, der in Handarbeit mit nat\u00fcrlichen Steinen und Perlen hergestellt wird, kann im Farbton leicht von den gezeigten Bildern abweichen.<\/span><\/p>\n<p><span style=\"font-weight: 400;\">Handgefertigtes Unisex-Armband mit 12 8 mm gro\u00dfen Natursteinkugeln aus Nepal.<\/span><span style=\"font-weight: 400;\"> <\/span><\/p>\n<p>Obwohl er kein besonders \u201ewertvoller\u201c Stein ist, geh\u00f6rt er wahrscheinlich zu den bedeutendsten Steinen der tibetischen Kultur, da er an die Prinzipien von Mutter Erde, Einfachheit und Demut erinnert. Er ist grundlegend und notwendig f\u00fcr jeden materiellen und spirituellen Aufstieg. <\/p>\n<p><span style=\"font-weight: 400;\">Produziert in Tibert und gesegnet von buddhistischen M\u00f6nchen.<\/span><\/p>\n<p>Einheitsgr\u00f6\u00dfe, einstellbare Gr\u00f6\u00dfe.<\/p>\n<p><span style=\"font-weight: 400;\">Geliefert in der Originalverpackung von Tamashii, begleitet von einer Echtheits- und Garantieerkl\u00e4rung.<\/span><\/p>\n","protected":false},"excerpt":{"rendered":"<p>Tamashii-Armband mit Nepalstein, grundlegend und notwendig f\u00fcr jeden materiellen oder spirituellen Aufstieg.<\/p>\n","protected":false},"featured_media":148214,"comment_status":"open","ping_status":"closed","template":"","meta":[],"product_brand":[199],"product_cat":[6318],"product_tag":[],"class_list":{"0":"post-149188","1":"product","2":"type-product","3":"status-publish","4":"has-post-thumbnail","6":"product_brand-tamashii","7":"product_cat-tamashii","9":"first","10":"instock","11":"taxable","12":"shipping-taxable","13":"purchasable","14":"product-type-simple"},"exclude_global_add_ons":[],"addons":[],"df_price":42,"df_sale_price":"","df_regular_price":42,"df_image_link":"https:\/\/cdn02.fabioferro.eu\/wp-content\/uploads\/bracciale-tamashii-tibetano-nepal-stone.jpg","_links":{"self":[{"href":"https:\/\/www.fabioferro.eu\/de\/wp-json\/wp\/v2\/product\/149188","targetHints":{"allow":["GET"]}}],"collection":[{"href":"https:\/\/www.fabioferro.eu\/de\/wp-json\/wp\/v2\/product"}],"about":[{"href":"https:\/\/www.fabioferro.eu\/de\/wp-json\/wp\/v2\/types\/product"}],"replies":[{"embeddable":true,"href":"https:\/\/www.fabioferro.eu\/de\/wp-json\/wp\/v2\/comments?post=149188"}],"version-history":[{"count":0,"href":"https:\/\/www.fabioferro.eu\/de\/wp-json\/wp\/v2\/product\/149188\/revisions"}],"wp:featuredmedia":[{"embeddable":true,"href":"https:\/\/www.fabioferro.eu\/de\/wp-json\/wp\/v2\/media\/148214"}],"wp:attachment":[{"href":"https:\/\/www.fabioferro.eu\/de\/wp-json\/wp\/v2\/media?parent=149188"}],"wp:term":[{"taxonomy":"product_brand","embeddable":true,"href":"https:\/\/www.fabioferro.eu\/de\/wp-json\/wp\/v2\/product_brand?post=149188"},{"taxonomy":"product_cat","embeddable":true,"href":"https:\/\/www.fabioferro.eu\/de\/wp-json\/wp\/v2\/product_cat?post=149188"},{"taxonomy":"product_tag","embeddable":true,"href":"https:\/\/www.fabioferro.eu\/de\/wp-json\/wp\/v2\/product_tag?post=149188"}],"curies":[{"name":"wp","href":"https:\/\/api.w.org\/{rel}","templated":true}]}}