{"id":149190,"date":"2024-09-04T19:14:40","date_gmt":"2024-09-04T17:14:40","guid":{"rendered":"https:\/\/www.fabioferro.eu\/tibetisches-tamashii-armband-mit-astrophyllit.html"},"modified":"2025-06-26T16:21:16","modified_gmt":"2025-06-26T14:21:16","slug":"tibetisches-tamashii-armband-mit-astrophyllit","status":"publish","type":"product","link":"https:\/\/www.fabioferro.eu\/de\/tibetisches-tamashii-armband-mit-astrophyllit.html","title":{"rendered":"Tibetisches Tamashii-Armband mit Astrophyllit"},"content":{"rendered":"<p>Tamashii Armband aus dem Naturstein Astrophyllit.<\/p>\n<p>Dieser Stein erm\u00f6glicht es Ihnen, Ihr Wesen von au\u00dfen zu sehen und hilft Ihnen zu verstehen, was Sie in Ihrem Dasein einschr\u00e4nkt und was Sie beseitigen m\u00fcssen, indem Sie die wahren Bed\u00fcrfnisse des Lebens erkennen.<\/p>\n<p>Hergestellt in Tibet und gesegnet von buddhistischen M\u00f6nchen.<\/p>\n<p>Einheitsgr\u00f6\u00dfe, dank der vorbereiteten Schlaufen an jedes Handgelenk anpassbar.<\/p>\n<p>Handgefertigt mit Natursteinen, kann leichte Farbabweichungen zu den Bildern aufweisen.<\/p>\n<p>Wird in der Originalverpackung von Tamashii geliefert, mit Echtheitszertifikat und Garantie.<\/p>\n","protected":false},"excerpt":{"rendered":"<p>Tamashii-Armband mit Astrophyllit, stimuliert die Inspiration und die Ausdrucksf\u00e4higkeit.<\/p>\n","protected":false},"featured_media":148335,"comment_status":"open","ping_status":"closed","template":"","meta":[],"product_brand":[199],"product_cat":[6318],"product_tag":[],"class_list":{"0":"post-149190","1":"product","2":"type-product","3":"status-publish","4":"has-post-thumbnail","6":"product_brand-tamashii","7":"product_cat-tamashii","9":"first","10":"instock","11":"taxable","12":"shipping-taxable","13":"purchasable","14":"product-type-simple"},"exclude_global_add_ons":[],"addons":[],"df_price":42,"df_sale_price":"","df_regular_price":42,"df_image_link":"https:\/\/cdn02.fabioferro.eu\/wp-content\/uploads\/bracciale-tamashii-tibetano-con-astrophyllite.jpg","_links":{"self":[{"href":"https:\/\/www.fabioferro.eu\/de\/wp-json\/wp\/v2\/product\/149190","targetHints":{"allow":["GET"]}}],"collection":[{"href":"https:\/\/www.fabioferro.eu\/de\/wp-json\/wp\/v2\/product"}],"about":[{"href":"https:\/\/www.fabioferro.eu\/de\/wp-json\/wp\/v2\/types\/product"}],"replies":[{"embeddable":true,"href":"https:\/\/www.fabioferro.eu\/de\/wp-json\/wp\/v2\/comments?post=149190"}],"version-history":[{"count":1,"href":"https:\/\/www.fabioferro.eu\/de\/wp-json\/wp\/v2\/product\/149190\/revisions"}],"predecessor-version":[{"id":186792,"href":"https:\/\/www.fabioferro.eu\/de\/wp-json\/wp\/v2\/product\/149190\/revisions\/186792"}],"wp:featuredmedia":[{"embeddable":true,"href":"https:\/\/www.fabioferro.eu\/de\/wp-json\/wp\/v2\/media\/148335"}],"wp:attachment":[{"href":"https:\/\/www.fabioferro.eu\/de\/wp-json\/wp\/v2\/media?parent=149190"}],"wp:term":[{"taxonomy":"product_brand","embeddable":true,"href":"https:\/\/www.fabioferro.eu\/de\/wp-json\/wp\/v2\/product_brand?post=149190"},{"taxonomy":"product_cat","embeddable":true,"href":"https:\/\/www.fabioferro.eu\/de\/wp-json\/wp\/v2\/product_cat?post=149190"},{"taxonomy":"product_tag","embeddable":true,"href":"https:\/\/www.fabioferro.eu\/de\/wp-json\/wp\/v2\/product_tag?post=149190"}],"curies":[{"name":"wp","href":"https:\/\/api.w.org\/{rel}","templated":true}]}}