{"id":149193,"date":"2024-09-04T19:14:50","date_gmt":"2024-09-04T17:14:50","guid":{"rendered":"https:\/\/www.fabioferro.eu\/tamashii-tibetanisches-rotes-fossil-korallenarmband.html"},"modified":"2025-06-26T16:21:12","modified_gmt":"2025-06-26T14:21:12","slug":"tamashii-tibetanisches-rotes-fossil-korallenarmband","status":"publish","type":"product","link":"https:\/\/www.fabioferro.eu\/de\/tamashii-tibetanisches-rotes-fossil-korallenarmband.html","title":{"rendered":"Tamashii Tibetanisches Rotes Fossil Korallenarmband"},"content":{"rendered":"<p>Authentisches Tamashii Unisex-Armband, hergestellt in Tibet mit dem Naturstein Red Fossil Coral.<\/p>\n<p>Der Stein Red Fossil Coral steht f\u00fcr Ausdrucksst\u00e4rke und Kontaktfreudigkeit und l\u00f6st \u00c4ngste sowie psychische und soziale Spannungen.<\/p>\n<p>Produkt aus Natursteinen, leichte Farbabweichungen zu den Bildern sind m\u00f6glich.<\/p>\n<p>In Tibet hergestellt und von buddhistischen M\u00f6nchen gesegnet.<\/p>\n<p>Armband in Einheitsgr\u00f6\u00dfe, das sich dank der integrierten Schlaufen leicht an jedes Handgelenk anpassen l\u00e4sst.<\/p>\n<p>Wird in der Original Tamashii Box geliefert, inklusive Echtheitszertifikat und Garantie.<\/p>\n","protected":false},"excerpt":{"rendered":"<p>Tamashii Armband aus dem Naturstein Red Fossil Coral.<\/p>\n","protected":false},"featured_media":148347,"comment_status":"open","ping_status":"closed","template":"","meta":[],"product_brand":[199],"product_cat":[6318],"product_tag":[],"class_list":{"0":"post-149193","1":"product","2":"type-product","3":"status-publish","4":"has-post-thumbnail","6":"product_brand-tamashii","7":"product_cat-tamashii","9":"first","10":"instock","11":"taxable","12":"shipping-taxable","13":"purchasable","14":"product-type-simple"},"exclude_global_add_ons":[],"addons":[],"df_price":42,"df_sale_price":"","df_regular_price":42,"df_image_link":"https:\/\/cdn02.fabioferro.eu\/wp-content\/uploads\/bracciale-tamashii-tibetano-red-fossil-coral.jpg","_links":{"self":[{"href":"https:\/\/www.fabioferro.eu\/de\/wp-json\/wp\/v2\/product\/149193","targetHints":{"allow":["GET"]}}],"collection":[{"href":"https:\/\/www.fabioferro.eu\/de\/wp-json\/wp\/v2\/product"}],"about":[{"href":"https:\/\/www.fabioferro.eu\/de\/wp-json\/wp\/v2\/types\/product"}],"replies":[{"embeddable":true,"href":"https:\/\/www.fabioferro.eu\/de\/wp-json\/wp\/v2\/comments?post=149193"}],"version-history":[{"count":1,"href":"https:\/\/www.fabioferro.eu\/de\/wp-json\/wp\/v2\/product\/149193\/revisions"}],"predecessor-version":[{"id":186789,"href":"https:\/\/www.fabioferro.eu\/de\/wp-json\/wp\/v2\/product\/149193\/revisions\/186789"}],"wp:featuredmedia":[{"embeddable":true,"href":"https:\/\/www.fabioferro.eu\/de\/wp-json\/wp\/v2\/media\/148347"}],"wp:attachment":[{"href":"https:\/\/www.fabioferro.eu\/de\/wp-json\/wp\/v2\/media?parent=149193"}],"wp:term":[{"taxonomy":"product_brand","embeddable":true,"href":"https:\/\/www.fabioferro.eu\/de\/wp-json\/wp\/v2\/product_brand?post=149193"},{"taxonomy":"product_cat","embeddable":true,"href":"https:\/\/www.fabioferro.eu\/de\/wp-json\/wp\/v2\/product_cat?post=149193"},{"taxonomy":"product_tag","embeddable":true,"href":"https:\/\/www.fabioferro.eu\/de\/wp-json\/wp\/v2\/product_tag?post=149193"}],"curies":[{"name":"wp","href":"https:\/\/api.w.org\/{rel}","templated":true}]}}