{"id":149195,"date":"2024-09-04T19:14:37","date_gmt":"2024-09-04T17:14:37","guid":{"rendered":"https:\/\/www.fabioferro.eu\/tibetisches-tamashii-armband-mit-mokka-stein.html"},"modified":"2025-06-26T16:21:18","modified_gmt":"2025-06-26T14:21:18","slug":"tibetisches-tamashii-armband-mit-mokka-stein","status":"publish","type":"product","link":"https:\/\/www.fabioferro.eu\/de\/tibetisches-tamashii-armband-mit-mokka-stein.html","title":{"rendered":"Tibetisches Tamashii Armband mit Mokka Stein"},"content":{"rendered":"<p><span style=\"font-weight: 400;\">Tamashii Unisex-Armband, Original aus Tibet, mit nat\u00fcrlichem Mokka-Stein.<\/span><\/p>\n<p>Der Mokka-Stein, ein wei\u00dfer Achat, f\u00f6rdert ein geselliges und freundliches Temperament und sorgt daf\u00fcr, dass die Grenzen zwischen sich und anderen immer klar und deutlich bleiben.<\/p>\n<p><span style=\"font-weight: 400;\">Hergestellt in Tibet und gesegnet von buddhistischen M\u00f6nchen<\/span>.<\/p>\n<p><span style=\"font-weight: 400;\">Einheitsgr\u00f6\u00dfe, die dank der bereits vorhandenen Schlitze an jedes Handgelenk passt.<\/span><\/p>\n<p><span style=\"font-weight: 400;\">Da Tamashii-Schmuck aus nat\u00fcrlichen Materialien handgefertigt wird, kann es zu leichten Farbabweichungen von den Fotos kommen.<\/span><\/p>\n<p><span style=\"font-weight: 400;\">Lieferung in der Originalverpackung von Tamashii, mit Echtheitszertifikat und Garantie.<\/span><\/p>\n","protected":false},"excerpt":{"rendered":"<p>Tamashii Armband mit nat\u00fcrlichem Mocha Stein, f\u00f6rdert ein geselliges und freundliches Temperament.<\/p>\n","protected":false},"featured_media":148327,"comment_status":"open","ping_status":"closed","template":"","meta":[],"product_brand":[199],"product_cat":[6318],"product_tag":[],"class_list":{"0":"post-149195","1":"product","2":"type-product","3":"status-publish","4":"has-post-thumbnail","6":"product_brand-tamashii","7":"product_cat-tamashii","9":"first","10":"instock","11":"taxable","12":"shipping-taxable","13":"purchasable","14":"product-type-simple"},"exclude_global_add_ons":[],"addons":[],"df_price":42,"df_sale_price":"","df_regular_price":42,"df_image_link":"https:\/\/cdn02.fabioferro.eu\/wp-content\/uploads\/bracciale-tamashii-tibetano-con-mocha-stone.jpg","_links":{"self":[{"href":"https:\/\/www.fabioferro.eu\/de\/wp-json\/wp\/v2\/product\/149195","targetHints":{"allow":["GET"]}}],"collection":[{"href":"https:\/\/www.fabioferro.eu\/de\/wp-json\/wp\/v2\/product"}],"about":[{"href":"https:\/\/www.fabioferro.eu\/de\/wp-json\/wp\/v2\/types\/product"}],"replies":[{"embeddable":true,"href":"https:\/\/www.fabioferro.eu\/de\/wp-json\/wp\/v2\/comments?post=149195"}],"version-history":[{"count":1,"href":"https:\/\/www.fabioferro.eu\/de\/wp-json\/wp\/v2\/product\/149195\/revisions"}],"predecessor-version":[{"id":186795,"href":"https:\/\/www.fabioferro.eu\/de\/wp-json\/wp\/v2\/product\/149195\/revisions\/186795"}],"wp:featuredmedia":[{"embeddable":true,"href":"https:\/\/www.fabioferro.eu\/de\/wp-json\/wp\/v2\/media\/148327"}],"wp:attachment":[{"href":"https:\/\/www.fabioferro.eu\/de\/wp-json\/wp\/v2\/media?parent=149195"}],"wp:term":[{"taxonomy":"product_brand","embeddable":true,"href":"https:\/\/www.fabioferro.eu\/de\/wp-json\/wp\/v2\/product_brand?post=149195"},{"taxonomy":"product_cat","embeddable":true,"href":"https:\/\/www.fabioferro.eu\/de\/wp-json\/wp\/v2\/product_cat?post=149195"},{"taxonomy":"product_tag","embeddable":true,"href":"https:\/\/www.fabioferro.eu\/de\/wp-json\/wp\/v2\/product_tag?post=149195"}],"curies":[{"name":"wp","href":"https:\/\/api.w.org\/{rel}","templated":true}]}}