{"id":149198,"date":"2024-09-04T19:14:37","date_gmt":"2024-09-04T17:14:37","guid":{"rendered":"https:\/\/www.fabioferro.eu\/tibetisches-tamashii-armband-mit-kyanit.html"},"modified":"2025-06-26T16:21:18","modified_gmt":"2025-06-26T14:21:18","slug":"tibetisches-tamashii-armband-mit-kyanit","status":"publish","type":"product","link":"https:\/\/www.fabioferro.eu\/de\/tibetisches-tamashii-armband-mit-kyanit.html","title":{"rendered":"Tibetisches Tamashii-Armband mit Kyanit"},"content":{"rendered":"<p><span style=\"font-weight: 400;\">Authentisches Tamashii Unisex-Armband, hergestellt in Tibet aus nat\u00fcrlichem Kyanit.<\/span><\/p>\n<p>Kyanit gilt als Stein der Loyalit\u00e4t und der Klarheit, der eine tiefere und klarere Sicht der Realit\u00e4t jenseits des Scheins f\u00f6rdert und es vermeidet, sich auf vorgefasste Meinungen oder Ideen au\u00dferhalb der eigenen Person zu konzentrieren.<\/p>\n<p>Da es aus Natursteinen und Perlen handgefertigt wird, kann es zu leichten Farbabweichungen von den Abbildungen kommen.<\/p>\n<p><span style=\"font-weight: 400;\">In Tibet hergestellt und von buddhistischen M\u00f6nchen gesegnet<\/span><span style=\"font-weight: 400;\">.<\/span><\/p>\n<p>Armband in Einheitsgr\u00f6\u00dfe, das sich dank der integrierten Schlaufen leicht an jedes Handgelenk anpassen l\u00e4sst.<\/p>\n<p><span style=\"font-weight: 400;\">Wird in der Originalverpackung von Tamashii geliefert, einschlie\u00dflich Echtheitszertifikat und Garantie.<\/span><\/p>\n","protected":false},"excerpt":{"rendered":"<p>Tamashii-Armband mit Kyanit, f\u00f6rdert eine tiefere und klarere Sicht der Realit\u00e4t.<\/p>\n","protected":false},"featured_media":148321,"comment_status":"open","ping_status":"closed","template":"","meta":[],"product_brand":[199],"product_cat":[6318],"product_tag":[7442],"class_list":{"0":"post-149198","1":"product","2":"type-product","3":"status-publish","4":"has-post-thumbnail","6":"product_brand-tamashii","7":"product_cat-tamashii","8":"product_tag-verfugbar","10":"first","11":"instock","12":"taxable","13":"shipping-taxable","14":"purchasable","15":"product-type-simple"},"exclude_global_add_ons":[],"addons":[],"df_price":55,"df_sale_price":"","df_regular_price":55,"df_image_link":"https:\/\/cdn02.fabioferro.eu\/wp-content\/uploads\/bracciale-tamashii-tibetano-con-cianite.jpg","_links":{"self":[{"href":"https:\/\/www.fabioferro.eu\/de\/wp-json\/wp\/v2\/product\/149198","targetHints":{"allow":["GET"]}}],"collection":[{"href":"https:\/\/www.fabioferro.eu\/de\/wp-json\/wp\/v2\/product"}],"about":[{"href":"https:\/\/www.fabioferro.eu\/de\/wp-json\/wp\/v2\/types\/product"}],"replies":[{"embeddable":true,"href":"https:\/\/www.fabioferro.eu\/de\/wp-json\/wp\/v2\/comments?post=149198"}],"version-history":[{"count":1,"href":"https:\/\/www.fabioferro.eu\/de\/wp-json\/wp\/v2\/product\/149198\/revisions"}],"predecessor-version":[{"id":186793,"href":"https:\/\/www.fabioferro.eu\/de\/wp-json\/wp\/v2\/product\/149198\/revisions\/186793"}],"wp:featuredmedia":[{"embeddable":true,"href":"https:\/\/www.fabioferro.eu\/de\/wp-json\/wp\/v2\/media\/148321"}],"wp:attachment":[{"href":"https:\/\/www.fabioferro.eu\/de\/wp-json\/wp\/v2\/media?parent=149198"}],"wp:term":[{"taxonomy":"product_brand","embeddable":true,"href":"https:\/\/www.fabioferro.eu\/de\/wp-json\/wp\/v2\/product_brand?post=149198"},{"taxonomy":"product_cat","embeddable":true,"href":"https:\/\/www.fabioferro.eu\/de\/wp-json\/wp\/v2\/product_cat?post=149198"},{"taxonomy":"product_tag","embeddable":true,"href":"https:\/\/www.fabioferro.eu\/de\/wp-json\/wp\/v2\/product_tag?post=149198"}],"curies":[{"name":"wp","href":"https:\/\/api.w.org\/{rel}","templated":true}]}}