{"id":149257,"date":"2024-09-05T08:23:36","date_gmt":"2024-09-05T06:23:36","guid":{"rendered":"https:\/\/www.fabioferro.eu\/tamashii-tibetanisches-gzi-lebensarmband.html"},"modified":"2025-05-29T17:17:33","modified_gmt":"2025-05-29T15:17:33","slug":"tamashii-tibetanisches-gzi-lebensarmband","status":"publish","type":"product","link":"https:\/\/www.fabioferro.eu\/de\/tamashii-tibetanisches-gzi-lebensarmband.html","title":{"rendered":"Tamashii Tibetanisches Gzi Lebensarmband"},"content":{"rendered":"<p class=\"p1\">Tamashii Armband, hergestellt in Tibet mit Gzi Life Naturstein und brauner Kordel, gesegnet von buddhistischen M\u00f6nchen.<\/p>\n<p class=\"p3\">Das Tamashii Gzi Life f\u00f6rdert das pers\u00f6nliche Wachstum durch Erfahrung und Lehre und spiegelt die Leuchtkraft und das Gleichgewicht unserer Existenz wider. Es hilft, die Lektionen des Lebens zu integrieren und st\u00e4rkt das Bewusstsein und die Widerstandsf\u00e4higkeit. <\/p>\n<p class=\"p3\">Der aus Natursteinen handgefertigte Schmuck von Tamashii kann leichte Farbabweichungen von den Fotos aufweisen.<\/p>\n<p>Die Einheitsgr\u00f6\u00dfe des Armbands ist dank der integrierten Schlaufen einstellbar, so dass es sich an jedes Handgelenk anpassen l\u00e4sst.<\/p>\n<p class=\"p3\">Wird in der Originalverpackung von Tamashii geliefert, mit Echtheitszertifikat und Garantie.<\/p>\n","protected":false},"excerpt":{"rendered":"<p class=\"p1\">Tamashii-Armband mit Gzi-Stein, der Wachstum durch Erfahrungen und Lehren symbolisiert.<\/p>\n","protected":false},"featured_media":149254,"comment_status":"open","ping_status":"closed","template":"","meta":[],"product_brand":[199],"product_cat":[6318],"product_tag":[],"class_list":{"0":"post-149257","1":"product","2":"type-product","3":"status-publish","4":"has-post-thumbnail","6":"product_brand-tamashii","7":"product_cat-tamashii","9":"first","10":"instock","11":"taxable","12":"shipping-taxable","13":"purchasable","14":"product-type-simple"},"exclude_global_add_ons":[],"addons":[],"df_price":42,"df_sale_price":"","df_regular_price":42,"df_image_link":"https:\/\/cdn02.fabioferro.eu\/wp-content\/uploads\/bracciale-tamashii-tibetano-gzi-life.jpg","_links":{"self":[{"href":"https:\/\/www.fabioferro.eu\/de\/wp-json\/wp\/v2\/product\/149257","targetHints":{"allow":["GET"]}}],"collection":[{"href":"https:\/\/www.fabioferro.eu\/de\/wp-json\/wp\/v2\/product"}],"about":[{"href":"https:\/\/www.fabioferro.eu\/de\/wp-json\/wp\/v2\/types\/product"}],"replies":[{"embeddable":true,"href":"https:\/\/www.fabioferro.eu\/de\/wp-json\/wp\/v2\/comments?post=149257"}],"version-history":[{"count":0,"href":"https:\/\/www.fabioferro.eu\/de\/wp-json\/wp\/v2\/product\/149257\/revisions"}],"wp:featuredmedia":[{"embeddable":true,"href":"https:\/\/www.fabioferro.eu\/de\/wp-json\/wp\/v2\/media\/149254"}],"wp:attachment":[{"href":"https:\/\/www.fabioferro.eu\/de\/wp-json\/wp\/v2\/media?parent=149257"}],"wp:term":[{"taxonomy":"product_brand","embeddable":true,"href":"https:\/\/www.fabioferro.eu\/de\/wp-json\/wp\/v2\/product_brand?post=149257"},{"taxonomy":"product_cat","embeddable":true,"href":"https:\/\/www.fabioferro.eu\/de\/wp-json\/wp\/v2\/product_cat?post=149257"},{"taxonomy":"product_tag","embeddable":true,"href":"https:\/\/www.fabioferro.eu\/de\/wp-json\/wp\/v2\/product_tag?post=149257"}],"curies":[{"name":"wp","href":"https:\/\/api.w.org\/{rel}","templated":true}]}}