{"id":149268,"date":"2024-09-05T08:24:12","date_gmt":"2024-09-05T06:24:12","guid":{"rendered":"https:\/\/www.fabioferro.eu\/tamashii-tibetischer-gruener-quarz-armband.html"},"modified":"2025-05-29T17:17:23","modified_gmt":"2025-05-29T15:17:23","slug":"tamashii-tibetischer-gruener-quarz-armband","status":"publish","type":"product","link":"https:\/\/www.fabioferro.eu\/de\/tamashii-tibetischer-gruener-quarz-armband.html","title":{"rendered":"Tamashii Tibetischer Gr\u00fcner Quarz Armband"},"content":{"rendered":"<p class=\"p1\">Tamashii Armband aus nat\u00fcrlichem gr\u00fcnem Quarzstein und brauner Kordel, hergestellt in Tibet und gesegnet von buddhistischen M\u00f6nchen.<\/p>\n<p>Der Tamashii Green Quartz ist perfekt geeignet, um die eigene impulsive Seite zu z\u00fcgeln und hilft, diese gro\u00dfe Energie auf etwas N\u00fctzlicheres zu lenken.<\/p>\n<p class=\"p3\">Die Einheitsgr\u00f6\u00dfe ist \u00fcber die integrierten Schlaufen verstellbar und passt sich jedem Handgelenk an.<\/p>\n<p class=\"p3\">Tamashii-Schmuck, der aus nat\u00fcrlichen Steinen handgefertigt wird, kann leichte Farbabweichungen von den Fotos aufweisen.<\/p>\n<p class=\"p3\">Das Armband wird in der Originalverpackung von Tamashii geliefert, komplett mit Echtheitszertifikat und Garantie.<\/p>\n","protected":false},"excerpt":{"rendered":"<p>Tamashii-Armband mit gr\u00fcnem Quarz, das die impulsive Seite des Menschen z\u00fcgelt.<\/p>\n","protected":false},"featured_media":149205,"comment_status":"open","ping_status":"closed","template":"","meta":[],"product_brand":[199],"product_cat":[6318],"product_tag":[],"class_list":{"0":"post-149268","1":"product","2":"type-product","3":"status-publish","4":"has-post-thumbnail","6":"product_brand-tamashii","7":"product_cat-tamashii","9":"first","10":"instock","11":"taxable","12":"shipping-taxable","13":"purchasable","14":"product-type-simple"},"exclude_global_add_ons":[],"addons":[],"df_price":42,"df_sale_price":"","df_regular_price":42,"df_image_link":"https:\/\/cdn02.fabioferro.eu\/wp-content\/uploads\/bracciale-tamashii-tibetano-green-quartz.jpg","_links":{"self":[{"href":"https:\/\/www.fabioferro.eu\/de\/wp-json\/wp\/v2\/product\/149268","targetHints":{"allow":["GET"]}}],"collection":[{"href":"https:\/\/www.fabioferro.eu\/de\/wp-json\/wp\/v2\/product"}],"about":[{"href":"https:\/\/www.fabioferro.eu\/de\/wp-json\/wp\/v2\/types\/product"}],"replies":[{"embeddable":true,"href":"https:\/\/www.fabioferro.eu\/de\/wp-json\/wp\/v2\/comments?post=149268"}],"version-history":[{"count":0,"href":"https:\/\/www.fabioferro.eu\/de\/wp-json\/wp\/v2\/product\/149268\/revisions"}],"wp:featuredmedia":[{"embeddable":true,"href":"https:\/\/www.fabioferro.eu\/de\/wp-json\/wp\/v2\/media\/149205"}],"wp:attachment":[{"href":"https:\/\/www.fabioferro.eu\/de\/wp-json\/wp\/v2\/media?parent=149268"}],"wp:term":[{"taxonomy":"product_brand","embeddable":true,"href":"https:\/\/www.fabioferro.eu\/de\/wp-json\/wp\/v2\/product_brand?post=149268"},{"taxonomy":"product_cat","embeddable":true,"href":"https:\/\/www.fabioferro.eu\/de\/wp-json\/wp\/v2\/product_cat?post=149268"},{"taxonomy":"product_tag","embeddable":true,"href":"https:\/\/www.fabioferro.eu\/de\/wp-json\/wp\/v2\/product_tag?post=149268"}],"curies":[{"name":"wp","href":"https:\/\/api.w.org\/{rel}","templated":true}]}}