{"id":149274,"date":"2024-09-05T08:24:01","date_gmt":"2024-09-05T06:24:01","guid":{"rendered":"https:\/\/www.fabioferro.eu\/tamashii-tibetisches-prehnit-armband.html"},"modified":"2025-05-29T17:17:35","modified_gmt":"2025-05-29T15:17:35","slug":"tamashii-tibetisches-prehnit-armband","status":"publish","type":"product","link":"https:\/\/www.fabioferro.eu\/de\/tamashii-tibetisches-prehnit-armband.html","title":{"rendered":"Tamashii Tibetisches Prehnit-Armband"},"content":{"rendered":"<p class=\"p1\">Tamashii Armband, hergestellt in Tibet mit nat\u00fcrlichem Prehnit Stein und brauner Kordel, gesegnet von buddhistischen M\u00f6nchen.<\/p>\n<p>Tamashii Prehnit macht den Menschen f\u00e4hig, selbst die unbequemsten Wahrheiten zu akzeptieren und st\u00e4rkt so seine Pers\u00f6nlichkeit. Er f\u00f6rdert den analytischen Geist und die schnelle Verarbeitung von Ideen und macht den Menschen aufnahmef\u00e4higer und aufmerksamer. <\/p>\n<p class=\"p3\">Die Einheitsgr\u00f6\u00dfe ist dank der integrierten Schlaufen verstellbar und passt sich so jedem Handgelenk perfekt an.<\/p>\n<p class=\"p3\">Der aus nat\u00fcrlichen Steinen handgefertigte Schmuck von Tamashii kann leichte Farbunterschiede zu den Fotos aufweisen.<\/p>\n<p class=\"p3\">Das Armband wird in der Originalverpackung von Tamashii geliefert, einschlie\u00dflich Echtheitszertifikat und Garantie.<\/p>\n","protected":false},"excerpt":{"rendered":"<p>Tamashii-Armband mit Prehnit, f\u00f6rdert den analytischen Geist und die schnelle Verarbeitung von Ideen.<\/p>\n","protected":false},"featured_media":149232,"comment_status":"open","ping_status":"closed","template":"","meta":[],"product_brand":[199],"product_cat":[6318],"product_tag":[],"class_list":{"0":"post-149274","1":"product","2":"type-product","3":"status-publish","4":"has-post-thumbnail","6":"product_brand-tamashii","7":"product_cat-tamashii","9":"first","10":"instock","11":"taxable","12":"shipping-taxable","13":"purchasable","14":"product-type-simple"},"exclude_global_add_ons":[],"addons":[],"df_price":42,"df_sale_price":"","df_regular_price":42,"df_image_link":"https:\/\/cdn02.fabioferro.eu\/wp-content\/uploads\/bracciale-tamashii-tibetano-prehnite.jpg","_links":{"self":[{"href":"https:\/\/www.fabioferro.eu\/de\/wp-json\/wp\/v2\/product\/149274","targetHints":{"allow":["GET"]}}],"collection":[{"href":"https:\/\/www.fabioferro.eu\/de\/wp-json\/wp\/v2\/product"}],"about":[{"href":"https:\/\/www.fabioferro.eu\/de\/wp-json\/wp\/v2\/types\/product"}],"replies":[{"embeddable":true,"href":"https:\/\/www.fabioferro.eu\/de\/wp-json\/wp\/v2\/comments?post=149274"}],"version-history":[{"count":0,"href":"https:\/\/www.fabioferro.eu\/de\/wp-json\/wp\/v2\/product\/149274\/revisions"}],"wp:featuredmedia":[{"embeddable":true,"href":"https:\/\/www.fabioferro.eu\/de\/wp-json\/wp\/v2\/media\/149232"}],"wp:attachment":[{"href":"https:\/\/www.fabioferro.eu\/de\/wp-json\/wp\/v2\/media?parent=149274"}],"wp:term":[{"taxonomy":"product_brand","embeddable":true,"href":"https:\/\/www.fabioferro.eu\/de\/wp-json\/wp\/v2\/product_brand?post=149274"},{"taxonomy":"product_cat","embeddable":true,"href":"https:\/\/www.fabioferro.eu\/de\/wp-json\/wp\/v2\/product_cat?post=149274"},{"taxonomy":"product_tag","embeddable":true,"href":"https:\/\/www.fabioferro.eu\/de\/wp-json\/wp\/v2\/product_tag?post=149274"}],"curies":[{"name":"wp","href":"https:\/\/api.w.org\/{rel}","templated":true}]}}