{"id":149278,"date":"2024-09-05T08:23:55","date_gmt":"2024-09-05T06:23:55","guid":{"rendered":"https:\/\/www.fabioferro.eu\/tamashii-tibetischer-gruener-drache-armband.html"},"modified":"2025-05-29T17:17:34","modified_gmt":"2025-05-29T15:17:34","slug":"tamashii-tibetischer-gruener-drache-armband","status":"publish","type":"product","link":"https:\/\/www.fabioferro.eu\/de\/tamashii-tibetischer-gruener-drache-armband.html","title":{"rendered":"Tamashii Tibetischer Gr\u00fcner Drache Armband"},"content":{"rendered":"<p class=\"p1\">Tamashii-Armband aus gr\u00fcnem Drachen-Geburtsstein und brauner Kordel.<\/p>\n<p>Der Tamashii Gr\u00fcne Drache st\u00e4rkt Rechtschaffenheit und Ehrlichkeit, gibt Mut, unliebsame Aufgaben anzugehen. Er f\u00f6rdert Ausdauer und Beharrlichkeit. <\/p>\n<p class=\"p1\">Produziert in Tibet und gesegnet von buddhistischen M\u00f6nchen.<\/p>\n<p class=\"p3\">Das Armband hat eine Einheitsgr\u00f6\u00dfe und ist dank der integrierten Schlaufen leicht verstellbar.<\/p>\n<p class=\"p3\">Handgefertigt aus Natursteinen, kann es leichte Farbabweichungen im Vergleich zu den Bildern geben.<\/p>\n<p class=\"p3\">Geliefert in der Original Tamashii Box, inklusive Echtheitszertifikat und Garantie.<\/p>\n","protected":false},"excerpt":{"rendered":"<p>Tamashii-Armband mit gr\u00fcnem Drachenstein, f\u00f6rdert Ausdauer und Beharrlichkeit.<\/p>\n","protected":false},"featured_media":149247,"comment_status":"open","ping_status":"closed","template":"","meta":[],"product_brand":[199],"product_cat":[6318],"product_tag":[],"class_list":{"0":"post-149278","1":"product","2":"type-product","3":"status-publish","4":"has-post-thumbnail","6":"product_brand-tamashii","7":"product_cat-tamashii","9":"first","10":"instock","11":"taxable","12":"shipping-taxable","13":"purchasable","14":"product-type-simple"},"exclude_global_add_ons":[],"addons":[],"df_price":42,"df_sale_price":"","df_regular_price":42,"df_image_link":"https:\/\/cdn02.fabioferro.eu\/wp-content\/uploads\/bracciale-tamashii-tibetano-green-dragon.jpg","_links":{"self":[{"href":"https:\/\/www.fabioferro.eu\/de\/wp-json\/wp\/v2\/product\/149278","targetHints":{"allow":["GET"]}}],"collection":[{"href":"https:\/\/www.fabioferro.eu\/de\/wp-json\/wp\/v2\/product"}],"about":[{"href":"https:\/\/www.fabioferro.eu\/de\/wp-json\/wp\/v2\/types\/product"}],"replies":[{"embeddable":true,"href":"https:\/\/www.fabioferro.eu\/de\/wp-json\/wp\/v2\/comments?post=149278"}],"version-history":[{"count":0,"href":"https:\/\/www.fabioferro.eu\/de\/wp-json\/wp\/v2\/product\/149278\/revisions"}],"wp:featuredmedia":[{"embeddable":true,"href":"https:\/\/www.fabioferro.eu\/de\/wp-json\/wp\/v2\/media\/149247"}],"wp:attachment":[{"href":"https:\/\/www.fabioferro.eu\/de\/wp-json\/wp\/v2\/media?parent=149278"}],"wp:term":[{"taxonomy":"product_brand","embeddable":true,"href":"https:\/\/www.fabioferro.eu\/de\/wp-json\/wp\/v2\/product_brand?post=149278"},{"taxonomy":"product_cat","embeddable":true,"href":"https:\/\/www.fabioferro.eu\/de\/wp-json\/wp\/v2\/product_cat?post=149278"},{"taxonomy":"product_tag","embeddable":true,"href":"https:\/\/www.fabioferro.eu\/de\/wp-json\/wp\/v2\/product_tag?post=149278"}],"curies":[{"name":"wp","href":"https:\/\/api.w.org\/{rel}","templated":true}]}}