{"id":149484,"date":"2024-09-06T09:09:39","date_gmt":"2024-09-06T07:09:39","guid":{"rendered":"https:\/\/www.fabioferro.eu\/tamashii-tibetan-orange-lace-achat-armband.html"},"modified":"2025-08-09T10:06:54","modified_gmt":"2025-08-09T08:06:54","slug":"tamashii-tibetan-orange-lace-achat-armband","status":"publish","type":"product","link":"https:\/\/www.fabioferro.eu\/de\/tamashii-tibetan-orange-lace-achat-armband.html","title":{"rendered":"Tamashii Tibetan Orange Lace Achat Armband"},"content":{"rendered":"<p class=\"p1\">Tamashii-Armband aus Tibet mit New Orange Lace Achat Geburtsstein und brauner Kordel, gesegnet von buddhistischen M\u00f6nchen.<\/p>\n<p>Der Tamashii New Orange Lace Achat steht f\u00fcr Idealismus, soziale Kompetenz und Pragmatismus. Er macht den Tr\u00e4ger stabil und ausgeglichen und erm\u00f6glicht es ihm, sein Leben objektiv zu sehen und so eine echte Bewertung vorzunehmen. <\/p>\n<p class=\"p3\">Einheitsgr\u00f6\u00dfe mit verstellbarer Gr\u00f6\u00dfe dank integrierter Schlaufen, anpassbar an jedes Handgelenk.<\/p>\n<p class=\"p3\">Der aus Natursteinen handgefertigte Schmuck von Tamashii kann leichte Farbabweichungen von den gezeigten Bildern aufweisen.<\/p>\n<p class=\"p3\">Das Armband ist in der Originalverpackung von Tamashii verpackt und enth\u00e4lt ein Echtheitszertifikat und eine Garantie.<\/p>\n","protected":false},"excerpt":{"rendered":"<p>Tamashii-Armband, das hilft, Idealismus und Pragmatismus zu vermitteln.<\/p>\n","protected":false},"featured_media":149419,"comment_status":"open","ping_status":"closed","template":"","meta":[],"product_brand":[],"product_cat":[6318],"product_tag":[],"class_list":{"0":"post-149484","1":"product","2":"type-product","3":"status-publish","4":"has-post-thumbnail","6":"product_cat-tamashii","8":"first","9":"instock","10":"taxable","11":"shipping-taxable","12":"purchasable","13":"product-type-simple"},"exclude_global_add_ons":[],"addons":[],"df_price":42,"df_sale_price":"","df_regular_price":42,"df_image_link":"https:\/\/cdn02.fabioferro.eu\/wp-content\/uploads\/bracciale-tamashii-tibetano-orange-lace-agate.jpg","_links":{"self":[{"href":"https:\/\/www.fabioferro.eu\/de\/wp-json\/wp\/v2\/product\/149484","targetHints":{"allow":["GET"]}}],"collection":[{"href":"https:\/\/www.fabioferro.eu\/de\/wp-json\/wp\/v2\/product"}],"about":[{"href":"https:\/\/www.fabioferro.eu\/de\/wp-json\/wp\/v2\/types\/product"}],"replies":[{"embeddable":true,"href":"https:\/\/www.fabioferro.eu\/de\/wp-json\/wp\/v2\/comments?post=149484"}],"version-history":[{"count":1,"href":"https:\/\/www.fabioferro.eu\/de\/wp-json\/wp\/v2\/product\/149484\/revisions"}],"predecessor-version":[{"id":193927,"href":"https:\/\/www.fabioferro.eu\/de\/wp-json\/wp\/v2\/product\/149484\/revisions\/193927"}],"wp:featuredmedia":[{"embeddable":true,"href":"https:\/\/www.fabioferro.eu\/de\/wp-json\/wp\/v2\/media\/149419"}],"wp:attachment":[{"href":"https:\/\/www.fabioferro.eu\/de\/wp-json\/wp\/v2\/media?parent=149484"}],"wp:term":[{"taxonomy":"product_brand","embeddable":true,"href":"https:\/\/www.fabioferro.eu\/de\/wp-json\/wp\/v2\/product_brand?post=149484"},{"taxonomy":"product_cat","embeddable":true,"href":"https:\/\/www.fabioferro.eu\/de\/wp-json\/wp\/v2\/product_cat?post=149484"},{"taxonomy":"product_tag","embeddable":true,"href":"https:\/\/www.fabioferro.eu\/de\/wp-json\/wp\/v2\/product_tag?post=149484"}],"curies":[{"name":"wp","href":"https:\/\/api.w.org\/{rel}","templated":true}]}}