{"id":149486,"date":"2024-09-06T09:09:37","date_gmt":"2024-09-06T07:09:37","guid":{"rendered":"https:\/\/www.fabioferro.eu\/tamashii-tibetan-yellow-dream-stone-armband.html"},"modified":"2025-08-09T10:06:51","modified_gmt":"2025-08-09T08:06:51","slug":"tamashii-tibetan-yellow-dream-stone-armband","status":"publish","type":"product","link":"https:\/\/www.fabioferro.eu\/de\/tamashii-tibetan-yellow-dream-stone-armband.html","title":{"rendered":"Tamashii Tibetan Yellow Dream Stone Armband"},"content":{"rendered":"<p class=\"p1\">Tamashii Armband, handgefertigt in Tibet mit nat\u00fcrlichem Yellow Dream Stone und brauner Kordel, gesegnet von buddhistischen M\u00f6nchen.<\/p>\n<p class=\"p3\">Einheitsgr\u00f6\u00dfe mit Schlaufen, die einen perfekten Sitz an jedem Handgelenk erm\u00f6glichen.<\/p>\n<p class=\"p3\">Der Tamashii Yellow Dream Stone ist ein gelber polychromer Quarz mit lilafarbenen Nuancen. Diese Farben werden mit Erdung, Demut und Verantwortung (gelb), Reflexion, spirituellem Wachstum und Bewusstsein (lila) in Verbindung gebracht.<\/p>\n<p class=\"p3\">Das Armband wird in der Originalverpackung von Tamashii geliefert, komplett mit Echtheitszertifikat und Garantie.<\/p>\n<p>Tamashii-Schmuck, der aus nat\u00fcrlichen Steinen handgefertigt wurde, kann leichte Farbabweichungen von den gezeigten Bildern aufweisen.<\/p>\n","protected":false},"excerpt":{"rendered":"<p>Das Tamashii-Armband hilft bei der Reflexion und dem spirituellen Wachstum.<\/p>\n","protected":false},"featured_media":149435,"comment_status":"open","ping_status":"closed","template":"","meta":[],"product_brand":[],"product_cat":[6318],"product_tag":[7442],"class_list":{"0":"post-149486","1":"product","2":"type-product","3":"status-publish","4":"has-post-thumbnail","6":"product_cat-tamashii","7":"product_tag-verfugbar","9":"first","10":"instock","11":"taxable","12":"shipping-taxable","13":"purchasable","14":"product-type-simple"},"exclude_global_add_ons":[],"addons":[],"df_price":42,"df_sale_price":"","df_regular_price":42,"df_image_link":"https:\/\/cdn02.fabioferro.eu\/wp-content\/uploads\/bracciale-tamashii-tibetano-yellow-dream-stone.jpg","_links":{"self":[{"href":"https:\/\/www.fabioferro.eu\/de\/wp-json\/wp\/v2\/product\/149486","targetHints":{"allow":["GET"]}}],"collection":[{"href":"https:\/\/www.fabioferro.eu\/de\/wp-json\/wp\/v2\/product"}],"about":[{"href":"https:\/\/www.fabioferro.eu\/de\/wp-json\/wp\/v2\/types\/product"}],"replies":[{"embeddable":true,"href":"https:\/\/www.fabioferro.eu\/de\/wp-json\/wp\/v2\/comments?post=149486"}],"version-history":[{"count":1,"href":"https:\/\/www.fabioferro.eu\/de\/wp-json\/wp\/v2\/product\/149486\/revisions"}],"predecessor-version":[{"id":193924,"href":"https:\/\/www.fabioferro.eu\/de\/wp-json\/wp\/v2\/product\/149486\/revisions\/193924"}],"wp:featuredmedia":[{"embeddable":true,"href":"https:\/\/www.fabioferro.eu\/de\/wp-json\/wp\/v2\/media\/149435"}],"wp:attachment":[{"href":"https:\/\/www.fabioferro.eu\/de\/wp-json\/wp\/v2\/media?parent=149486"}],"wp:term":[{"taxonomy":"product_brand","embeddable":true,"href":"https:\/\/www.fabioferro.eu\/de\/wp-json\/wp\/v2\/product_brand?post=149486"},{"taxonomy":"product_cat","embeddable":true,"href":"https:\/\/www.fabioferro.eu\/de\/wp-json\/wp\/v2\/product_cat?post=149486"},{"taxonomy":"product_tag","embeddable":true,"href":"https:\/\/www.fabioferro.eu\/de\/wp-json\/wp\/v2\/product_tag?post=149486"}],"curies":[{"name":"wp","href":"https:\/\/api.w.org\/{rel}","templated":true}]}}