{"id":149489,"date":"2024-09-06T09:09:35","date_gmt":"2024-09-06T07:09:35","guid":{"rendered":"https:\/\/www.fabioferro.eu\/tamashii-tibetanisches-lila-traumstein-armband.html"},"modified":"2025-05-29T17:17:15","modified_gmt":"2025-05-29T15:17:15","slug":"tamashii-tibetanisches-lila-traumstein-armband","status":"publish","type":"product","link":"https:\/\/www.fabioferro.eu\/de\/tamashii-tibetanisches-lila-traumstein-armband.html","title":{"rendered":"Tamashii Tibetanisches Lila Traumstein-Armband"},"content":{"rendered":"<p class=\"p1\">Tamashii-Armband, hergestellt in Tibet mit nat\u00fcrlichem Purple Dream Stone und brauner Kordel, gesegnet von buddhistischen M\u00f6nchen.<\/p>\n<p>Da die Tamashii-Schmuckst\u00fccke aus Natursteinen handgefertigt sind, k\u00f6nnen die Farbt\u00f6ne leicht von den Fotos abweichen.<\/p>\n<p>Der Tamashii Purple Dream Stone ist ein violetter polychromer Quarz mit gr\u00fcnen Reflexen. Diese Farben werden mit Reflexion und Introspektion (violett), Gleichgewicht und Ruhe (gr\u00fcn) assoziiert.<\/p>\n<p class=\"p3\">Einheitsgr\u00f6\u00dfe, verstellbar dank integrierter Schlaufen f\u00fcr einen perfekten Sitz an jedem Handgelenk.<\/p>\n<p class=\"p3\">Das Armband wird in der Originalverpackung von Tamashii geliefert, inklusive Echtheitserkl\u00e4rung und Garantie.<\/p>\n","protected":false},"excerpt":{"rendered":"<p>Tamashii-Armband mit Farben, die mit Reflexion und Introspektion assoziiert werden.<\/p>\n","protected":false},"featured_media":149442,"comment_status":"open","ping_status":"closed","template":"","meta":[],"product_brand":[199],"product_cat":[6318],"product_tag":[7442],"class_list":{"0":"post-149489","1":"product","2":"type-product","3":"status-publish","4":"has-post-thumbnail","6":"product_brand-tamashii","7":"product_cat-tamashii","8":"product_tag-verfugbar","10":"first","11":"instock","12":"taxable","13":"shipping-taxable","14":"purchasable","15":"product-type-simple"},"exclude_global_add_ons":[],"addons":[],"df_price":42,"df_sale_price":"","df_regular_price":42,"df_image_link":"https:\/\/cdn02.fabioferro.eu\/wp-content\/uploads\/bracciale-tamashii-tibetano-purple-dream-stone.jpg","_links":{"self":[{"href":"https:\/\/www.fabioferro.eu\/de\/wp-json\/wp\/v2\/product\/149489","targetHints":{"allow":["GET"]}}],"collection":[{"href":"https:\/\/www.fabioferro.eu\/de\/wp-json\/wp\/v2\/product"}],"about":[{"href":"https:\/\/www.fabioferro.eu\/de\/wp-json\/wp\/v2\/types\/product"}],"replies":[{"embeddable":true,"href":"https:\/\/www.fabioferro.eu\/de\/wp-json\/wp\/v2\/comments?post=149489"}],"version-history":[{"count":0,"href":"https:\/\/www.fabioferro.eu\/de\/wp-json\/wp\/v2\/product\/149489\/revisions"}],"wp:featuredmedia":[{"embeddable":true,"href":"https:\/\/www.fabioferro.eu\/de\/wp-json\/wp\/v2\/media\/149442"}],"wp:attachment":[{"href":"https:\/\/www.fabioferro.eu\/de\/wp-json\/wp\/v2\/media?parent=149489"}],"wp:term":[{"taxonomy":"product_brand","embeddable":true,"href":"https:\/\/www.fabioferro.eu\/de\/wp-json\/wp\/v2\/product_brand?post=149489"},{"taxonomy":"product_cat","embeddable":true,"href":"https:\/\/www.fabioferro.eu\/de\/wp-json\/wp\/v2\/product_cat?post=149489"},{"taxonomy":"product_tag","embeddable":true,"href":"https:\/\/www.fabioferro.eu\/de\/wp-json\/wp\/v2\/product_tag?post=149489"}],"curies":[{"name":"wp","href":"https:\/\/api.w.org\/{rel}","templated":true}]}}