{"id":149492,"date":"2024-09-06T09:09:34","date_gmt":"2024-09-06T07:09:34","guid":{"rendered":"https:\/\/www.fabioferro.eu\/tamashii-tibetische-orchidee-chalzedon-armband.html"},"modified":"2025-05-29T17:17:16","modified_gmt":"2025-05-29T15:17:16","slug":"tamashii-tibetische-orchidee-chalzedon-armband","status":"publish","type":"product","link":"https:\/\/www.fabioferro.eu\/de\/tamashii-tibetische-orchidee-chalzedon-armband.html","title":{"rendered":"Tamashii Tibetische Orchidee Chalzedon-Armband"},"content":{"rendered":"<p class=\"p1\">Tamashii Armband mit nat\u00fcrlichem Orchid Chalcedon Stein und brauner Kordel, handgefertigt in Tibet und gesegnet von buddhistischen M\u00f6nchen.<\/p>\n<p>Tamashii-Schmuck, handgefertigt aus Natursteinen, kann leichte Farbabweichungen von den Abbildungen aufweisen.<\/p>\n<p>In dieser Variante repr\u00e4sentiert der Orchid Chalcedon die Elemente Luft und Erde, er gilt als Stein der Redner und steht f\u00fcr die F\u00e4higkeit zu verstehen und die F\u00e4higkeit, verstanden zu werden. Der Tamashii Orchid Chalcedony st\u00e4rkt die Absichten, macht flexibel, aber nicht nachgiebig. <\/p>\n<p class=\"p3\">Das Armband hat eine Einheitsgr\u00f6\u00dfe und kann dank der bereits vorhandenen Schlitze leicht angepasst werden.<\/p>\n<p class=\"p3\">Verpackt in der Originalverpackung von Tamashii, inklusive Echtheitszertifikat und Garantie.<\/p>\n","protected":false},"excerpt":{"rendered":"<p>Tamashii-Armband, das hilft, Vors\u00e4tze zu st\u00e4rken, macht Sie flexibel, aber nicht schlaff.<\/p>\n","protected":false},"featured_media":149449,"comment_status":"open","ping_status":"closed","template":"","meta":[],"product_brand":[199],"product_cat":[6318],"product_tag":[],"class_list":{"0":"post-149492","1":"product","2":"type-product","3":"status-publish","4":"has-post-thumbnail","6":"product_brand-tamashii","7":"product_cat-tamashii","9":"first","10":"instock","11":"taxable","12":"shipping-taxable","13":"purchasable","14":"product-type-simple"},"exclude_global_add_ons":[],"addons":[],"df_price":42,"df_sale_price":"","df_regular_price":42,"df_image_link":"https:\/\/cdn02.fabioferro.eu\/wp-content\/uploads\/bracciale-tamashii-tibetano-orchid-chalcedony.jpg","_links":{"self":[{"href":"https:\/\/www.fabioferro.eu\/de\/wp-json\/wp\/v2\/product\/149492","targetHints":{"allow":["GET"]}}],"collection":[{"href":"https:\/\/www.fabioferro.eu\/de\/wp-json\/wp\/v2\/product"}],"about":[{"href":"https:\/\/www.fabioferro.eu\/de\/wp-json\/wp\/v2\/types\/product"}],"replies":[{"embeddable":true,"href":"https:\/\/www.fabioferro.eu\/de\/wp-json\/wp\/v2\/comments?post=149492"}],"version-history":[{"count":0,"href":"https:\/\/www.fabioferro.eu\/de\/wp-json\/wp\/v2\/product\/149492\/revisions"}],"wp:featuredmedia":[{"embeddable":true,"href":"https:\/\/www.fabioferro.eu\/de\/wp-json\/wp\/v2\/media\/149449"}],"wp:attachment":[{"href":"https:\/\/www.fabioferro.eu\/de\/wp-json\/wp\/v2\/media?parent=149492"}],"wp:term":[{"taxonomy":"product_brand","embeddable":true,"href":"https:\/\/www.fabioferro.eu\/de\/wp-json\/wp\/v2\/product_brand?post=149492"},{"taxonomy":"product_cat","embeddable":true,"href":"https:\/\/www.fabioferro.eu\/de\/wp-json\/wp\/v2\/product_cat?post=149492"},{"taxonomy":"product_tag","embeddable":true,"href":"https:\/\/www.fabioferro.eu\/de\/wp-json\/wp\/v2\/product_tag?post=149492"}],"curies":[{"name":"wp","href":"https:\/\/api.w.org\/{rel}","templated":true}]}}