{"id":149496,"date":"2024-09-06T09:09:30","date_gmt":"2024-09-06T07:09:30","guid":{"rendered":"https:\/\/www.fabioferro.eu\/tamashii-tibetanisches-rosa-aobao-armband.html"},"modified":"2025-05-29T17:17:20","modified_gmt":"2025-05-29T15:17:20","slug":"tamashii-tibetanisches-rosa-aobao-armband","status":"publish","type":"product","link":"https:\/\/www.fabioferro.eu\/de\/tamashii-tibetanisches-rosa-aobao-armband.html","title":{"rendered":"Tamashii Tibetanisches Rosa Aobao-Armband"},"content":{"rendered":"<p class=\"p1\">Tamashii Armband, hergestellt in Tibet mit rosa Opal Naturstein.<\/p>\n<p>Der Tamashii in Pink Opal unterst\u00fctzt den pers\u00f6nlichen Prozess der Reinigung vergangener Wunden, vertreibt alte Ressentiments und Groll, bringt Gl\u00fcck und sogar eine spielerische Ver\u00e4nderung. Er f\u00f6rdert den Geist der Br\u00fcderlichkeit und den Wunsch, mit anderen im Dienste einer h\u00f6heren Sache zusammenzuarbeiten; der Geist ist altruistisch, freundlich und gro\u00dfz\u00fcgig. <\/p>\n<p>Von buddhistischen M\u00f6nchen gesegnet.<\/p>\n<p class=\"p3\">Die Einheitsgr\u00f6\u00dfe passt dank der integrierten verstellbaren Schlaufen f\u00fcr alle Handgelenke.<\/p>\n<p class=\"p3\">Der aus Natursteinen handgefertigte Schmuck von Tamashii kann leichte Farbabweichungen von den Abbildungen aufweisen.<\/p>\n<p class=\"p3\">Wird in der Originalverpackung von Tamashii geliefert und enth\u00e4lt eine Echtheitserkl\u00e4rung und Garantie.<\/p>\n","protected":false},"excerpt":{"rendered":"<p>Tamashii-Armband, f\u00f6rdert den Geist der Br\u00fcderlichkeit und den Wunsch, mit anderen zusammenzuarbeiten.<\/p>\n","protected":false},"featured_media":149456,"comment_status":"open","ping_status":"closed","template":"","meta":[],"product_brand":[199],"product_cat":[6318],"product_tag":[7442],"class_list":{"0":"post-149496","1":"product","2":"type-product","3":"status-publish","4":"has-post-thumbnail","6":"product_brand-tamashii","7":"product_cat-tamashii","8":"product_tag-verfugbar","10":"first","11":"instock","12":"taxable","13":"shipping-taxable","14":"purchasable","15":"product-type-simple"},"exclude_global_add_ons":[],"addons":[],"df_price":42,"df_sale_price":"","df_regular_price":42,"df_image_link":"https:\/\/cdn02.fabioferro.eu\/wp-content\/uploads\/bracciale-tamashii-tibetano-pink-aobao.jpg","_links":{"self":[{"href":"https:\/\/www.fabioferro.eu\/de\/wp-json\/wp\/v2\/product\/149496","targetHints":{"allow":["GET"]}}],"collection":[{"href":"https:\/\/www.fabioferro.eu\/de\/wp-json\/wp\/v2\/product"}],"about":[{"href":"https:\/\/www.fabioferro.eu\/de\/wp-json\/wp\/v2\/types\/product"}],"replies":[{"embeddable":true,"href":"https:\/\/www.fabioferro.eu\/de\/wp-json\/wp\/v2\/comments?post=149496"}],"version-history":[{"count":0,"href":"https:\/\/www.fabioferro.eu\/de\/wp-json\/wp\/v2\/product\/149496\/revisions"}],"wp:featuredmedia":[{"embeddable":true,"href":"https:\/\/www.fabioferro.eu\/de\/wp-json\/wp\/v2\/media\/149456"}],"wp:attachment":[{"href":"https:\/\/www.fabioferro.eu\/de\/wp-json\/wp\/v2\/media?parent=149496"}],"wp:term":[{"taxonomy":"product_brand","embeddable":true,"href":"https:\/\/www.fabioferro.eu\/de\/wp-json\/wp\/v2\/product_brand?post=149496"},{"taxonomy":"product_cat","embeddable":true,"href":"https:\/\/www.fabioferro.eu\/de\/wp-json\/wp\/v2\/product_cat?post=149496"},{"taxonomy":"product_tag","embeddable":true,"href":"https:\/\/www.fabioferro.eu\/de\/wp-json\/wp\/v2\/product_tag?post=149496"}],"curies":[{"name":"wp","href":"https:\/\/api.w.org\/{rel}","templated":true}]}}