{"id":150213,"date":"2024-09-10T12:21:44","date_gmt":"2024-09-10T10:21:44","guid":{"rendered":"https:\/\/www.fabioferro.eu\/tamashii-tibetan-red-network-stone-armband.html"},"modified":"2025-05-29T17:17:07","modified_gmt":"2025-05-29T15:17:07","slug":"tamashii-tibetan-red-network-stone-armband","status":"publish","type":"product","link":"https:\/\/www.fabioferro.eu\/de\/tamashii-tibetan-red-network-stone-armband.html","title":{"rendered":"Tamashii Tibetan Red Network Stone Armband"},"content":{"rendered":"<p class=\"p1\">Unisex Tamashii-Armband, authentisch aus Tibet und aus nat\u00fcrlichem Red Network Stein gefertigt.<\/p>\n<p>Der Red Network Stein ist ein \u00e4u\u00dferst n\u00e4hrender Stein, der bei Stress Unterst\u00fctzung bietet und dem Geist Frieden bringt. Er ist bekannt f\u00fcr seine Eigenschaften der Entspannung, des Mitgef\u00fchls und der Ruhe. <\/p>\n<p>Von buddhistischen M\u00f6nchen gesegnet.<\/p>\n<p class=\"p3\">Handgefertigt aus Natursteinen, kann es zu leichten Farbabweichungen von den gezeigten Bildern kommen.<\/p>\n<p class=\"p3\">Das Armband in Einheitsgr\u00f6\u00dfe ist \u00fcber die integrierten Schlaufen verstellbar und passt sich so jedem Handgelenk an.<\/p>\n<p class=\"p3\">Wird in der Originalverpackung von Tamashii geliefert, inklusive Echtheitszertifikat und Garantie.<\/p>\n","protected":false},"excerpt":{"rendered":"<p>Tamashii Armband, bietet Unterst\u00fctzung bei Stress und bringt Ruhe.<\/p>\n","protected":false},"featured_media":150136,"comment_status":"open","ping_status":"closed","template":"","meta":[],"product_brand":[199],"product_cat":[6318],"product_tag":[7442],"class_list":{"0":"post-150213","1":"product","2":"type-product","3":"status-publish","4":"has-post-thumbnail","6":"product_brand-tamashii","7":"product_cat-tamashii","8":"product_tag-verfugbar","10":"first","11":"instock","12":"taxable","13":"shipping-taxable","14":"purchasable","15":"product-type-simple"},"exclude_global_add_ons":[],"addons":[],"df_price":42,"df_sale_price":"","df_regular_price":42,"df_image_link":"https:\/\/cdn02.fabioferro.eu\/wp-content\/uploads\/bracciale-tamashii-tibetano-red-network-stone.jpg","_links":{"self":[{"href":"https:\/\/www.fabioferro.eu\/de\/wp-json\/wp\/v2\/product\/150213","targetHints":{"allow":["GET"]}}],"collection":[{"href":"https:\/\/www.fabioferro.eu\/de\/wp-json\/wp\/v2\/product"}],"about":[{"href":"https:\/\/www.fabioferro.eu\/de\/wp-json\/wp\/v2\/types\/product"}],"replies":[{"embeddable":true,"href":"https:\/\/www.fabioferro.eu\/de\/wp-json\/wp\/v2\/comments?post=150213"}],"version-history":[{"count":0,"href":"https:\/\/www.fabioferro.eu\/de\/wp-json\/wp\/v2\/product\/150213\/revisions"}],"wp:featuredmedia":[{"embeddable":true,"href":"https:\/\/www.fabioferro.eu\/de\/wp-json\/wp\/v2\/media\/150136"}],"wp:attachment":[{"href":"https:\/\/www.fabioferro.eu\/de\/wp-json\/wp\/v2\/media?parent=150213"}],"wp:term":[{"taxonomy":"product_brand","embeddable":true,"href":"https:\/\/www.fabioferro.eu\/de\/wp-json\/wp\/v2\/product_brand?post=150213"},{"taxonomy":"product_cat","embeddable":true,"href":"https:\/\/www.fabioferro.eu\/de\/wp-json\/wp\/v2\/product_cat?post=150213"},{"taxonomy":"product_tag","embeddable":true,"href":"https:\/\/www.fabioferro.eu\/de\/wp-json\/wp\/v2\/product_tag?post=150213"}],"curies":[{"name":"wp","href":"https:\/\/api.w.org\/{rel}","templated":true}]}}