{"id":150215,"date":"2024-09-09T21:41:19","date_gmt":"2024-09-09T19:41:19","guid":{"rendered":"https:\/\/www.fabioferro.eu\/tamashii-tibetischer-calcit-blau-armband.html"},"modified":"2025-05-29T17:17:11","modified_gmt":"2025-05-29T15:17:11","slug":"tamashii-tibetischer-calcit-blau-armband","status":"publish","type":"product","link":"https:\/\/www.fabioferro.eu\/de\/tamashii-tibetischer-calcit-blau-armband.html","title":{"rendered":"Tamashii Tibetischer Calcit Blau Armband"},"content":{"rendered":"<p class=\"p1\">Unisex Tamashii Armband, aus blauem Calcit Naturstein, authentisch aus Tibet und von buddhistischen M\u00f6nchen gesegnet.<\/p>\n<p>Es verleiht ein Gef\u00fchl von Stabilit\u00e4t, Selbstvertrauen und Festigkeit. Er wirkt der Tr\u00e4gheit entgegen und hilft dem Betreffenden, Situationen zu bew\u00e4ltigen und zu \u00fcberwinden. <\/p>\n<p class=\"p3\">Da das Armband aus nat\u00fcrlichen Steinen hergestellt wurde, kann es zu leichten Farbabweichungen im Vergleich zu den Fotos kommen.<\/p>\n<p class=\"p3\">Die Einheitsgr\u00f6\u00dfe ist dank der integrierten Schlaufen verstellbar und passt bequem an jedes Handgelenk.<\/p>\n<p class=\"p3\">Pr\u00e4sentiert in der Originalverpackung von Tamashii, inklusive Echtheitszertifikat und Garantie.<\/p>\n","protected":false},"excerpt":{"rendered":"<p>Tamashii-Armband, gibt Selbstvertrauen und Festigkeit.<\/p>\n","protected":false},"featured_media":150129,"comment_status":"open","ping_status":"closed","template":"","meta":[],"product_brand":[199],"product_cat":[6318],"product_tag":[],"class_list":{"0":"post-150215","1":"product","2":"type-product","3":"status-publish","4":"has-post-thumbnail","6":"product_brand-tamashii","7":"product_cat-tamashii","9":"first","10":"instock","11":"taxable","12":"shipping-taxable","13":"purchasable","14":"product-type-simple"},"exclude_global_add_ons":[],"addons":[],"df_price":42,"df_sale_price":"","df_regular_price":42,"df_image_link":"https:\/\/cdn02.fabioferro.eu\/wp-content\/uploads\/bracciale-tamashii-tibetano-calcite-blue.jpg","_links":{"self":[{"href":"https:\/\/www.fabioferro.eu\/de\/wp-json\/wp\/v2\/product\/150215","targetHints":{"allow":["GET"]}}],"collection":[{"href":"https:\/\/www.fabioferro.eu\/de\/wp-json\/wp\/v2\/product"}],"about":[{"href":"https:\/\/www.fabioferro.eu\/de\/wp-json\/wp\/v2\/types\/product"}],"replies":[{"embeddable":true,"href":"https:\/\/www.fabioferro.eu\/de\/wp-json\/wp\/v2\/comments?post=150215"}],"version-history":[{"count":0,"href":"https:\/\/www.fabioferro.eu\/de\/wp-json\/wp\/v2\/product\/150215\/revisions"}],"wp:featuredmedia":[{"embeddable":true,"href":"https:\/\/www.fabioferro.eu\/de\/wp-json\/wp\/v2\/media\/150129"}],"wp:attachment":[{"href":"https:\/\/www.fabioferro.eu\/de\/wp-json\/wp\/v2\/media?parent=150215"}],"wp:term":[{"taxonomy":"product_brand","embeddable":true,"href":"https:\/\/www.fabioferro.eu\/de\/wp-json\/wp\/v2\/product_brand?post=150215"},{"taxonomy":"product_cat","embeddable":true,"href":"https:\/\/www.fabioferro.eu\/de\/wp-json\/wp\/v2\/product_cat?post=150215"},{"taxonomy":"product_tag","embeddable":true,"href":"https:\/\/www.fabioferro.eu\/de\/wp-json\/wp\/v2\/product_tag?post=150215"}],"curies":[{"name":"wp","href":"https:\/\/api.w.org\/{rel}","templated":true}]}}