{"id":150216,"date":"2024-09-10T12:23:03","date_gmt":"2024-09-10T10:23:03","guid":{"rendered":"https:\/\/www.fabioferro.eu\/tamashii-tibetan-deep-yellow-aobao-armband.html"},"modified":"2025-05-29T17:16:56","modified_gmt":"2025-05-29T15:16:56","slug":"tamashii-tibetan-deep-yellow-aobao-armband","status":"publish","type":"product","link":"https:\/\/www.fabioferro.eu\/de\/tamashii-tibetan-deep-yellow-aobao-armband.html","title":{"rendered":"Tamashii Tibetan Deep Yellow Aobao Armband"},"content":{"rendered":"<p class=\"p1\">Unisex Tamashii-Armband, authentisch aus Tibet, aus tiefgelbem Aobao-Naturstein und brauner Kordel.<\/p>\n<p>Das Tamashii Deep yellow aobao hilft, Emotionen auszudr\u00fccken, indem es negative Emotionen losl\u00e4sst, es beruhigt die Seele. Er ermutigt dazu, mit neuen Augen zu sehen und die sch\u00f6nen Dinge des Lebens zu sch\u00e4tzen. <\/p>\n<p class=\"p3\">Handgefertigt aus Natursteinen, kann es leichte Farbabweichungen von den Bildern geben.<\/p>\n<p class=\"p3\">Von buddhistischen M\u00f6nchen gesegnet, eine Eigenschaft, die den Schmuck von Tamashii einzigartig macht.<\/p>\n<p class=\"p3\">Eine Einheitsgr\u00f6\u00dfe, das Armband passt dank der integrierten Schlaufen an jedes Handgelenk.<\/p>\n<p class=\"p3\">Wird in der Originalverpackung von Tamashii geliefert, inklusive Echtheitszertifikat und Garantie.<\/p>\n","protected":false},"excerpt":{"rendered":"<p>Tamashii Armband, hilft Ihnen, Emotionen auszudr\u00fccken, indem es Ihnen erlaubt, negative Gef\u00fchle loszuwerden.<\/p>\n","protected":false},"featured_media":150066,"comment_status":"open","ping_status":"closed","template":"","meta":[],"product_brand":[199],"product_cat":[6318],"product_tag":[],"class_list":{"0":"post-150216","1":"product","2":"type-product","3":"status-publish","4":"has-post-thumbnail","6":"product_brand-tamashii","7":"product_cat-tamashii","9":"first","10":"instock","11":"taxable","12":"shipping-taxable","13":"purchasable","14":"product-type-simple"},"exclude_global_add_ons":[],"addons":[],"df_price":42,"df_sale_price":"","df_regular_price":42,"df_image_link":"https:\/\/cdn02.fabioferro.eu\/wp-content\/uploads\/bracciale-tamashii-tibetano-deep-yellow-aobao.jpg","_links":{"self":[{"href":"https:\/\/www.fabioferro.eu\/de\/wp-json\/wp\/v2\/product\/150216","targetHints":{"allow":["GET"]}}],"collection":[{"href":"https:\/\/www.fabioferro.eu\/de\/wp-json\/wp\/v2\/product"}],"about":[{"href":"https:\/\/www.fabioferro.eu\/de\/wp-json\/wp\/v2\/types\/product"}],"replies":[{"embeddable":true,"href":"https:\/\/www.fabioferro.eu\/de\/wp-json\/wp\/v2\/comments?post=150216"}],"version-history":[{"count":0,"href":"https:\/\/www.fabioferro.eu\/de\/wp-json\/wp\/v2\/product\/150216\/revisions"}],"wp:featuredmedia":[{"embeddable":true,"href":"https:\/\/www.fabioferro.eu\/de\/wp-json\/wp\/v2\/media\/150066"}],"wp:attachment":[{"href":"https:\/\/www.fabioferro.eu\/de\/wp-json\/wp\/v2\/media?parent=150216"}],"wp:term":[{"taxonomy":"product_brand","embeddable":true,"href":"https:\/\/www.fabioferro.eu\/de\/wp-json\/wp\/v2\/product_brand?post=150216"},{"taxonomy":"product_cat","embeddable":true,"href":"https:\/\/www.fabioferro.eu\/de\/wp-json\/wp\/v2\/product_cat?post=150216"},{"taxonomy":"product_tag","embeddable":true,"href":"https:\/\/www.fabioferro.eu\/de\/wp-json\/wp\/v2\/product_tag?post=150216"}],"curies":[{"name":"wp","href":"https:\/\/api.w.org\/{rel}","templated":true}]}}