{"id":150217,"date":"2024-09-10T12:23:09","date_gmt":"2024-09-10T10:23:09","guid":{"rendered":"https:\/\/www.fabioferro.eu\/tamashii-tibetanisches-larimar-armband.html"},"modified":"2025-05-29T17:16:50","modified_gmt":"2025-05-29T15:16:50","slug":"tamashii-tibetanisches-larimar-armband","status":"publish","type":"product","link":"https:\/\/www.fabioferro.eu\/de\/tamashii-tibetanisches-larimar-armband.html","title":{"rendered":"Tamashii Tibetanisches Larimar-Armband"},"content":{"rendered":"<p class=\"p1\">Unisex Tamashii-Armband aus Larimar-Naturstein.<\/p>\n<p>Larimar-Steine helfen dabei, Eindr\u00fccke neu zu ordnen, dr\u00e4ngen dazu, die Z\u00fcgel des eigenen Lebens in die Hand zu nehmen und wirken der Tendenz zur Opferrolle entgegen. Sie helfen, \u00fcberm\u00e4\u00dfige Emotionalit\u00e4t zu \u00fcberwinden, indem sie innere Ruhe und Kontrolle vermitteln. <\/p>\n<p class=\"p3\">Da es aus Natursteinen hergestellt wurde, kann es im Vergleich zu den Abbildungen leichte Abweichungen im Farbton aufweisen.<\/p>\n<p class=\"p3\">Ein Schmuckst\u00fcck in Einheitsgr\u00f6\u00dfe, das sich dank der integrierten \u00d6sen problemlos an jedes Handgelenk anpassen l\u00e4sst.<\/p>\n<p class=\"p3\">Wird in der Originalverpackung von Tamashii geliefert, einschlie\u00dflich Echtheitszertifikat und Garantie.<\/p>\n","protected":false},"excerpt":{"rendered":"<p>Tamashii-Armband mit Larimar, fordert Sie auf, die Z\u00fcgel Ihres Lebens selbst in die Hand zu nehmen.<\/p>\n","protected":false},"featured_media":150087,"comment_status":"open","ping_status":"closed","template":"","meta":[],"product_brand":[199],"product_cat":[6318],"product_tag":[],"class_list":{"0":"post-150217","1":"product","2":"type-product","3":"status-publish","4":"has-post-thumbnail","6":"product_brand-tamashii","7":"product_cat-tamashii","9":"first","10":"instock","11":"taxable","12":"shipping-taxable","13":"purchasable","14":"product-type-simple"},"exclude_global_add_ons":[],"addons":[],"df_price":55,"df_sale_price":"","df_regular_price":55,"df_image_link":"https:\/\/cdn02.fabioferro.eu\/wp-content\/uploads\/bracciale-tamashii-tibetano-larimar.jpg","_links":{"self":[{"href":"https:\/\/www.fabioferro.eu\/de\/wp-json\/wp\/v2\/product\/150217","targetHints":{"allow":["GET"]}}],"collection":[{"href":"https:\/\/www.fabioferro.eu\/de\/wp-json\/wp\/v2\/product"}],"about":[{"href":"https:\/\/www.fabioferro.eu\/de\/wp-json\/wp\/v2\/types\/product"}],"replies":[{"embeddable":true,"href":"https:\/\/www.fabioferro.eu\/de\/wp-json\/wp\/v2\/comments?post=150217"}],"version-history":[{"count":0,"href":"https:\/\/www.fabioferro.eu\/de\/wp-json\/wp\/v2\/product\/150217\/revisions"}],"wp:featuredmedia":[{"embeddable":true,"href":"https:\/\/www.fabioferro.eu\/de\/wp-json\/wp\/v2\/media\/150087"}],"wp:attachment":[{"href":"https:\/\/www.fabioferro.eu\/de\/wp-json\/wp\/v2\/media?parent=150217"}],"wp:term":[{"taxonomy":"product_brand","embeddable":true,"href":"https:\/\/www.fabioferro.eu\/de\/wp-json\/wp\/v2\/product_brand?post=150217"},{"taxonomy":"product_cat","embeddable":true,"href":"https:\/\/www.fabioferro.eu\/de\/wp-json\/wp\/v2\/product_cat?post=150217"},{"taxonomy":"product_tag","embeddable":true,"href":"https:\/\/www.fabioferro.eu\/de\/wp-json\/wp\/v2\/product_tag?post=150217"}],"curies":[{"name":"wp","href":"https:\/\/api.w.org\/{rel}","templated":true}]}}