{"id":150223,"date":"2024-09-10T12:23:04","date_gmt":"2024-09-10T10:23:04","guid":{"rendered":"https:\/\/www.fabioferro.eu\/tamashii-tibetisches-gzi-erde-armband.html"},"modified":"2025-05-29T17:17:01","modified_gmt":"2025-05-29T15:17:01","slug":"tamashii-tibetisches-gzi-erde-armband","status":"publish","type":"product","link":"https:\/\/www.fabioferro.eu\/de\/tamashii-tibetisches-gzi-erde-armband.html","title":{"rendered":"Tamashii Tibetisches Gzi Erde Armband"},"content":{"rendered":"<p class=\"p1\">Unisex Tamashii Armband, hergestellt aus nat\u00fcrlichem Achat.<\/p>\n<p>Die Gzi-Steine dr\u00fccken uralte und sehr kraftvolle Konzepte aus. Der Tamashii Gzi Earth steht f\u00fcr ein Gef\u00fchl von Demut, Wesentlichkeit und Erdverbundenheit und f\u00f6rdert die Losl\u00f6sung von den Konditionierungen der Au\u00dfenwelt.<\/p>\n<p class=\"p3\">Da es aus Natursteinen hergestellt wird, kann es leichte Farbabweichungen im Vergleich zu den Fotos aufweisen.<\/p>\n<p class=\"p3\">Eine der Besonderheiten des Tamashii-Schmucks ist die Segnung durch buddhistische M\u00f6nche.<\/p>\n<p class=\"p3\">Das Armband in Einheitsgr\u00f6\u00dfe passt sich dank der vorhandenen Schlaufen leicht an jedes Handgelenk an.<\/p>\n<p class=\"p3\">Wird in der Originalverpackung von Tamashii geliefert, inklusive Echtheitszertifikat und Garantie.<\/p>\n","protected":false},"excerpt":{"rendered":"<p>Tamashii-Armband mit Gzi-Steinen, die uralte und sehr kraftvolle Konzepte ausdr\u00fccken.<\/p>\n","protected":false},"featured_media":150073,"comment_status":"open","ping_status":"closed","template":"","meta":[],"product_brand":[199],"product_cat":[6318],"product_tag":[],"class_list":{"0":"post-150223","1":"product","2":"type-product","3":"status-publish","4":"has-post-thumbnail","6":"product_brand-tamashii","7":"product_cat-tamashii","9":"first","10":"instock","11":"taxable","12":"shipping-taxable","13":"purchasable","14":"product-type-simple"},"exclude_global_add_ons":[],"addons":[],"df_price":42,"df_sale_price":"","df_regular_price":42,"df_image_link":"https:\/\/cdn02.fabioferro.eu\/wp-content\/uploads\/bracciale-tamashii-tibetano-gzi-earth.jpg","_links":{"self":[{"href":"https:\/\/www.fabioferro.eu\/de\/wp-json\/wp\/v2\/product\/150223","targetHints":{"allow":["GET"]}}],"collection":[{"href":"https:\/\/www.fabioferro.eu\/de\/wp-json\/wp\/v2\/product"}],"about":[{"href":"https:\/\/www.fabioferro.eu\/de\/wp-json\/wp\/v2\/types\/product"}],"replies":[{"embeddable":true,"href":"https:\/\/www.fabioferro.eu\/de\/wp-json\/wp\/v2\/comments?post=150223"}],"version-history":[{"count":0,"href":"https:\/\/www.fabioferro.eu\/de\/wp-json\/wp\/v2\/product\/150223\/revisions"}],"wp:featuredmedia":[{"embeddable":true,"href":"https:\/\/www.fabioferro.eu\/de\/wp-json\/wp\/v2\/media\/150073"}],"wp:attachment":[{"href":"https:\/\/www.fabioferro.eu\/de\/wp-json\/wp\/v2\/media?parent=150223"}],"wp:term":[{"taxonomy":"product_brand","embeddable":true,"href":"https:\/\/www.fabioferro.eu\/de\/wp-json\/wp\/v2\/product_brand?post=150223"},{"taxonomy":"product_cat","embeddable":true,"href":"https:\/\/www.fabioferro.eu\/de\/wp-json\/wp\/v2\/product_cat?post=150223"},{"taxonomy":"product_tag","embeddable":true,"href":"https:\/\/www.fabioferro.eu\/de\/wp-json\/wp\/v2\/product_tag?post=150223"}],"curies":[{"name":"wp","href":"https:\/\/api.w.org\/{rel}","templated":true}]}}