{"id":150229,"date":"2024-09-10T12:23:24","date_gmt":"2024-09-10T10:23:24","guid":{"rendered":"https:\/\/www.fabioferro.eu\/tamashii-tibetanisches-gzi-natur-armband.html"},"modified":"2025-05-02T17:24:37","modified_gmt":"2025-05-02T15:24:37","slug":"tamashii-tibetanisches-gzi-natur-armband","status":"publish","type":"product","link":"https:\/\/www.fabioferro.eu\/de\/tamashii-tibetanisches-gzi-natur-armband.html","title":{"rendered":"Tamashii Tibetanisches Gzi Natur-Armband"},"content":{"rendered":"<p class=\"p1\">Authentisches tibetisches Unisex Tamashii Armband aus nat\u00fcrlichem Achatstein.<\/p>\n<p>Gzi-Steine sind in der Regel nat\u00fcrliche Achate, sie dr\u00fccken uralte und sehr kraftvolle Konzepte aus. Der Tamashii Gzi Nature sorgt f\u00fcr Gleichgewicht und Harmonie, er repr\u00e4sentiert die Natur und die Erde.<\/p>\n<p class=\"p1\">Von buddhistischen M\u00f6nchen gesegnet.<\/p>\n<p class=\"p1\">Handgefertigt aus Natursteinen, kann es leichte Farbunterschiede zu den Bildern aufweisen.<\/p>\n<p class=\"p3\">Einheitsgr\u00f6\u00dfe, mit integrierten \u00d6sen f\u00fcr einen perfekten Sitz an jedem Handgelenk.<\/p>\n<p class=\"p3\">Pr\u00e4sentiert in der Originalverpackung von Tamashii, begleitet von einem Echtheitszertifikat und einer Garantie.<\/p>\n","protected":false},"excerpt":{"rendered":"<p>Das Tamashii-Armband mit nat\u00fcrlichem Achat sorgt f\u00fcr Gleichgewicht und Harmonie.<\/p>\n","protected":false},"featured_media":150080,"comment_status":"open","ping_status":"closed","template":"","meta":[],"product_brand":[199],"product_cat":[6318],"product_tag":[],"class_list":{"0":"post-150229","1":"product","2":"type-product","3":"status-publish","4":"has-post-thumbnail","6":"product_brand-tamashii","7":"product_cat-tamashii","9":"first","10":"instock","11":"taxable","12":"shipping-taxable","13":"purchasable","14":"product-type-simple"},"exclude_global_add_ons":[],"addons":[],"df_price":42,"df_sale_price":"","df_regular_price":42,"df_image_link":"https:\/\/cdn02.fabioferro.eu\/wp-content\/uploads\/bracciale-tamashii-tibetano-gzi-nature.jpg","_links":{"self":[{"href":"https:\/\/www.fabioferro.eu\/de\/wp-json\/wp\/v2\/product\/150229","targetHints":{"allow":["GET"]}}],"collection":[{"href":"https:\/\/www.fabioferro.eu\/de\/wp-json\/wp\/v2\/product"}],"about":[{"href":"https:\/\/www.fabioferro.eu\/de\/wp-json\/wp\/v2\/types\/product"}],"replies":[{"embeddable":true,"href":"https:\/\/www.fabioferro.eu\/de\/wp-json\/wp\/v2\/comments?post=150229"}],"version-history":[{"count":0,"href":"https:\/\/www.fabioferro.eu\/de\/wp-json\/wp\/v2\/product\/150229\/revisions"}],"wp:featuredmedia":[{"embeddable":true,"href":"https:\/\/www.fabioferro.eu\/de\/wp-json\/wp\/v2\/media\/150080"}],"wp:attachment":[{"href":"https:\/\/www.fabioferro.eu\/de\/wp-json\/wp\/v2\/media?parent=150229"}],"wp:term":[{"taxonomy":"product_brand","embeddable":true,"href":"https:\/\/www.fabioferro.eu\/de\/wp-json\/wp\/v2\/product_brand?post=150229"},{"taxonomy":"product_cat","embeddable":true,"href":"https:\/\/www.fabioferro.eu\/de\/wp-json\/wp\/v2\/product_cat?post=150229"},{"taxonomy":"product_tag","embeddable":true,"href":"https:\/\/www.fabioferro.eu\/de\/wp-json\/wp\/v2\/product_tag?post=150229"}],"curies":[{"name":"wp","href":"https:\/\/api.w.org\/{rel}","templated":true}]}}