{"id":150232,"date":"2024-09-10T12:23:16","date_gmt":"2024-09-10T10:23:16","guid":{"rendered":"https:\/\/www.fabioferro.eu\/tamashii-tibetisches-silber-obsidian-armband.html"},"modified":"2025-05-29T17:16:46","modified_gmt":"2025-05-29T15:16:46","slug":"tamashii-tibetisches-silber-obsidian-armband","status":"publish","type":"product","link":"https:\/\/www.fabioferro.eu\/de\/tamashii-tibetisches-silber-obsidian-armband.html","title":{"rendered":"Tamashii Tibetisches Silber-Obsidian-Armband"},"content":{"rendered":"<p class=\"p1\">Hergestellt in Tibet aus nat\u00fcrlichem silbernen Obsidianstein, gesegnet von buddhistischen M\u00f6nchen.<\/p>\n<p>In Verbindung mit dem Bewusstsein bringt Obsidian die verdr\u00e4ngten Bewusstseinsinhalte ans Licht und hilft, Krisenzust\u00e4nde zu \u00fcberwinden. Er sch\u00e4rft die Wahrnehmung und die Sinne des Intellekts. Er hilft auch bei der Heilung \u00fcbertriebener Emotionen und reinigt negative Energie.  <\/p>\n<p class=\"p3\">Da das Armband mit nat\u00fcrlichen Steinen gefertigt wurde, kann es leichte Farbabweichungen im Vergleich zu den Abbildungen geben.<\/p>\n<p class=\"p3\">Die Einheitsgr\u00f6\u00dfe passt sich dank der vorbereiteten \u00d6sen an jedes Handgelenk an.<\/p>\n<p class=\"p3\">Wird in der Originalverpackung von Tamashii geliefert, inklusive Echtheitszertifikat und Garantie.<\/p>\n","protected":false},"excerpt":{"rendered":"<p>Tamashii Armband mit silbernem Obsidian, hilft bei der \u00dcberwindung von Krisenzust\u00e4nden.<\/p>\n","protected":false},"featured_media":150094,"comment_status":"open","ping_status":"closed","template":"","meta":[],"product_brand":[199],"product_cat":[6318],"product_tag":[],"class_list":{"0":"post-150232","1":"product","2":"type-product","3":"status-publish","4":"has-post-thumbnail","6":"product_brand-tamashii","7":"product_cat-tamashii","9":"first","10":"instock","11":"taxable","12":"shipping-taxable","13":"purchasable","14":"product-type-simple"},"exclude_global_add_ons":[],"addons":[],"df_price":42,"df_sale_price":"","df_regular_price":42,"df_image_link":"https:\/\/cdn02.fabioferro.eu\/wp-content\/uploads\/bracciale-tamashii-tibetano-silver-obsidian.jpg","_links":{"self":[{"href":"https:\/\/www.fabioferro.eu\/de\/wp-json\/wp\/v2\/product\/150232","targetHints":{"allow":["GET"]}}],"collection":[{"href":"https:\/\/www.fabioferro.eu\/de\/wp-json\/wp\/v2\/product"}],"about":[{"href":"https:\/\/www.fabioferro.eu\/de\/wp-json\/wp\/v2\/types\/product"}],"replies":[{"embeddable":true,"href":"https:\/\/www.fabioferro.eu\/de\/wp-json\/wp\/v2\/comments?post=150232"}],"version-history":[{"count":0,"href":"https:\/\/www.fabioferro.eu\/de\/wp-json\/wp\/v2\/product\/150232\/revisions"}],"wp:featuredmedia":[{"embeddable":true,"href":"https:\/\/www.fabioferro.eu\/de\/wp-json\/wp\/v2\/media\/150094"}],"wp:attachment":[{"href":"https:\/\/www.fabioferro.eu\/de\/wp-json\/wp\/v2\/media?parent=150232"}],"wp:term":[{"taxonomy":"product_brand","embeddable":true,"href":"https:\/\/www.fabioferro.eu\/de\/wp-json\/wp\/v2\/product_brand?post=150232"},{"taxonomy":"product_cat","embeddable":true,"href":"https:\/\/www.fabioferro.eu\/de\/wp-json\/wp\/v2\/product_cat?post=150232"},{"taxonomy":"product_tag","embeddable":true,"href":"https:\/\/www.fabioferro.eu\/de\/wp-json\/wp\/v2\/product_tag?post=150232"}],"curies":[{"name":"wp","href":"https:\/\/api.w.org\/{rel}","templated":true}]}}