{"id":150233,"date":"2024-09-10T12:23:24","date_gmt":"2024-09-10T10:23:24","guid":{"rendered":"https:\/\/www.fabioferro.eu\/tamashii-tibetan-green-lime-opal-armband.html"},"modified":"2025-05-02T17:24:37","modified_gmt":"2025-05-02T15:24:37","slug":"tamashii-tibetan-green-lime-opal-armband","status":"publish","type":"product","link":"https:\/\/www.fabioferro.eu\/de\/tamashii-tibetan-green-lime-opal-armband.html","title":{"rendered":"Tamashii Tibetan Green Lime Opal Armband"},"content":{"rendered":"<p class=\"p1\">Unisex Tamashii Armband, hergestellt in Tibet aus lindgr\u00fcnem Opal Naturstein und gesegnet von buddhistischen M\u00f6nchen.<\/p>\n<p>Der Tamashii Green lime opal st\u00e4rkt die F\u00e4higkeit, sich zu orientieren, f\u00f6rdert die Nutzung der Intuition, um eigene Entscheidungen zu treffen, befreit von Angst und Schuldgef\u00fchlen und f\u00f6rdert einen ruhigen Schlaf.<\/p>\n<p class=\"p3\">Aus Natursteinen gefertigt, kann es zu leichten Farbabweichungen von den Bildern kommen.<\/p>\n<p class=\"p3\">Eine Einheitsgr\u00f6\u00dfe, die dank der vorbereiteten \u00d6sen f\u00fcr alle Handgelenke passt.<\/p>\n<p class=\"p3\">Das Armband wird in der Originalverpackung von Tamashii geliefert, komplett mit Echtheitszertifikat und Garantie.<\/p>\n","protected":false},"excerpt":{"rendered":"<p>Tamashii-Armband mit lindgr\u00fcnem Opal, frei von Angst und Schuld.<\/p>\n","protected":false},"featured_media":150110,"comment_status":"open","ping_status":"closed","template":"","meta":[],"product_brand":[199],"product_cat":[6318],"product_tag":[],"class_list":{"0":"post-150233","1":"product","2":"type-product","3":"status-publish","4":"has-post-thumbnail","6":"product_brand-tamashii","7":"product_cat-tamashii","9":"first","10":"instock","11":"taxable","12":"shipping-taxable","13":"purchasable","14":"product-type-simple"},"exclude_global_add_ons":[],"addons":[],"df_price":42,"df_sale_price":"","df_regular_price":42,"df_image_link":"https:\/\/cdn02.fabioferro.eu\/wp-content\/uploads\/bracciale-tamashii-tibetano-green-lime-opal.jpg","_links":{"self":[{"href":"https:\/\/www.fabioferro.eu\/de\/wp-json\/wp\/v2\/product\/150233","targetHints":{"allow":["GET"]}}],"collection":[{"href":"https:\/\/www.fabioferro.eu\/de\/wp-json\/wp\/v2\/product"}],"about":[{"href":"https:\/\/www.fabioferro.eu\/de\/wp-json\/wp\/v2\/types\/product"}],"replies":[{"embeddable":true,"href":"https:\/\/www.fabioferro.eu\/de\/wp-json\/wp\/v2\/comments?post=150233"}],"version-history":[{"count":0,"href":"https:\/\/www.fabioferro.eu\/de\/wp-json\/wp\/v2\/product\/150233\/revisions"}],"wp:featuredmedia":[{"embeddable":true,"href":"https:\/\/www.fabioferro.eu\/de\/wp-json\/wp\/v2\/media\/150110"}],"wp:attachment":[{"href":"https:\/\/www.fabioferro.eu\/de\/wp-json\/wp\/v2\/media?parent=150233"}],"wp:term":[{"taxonomy":"product_brand","embeddable":true,"href":"https:\/\/www.fabioferro.eu\/de\/wp-json\/wp\/v2\/product_brand?post=150233"},{"taxonomy":"product_cat","embeddable":true,"href":"https:\/\/www.fabioferro.eu\/de\/wp-json\/wp\/v2\/product_cat?post=150233"},{"taxonomy":"product_tag","embeddable":true,"href":"https:\/\/www.fabioferro.eu\/de\/wp-json\/wp\/v2\/product_tag?post=150233"}],"curies":[{"name":"wp","href":"https:\/\/api.w.org\/{rel}","templated":true}]}}