{"id":150238,"date":"2024-09-10T12:22:54","date_gmt":"2024-09-10T10:22:54","guid":{"rendered":"https:\/\/www.fabioferro.eu\/tamashii-tibetanisches-gzi-flow-armband.html"},"modified":"2025-05-29T17:17:02","modified_gmt":"2025-05-29T15:17:02","slug":"tamashii-tibetanisches-gzi-flow-armband","status":"publish","type":"product","link":"https:\/\/www.fabioferro.eu\/de\/tamashii-tibetanisches-gzi-flow-armband.html","title":{"rendered":"Tamashii Tibetanisches Gzi Flow Armband"},"content":{"rendered":"<p class=\"p1\">Unisex Tamashii Armband, hergestellt aus GZI Naturstein und brauner Kordel.<\/p>\n<p>Der Tamashii Gzi Flow erinnert an die Bewegung von flie\u00dfendem Wasser in einem Gebirgsbach, manchmal flie\u00dfend und manchmal turbulent; genau wie die Entwicklung der verschiedenen Momente in unserem Leben.<\/p>\n<p class=\"p1\">Authentisch aus Tibet und von buddhistischen M\u00f6nchen gesegnet.<\/p>\n<p class=\"p3\">Da er aus Naturstein gefertigt ist, kann er leichte Farbunterschiede zu den Fotos aufweisen.<\/p>\n<p class=\"p3\">Einheitsgr\u00f6\u00dfe, verstellbar \u00fcber die integrierten Schlaufen, so dass sie sich leicht an jedes Handgelenk anpassen l\u00e4sst.<\/p>\n<p class=\"p3\">Das Armband wird in der Originalverpackung von Tamashii geliefert, komplett mit Echtheitszertifikat und Garantie.<\/p>\n","protected":false},"excerpt":{"rendered":"<p>Tamashii-Armband, hergestellt in Tibet mit Gzi-Naturstein.<\/p>\n","protected":false},"featured_media":150149,"comment_status":"open","ping_status":"closed","template":"","meta":[],"product_brand":[199],"product_cat":[6318],"product_tag":[],"class_list":{"0":"post-150238","1":"product","2":"type-product","3":"status-publish","4":"has-post-thumbnail","6":"product_brand-tamashii","7":"product_cat-tamashii","9":"first","10":"instock","11":"taxable","12":"shipping-taxable","13":"purchasable","14":"product-type-simple"},"exclude_global_add_ons":[],"addons":[],"df_price":42,"df_sale_price":"","df_regular_price":42,"df_image_link":"https:\/\/cdn02.fabioferro.eu\/wp-content\/uploads\/bracciale-tamashii-tibetano-gzi-flow.jpg","_links":{"self":[{"href":"https:\/\/www.fabioferro.eu\/de\/wp-json\/wp\/v2\/product\/150238","targetHints":{"allow":["GET"]}}],"collection":[{"href":"https:\/\/www.fabioferro.eu\/de\/wp-json\/wp\/v2\/product"}],"about":[{"href":"https:\/\/www.fabioferro.eu\/de\/wp-json\/wp\/v2\/types\/product"}],"replies":[{"embeddable":true,"href":"https:\/\/www.fabioferro.eu\/de\/wp-json\/wp\/v2\/comments?post=150238"}],"version-history":[{"count":0,"href":"https:\/\/www.fabioferro.eu\/de\/wp-json\/wp\/v2\/product\/150238\/revisions"}],"wp:featuredmedia":[{"embeddable":true,"href":"https:\/\/www.fabioferro.eu\/de\/wp-json\/wp\/v2\/media\/150149"}],"wp:attachment":[{"href":"https:\/\/www.fabioferro.eu\/de\/wp-json\/wp\/v2\/media?parent=150238"}],"wp:term":[{"taxonomy":"product_brand","embeddable":true,"href":"https:\/\/www.fabioferro.eu\/de\/wp-json\/wp\/v2\/product_brand?post=150238"},{"taxonomy":"product_cat","embeddable":true,"href":"https:\/\/www.fabioferro.eu\/de\/wp-json\/wp\/v2\/product_cat?post=150238"},{"taxonomy":"product_tag","embeddable":true,"href":"https:\/\/www.fabioferro.eu\/de\/wp-json\/wp\/v2\/product_tag?post=150238"}],"curies":[{"name":"wp","href":"https:\/\/api.w.org\/{rel}","templated":true}]}}