{"id":150241,"date":"2024-09-10T12:22:58","date_gmt":"2024-09-10T10:22:58","guid":{"rendered":"https:\/\/www.fabioferro.eu\/blauer-achat-tibetanisches-tamashii-armband.html"},"modified":"2025-05-29T17:17:01","modified_gmt":"2025-05-29T15:17:01","slug":"blauer-achat-tibetanisches-tamashii-armband","status":"publish","type":"product","link":"https:\/\/www.fabioferro.eu\/de\/blauer-achat-tibetanisches-tamashii-armband.html","title":{"rendered":"Blauer Achat Tibetanisches Tamashii-Armband"},"content":{"rendered":"<p class=\"p1\">Unisex Tamashii Armband, authentisch aus Tibet, hergestellt aus nat\u00fcrlichem blauem Achatstein und gesegnet von buddhistischen M\u00f6nchen.<\/p>\n<p>Der Blaue Achat Tamashii, der traditionell verwendet wird, um das Reine oder Seltene zu identifizieren, bes\u00e4nftigt den Zorn, indem er ihn in Weisheit verwandelt.<\/p>\n<p class=\"p3\">Die verwendeten Natursteine k\u00f6nnen in der Farbe leicht von den Fotos abweichen.<\/p>\n<p class=\"p3\">Das Armband hat eine Einheitsgr\u00f6\u00dfe und ist dank der integrierten Schlaufen verstellbar, so dass es sich leicht an alle Handgelenke anpassen l\u00e4sst.<\/p>\n<p class=\"p3\">Pr\u00e4sentiert in der Originalverpackung von Tamashii, mit Echtheitszertifikat und Garantie.<\/p>\n","protected":false},"excerpt":{"rendered":"<p>Tamashii-Armband aus blauem Achat, hergestellt in Tibet.<\/p>\n","protected":false},"featured_media":150171,"comment_status":"open","ping_status":"closed","template":"","meta":[],"product_brand":[199],"product_cat":[6318],"product_tag":[],"class_list":{"0":"post-150241","1":"product","2":"type-product","3":"status-publish","4":"has-post-thumbnail","6":"product_brand-tamashii","7":"product_cat-tamashii","9":"first","10":"instock","11":"taxable","12":"shipping-taxable","13":"purchasable","14":"product-type-simple"},"exclude_global_add_ons":[],"addons":[],"df_price":42,"df_sale_price":"","df_regular_price":42,"df_image_link":"https:\/\/cdn02.fabioferro.eu\/wp-content\/uploads\/bracciale-tamashii-tibetano-agata-blu.jpg","_links":{"self":[{"href":"https:\/\/www.fabioferro.eu\/de\/wp-json\/wp\/v2\/product\/150241","targetHints":{"allow":["GET"]}}],"collection":[{"href":"https:\/\/www.fabioferro.eu\/de\/wp-json\/wp\/v2\/product"}],"about":[{"href":"https:\/\/www.fabioferro.eu\/de\/wp-json\/wp\/v2\/types\/product"}],"replies":[{"embeddable":true,"href":"https:\/\/www.fabioferro.eu\/de\/wp-json\/wp\/v2\/comments?post=150241"}],"version-history":[{"count":0,"href":"https:\/\/www.fabioferro.eu\/de\/wp-json\/wp\/v2\/product\/150241\/revisions"}],"wp:featuredmedia":[{"embeddable":true,"href":"https:\/\/www.fabioferro.eu\/de\/wp-json\/wp\/v2\/media\/150171"}],"wp:attachment":[{"href":"https:\/\/www.fabioferro.eu\/de\/wp-json\/wp\/v2\/media?parent=150241"}],"wp:term":[{"taxonomy":"product_brand","embeddable":true,"href":"https:\/\/www.fabioferro.eu\/de\/wp-json\/wp\/v2\/product_brand?post=150241"},{"taxonomy":"product_cat","embeddable":true,"href":"https:\/\/www.fabioferro.eu\/de\/wp-json\/wp\/v2\/product_cat?post=150241"},{"taxonomy":"product_tag","embeddable":true,"href":"https:\/\/www.fabioferro.eu\/de\/wp-json\/wp\/v2\/product_tag?post=150241"}],"curies":[{"name":"wp","href":"https:\/\/api.w.org\/{rel}","templated":true}]}}