{"id":150242,"date":"2024-09-10T12:22:52","date_gmt":"2024-09-10T10:22:52","guid":{"rendered":"https:\/\/www.fabioferro.eu\/tamashii-tibetanisches-gzi-elefantenarmband.html"},"modified":"2025-05-29T17:17:02","modified_gmt":"2025-05-29T15:17:02","slug":"tamashii-tibetanisches-gzi-elefantenarmband","status":"publish","type":"product","link":"https:\/\/www.fabioferro.eu\/de\/tamashii-tibetanisches-gzi-elefantenarmband.html","title":{"rendered":"Tamashii Tibetanisches Gzi Elefantenarmband"},"content":{"rendered":"<p class=\"p1\">Unisex Tamashii Armband, authentisch aus Tibet und aus Gzi Naturstein gefertigt.<\/p>\n<p>Dieser Tamashii Gzi Elefant erinnert an die Form des Elefanten und symbolisiert das Wissen und die Langlebigkeit des Elefanten selbst. Dem Elefanten wird eine subtile Intelligenz und vor allem ein au\u00dfergew\u00f6hnliches Ged\u00e4chtnis zugeschrieben. <\/p>\n<p>Von buddhistischen M\u00f6nchen gesegnet.<\/p>\n<p class=\"p3\">Aufgrund der Verarbeitung von Natursteinen kann es zu leichten Farbabweichungen im Vergleich zu den gezeigten Bildern kommen.<\/p>\n<p class=\"p3\">Einheitsgr\u00f6\u00dfe, verstellbar dank integrierter Schlaufen f\u00fcr einen perfekten Sitz an jedem Handgelenk.<\/p>\n<p class=\"p3\">Pr\u00e4sentiert in der Originalverpackung von Tamashii, mit Echtheitszertifikat und Garantie.<\/p>\n","protected":false},"excerpt":{"rendered":"<p>Tamashii-Armband mit Gzi-Geburtsstein, der Wissen und Langlebigkeit symbolisiert.<\/p>\n","protected":false},"featured_media":150156,"comment_status":"open","ping_status":"closed","template":"","meta":[],"product_brand":[199],"product_cat":[6318],"product_tag":[],"class_list":{"0":"post-150242","1":"product","2":"type-product","3":"status-publish","4":"has-post-thumbnail","6":"product_brand-tamashii","7":"product_cat-tamashii","9":"first","10":"instock","11":"taxable","12":"shipping-taxable","13":"purchasable","14":"product-type-simple"},"exclude_global_add_ons":[],"addons":[],"df_price":42,"df_sale_price":"","df_regular_price":42,"df_image_link":"https:\/\/cdn02.fabioferro.eu\/wp-content\/uploads\/bracciale-tamashii-tibetano-gzi-elephant.jpg","_links":{"self":[{"href":"https:\/\/www.fabioferro.eu\/de\/wp-json\/wp\/v2\/product\/150242","targetHints":{"allow":["GET"]}}],"collection":[{"href":"https:\/\/www.fabioferro.eu\/de\/wp-json\/wp\/v2\/product"}],"about":[{"href":"https:\/\/www.fabioferro.eu\/de\/wp-json\/wp\/v2\/types\/product"}],"replies":[{"embeddable":true,"href":"https:\/\/www.fabioferro.eu\/de\/wp-json\/wp\/v2\/comments?post=150242"}],"version-history":[{"count":0,"href":"https:\/\/www.fabioferro.eu\/de\/wp-json\/wp\/v2\/product\/150242\/revisions"}],"wp:featuredmedia":[{"embeddable":true,"href":"https:\/\/www.fabioferro.eu\/de\/wp-json\/wp\/v2\/media\/150156"}],"wp:attachment":[{"href":"https:\/\/www.fabioferro.eu\/de\/wp-json\/wp\/v2\/media?parent=150242"}],"wp:term":[{"taxonomy":"product_brand","embeddable":true,"href":"https:\/\/www.fabioferro.eu\/de\/wp-json\/wp\/v2\/product_brand?post=150242"},{"taxonomy":"product_cat","embeddable":true,"href":"https:\/\/www.fabioferro.eu\/de\/wp-json\/wp\/v2\/product_cat?post=150242"},{"taxonomy":"product_tag","embeddable":true,"href":"https:\/\/www.fabioferro.eu\/de\/wp-json\/wp\/v2\/product_tag?post=150242"}],"curies":[{"name":"wp","href":"https:\/\/api.w.org\/{rel}","templated":true}]}}