{"id":150304,"date":"2024-09-10T19:22:02","date_gmt":"2024-09-10T17:22:02","guid":{"rendered":"https:\/\/www.fabioferro.eu\/.html?post_type=product&#038;p=150304"},"modified":"2025-05-15T10:03:21","modified_gmt":"2025-05-15T08:03:21","slug":"longines-spirit-flyback-automatikuhr-braun-42-mm-copy","status":"publish","type":"product","link":"https:\/\/www.fabioferro.eu\/de\/longines-spirit-flyback-automatikuhr-braun-42-mm-copy.html","title":{"rendered":"Longines Spirit Flyback Automatik Gr\u00fcn 42 mm Uhr"},"content":{"rendered":"<p>Longines-Automatikuhr, ausgestattet mit dem Kaliber L791 und den Funktionen Stunde, Minute und kleine Sekunde bei 9 Uhr. Die Uhr verf\u00fcgt \u00fcber ein mechanisches Uhrwerk mit Automatikaufzug, einer Frequenz von 28.800 Halbschwingungen pro Stunde und einer Gangreserve von etwa 68 Stunden. Ebenfalls vorhanden ist die Unruhspirale aus monokristallinem Silizium. Au\u00dferdem gibt es einen Chronographen mit Flyback-Technologie und einen Chronographenmechanismus mit zentralem 60-Sekunden-Zeiger und 30-Minuten-Z\u00e4hler bei 3 Uhr. Au\u00dferdem ist sie mit dem exklusiven Longines-Manufakturkaliber ausgestattet.<\/p>\n<p>Das Geh\u00e4use aus Edelstahl hat einen Durchmesser von 42 mm und eine L\u00fcnette aus Keramik, die mit 18 Karat Ros\u00e9gold beschichtet ist, ebenso wie die seitlichen Dr\u00fccker. Das Glas ist ein kratzfestes Saphirglas mit beidseitiger Antireflexionsbeschichtung. Die R\u00fcckseite ist transparent und besteht aus Saphirglas. Der Abstand zwischen den Bandanst\u00f6\u00dfen betr\u00e4gt 22 mm, w\u00e4hrend die Dicke 17 mm betr\u00e4gt. Die Wasserdichtigkeit ist bis zu 10 bar\/100 m garantiert. Ebenfalls vorhanden ist die bidirektionale Drehl\u00fcnette mit verschraubter Krone. Das Gesamtgewicht betr\u00e4gt 127,7 g.<\/p>\n<p>Das Zifferblatt ist gr\u00fcn schattiert, mit applizierten arabischen Ziffern und bronzefarbenen Zeigern. Die Schweizer Super-LumiNova-Leuchttechnologie ist ebenfalls vorhanden.<\/p>\n<p>Das Armband ist aus braunem Kalbsleder und hat eine Schnalle mit doppeltem Sicherheitsverschluss und Mikroverstellsystem. Au\u00dferdem gibt es das austauschbare Longines-Armband-System.<\/p>\n<p>Uhr komplett mit Original-Longines-Box und 5 Jahren Garantie.<\/p>\n<div class=\"video-container\"><iframe loading=\"lazy\" title=\"Longines Spirit Flyback - Un Tuffo dal Passato al Futuro - Fabio Ferro I Gioielli\" width=\"1170\" height=\"658\" src=\"https:\/\/www.youtube.com\/embed\/dnuIviJLEwY?feature=oembed\" frameborder=\"0\" allow=\"accelerometer; autoplay; clipboard-write; encrypted-media; gyroscope; picture-in-picture; web-share\" allowfullscreen><\/iframe><\/div>\n","protected":false},"excerpt":{"rendered":"<p>Sportlichkeit, Eleganz und Raffinesse &#8211; so l\u00e4sst sich dieser aufsehenerregende Zeitmesser, der Gegenwart und Vergangenheit mit einem einzigartigen Design zu vereinen vermag, am besten beschreiben.<\/p>\n","protected":false},"featured_media":150035,"comment_status":"open","ping_status":"closed","template":"","meta":[],"product_brand":[5391],"product_cat":[5953],"product_tag":[],"class_list":{"0":"post-150304","1":"product","2":"type-product","3":"status-publish","4":"has-post-thumbnail","6":"product_brand-longines","7":"product_cat-longines-herrenuhren","8":"pa_collezione-longines-spirit-de","10":"first","11":"instock","12":"taxable","13":"shipping-taxable","14":"purchasable","15":"product-type-simple"},"exclude_global_add_ons":[],"addons":[],"df_price":6900,"df_sale_price":"","df_regular_price":6900,"df_image_link":"https:\/\/cdn02.fabioferro.eu\/wp-content\/uploads\/orologio-longines-spirit-flyback-automatico-l3.821.5.53.2-5.jpg","_links":{"self":[{"href":"https:\/\/www.fabioferro.eu\/de\/wp-json\/wp\/v2\/product\/150304","targetHints":{"allow":["GET"]}}],"collection":[{"href":"https:\/\/www.fabioferro.eu\/de\/wp-json\/wp\/v2\/product"}],"about":[{"href":"https:\/\/www.fabioferro.eu\/de\/wp-json\/wp\/v2\/types\/product"}],"replies":[{"embeddable":true,"href":"https:\/\/www.fabioferro.eu\/de\/wp-json\/wp\/v2\/comments?post=150304"}],"version-history":[{"count":0,"href":"https:\/\/www.fabioferro.eu\/de\/wp-json\/wp\/v2\/product\/150304\/revisions"}],"wp:featuredmedia":[{"embeddable":true,"href":"https:\/\/www.fabioferro.eu\/de\/wp-json\/wp\/v2\/media\/150035"}],"wp:attachment":[{"href":"https:\/\/www.fabioferro.eu\/de\/wp-json\/wp\/v2\/media?parent=150304"}],"wp:term":[{"taxonomy":"product_brand","embeddable":true,"href":"https:\/\/www.fabioferro.eu\/de\/wp-json\/wp\/v2\/product_brand?post=150304"},{"taxonomy":"product_cat","embeddable":true,"href":"https:\/\/www.fabioferro.eu\/de\/wp-json\/wp\/v2\/product_cat?post=150304"},{"taxonomy":"product_tag","embeddable":true,"href":"https:\/\/www.fabioferro.eu\/de\/wp-json\/wp\/v2\/product_tag?post=150304"}],"curies":[{"name":"wp","href":"https:\/\/api.w.org\/{rel}","templated":true}]}}