{"id":150771,"date":"2024-09-12T09:37:22","date_gmt":"2024-09-12T07:37:22","guid":{"rendered":"https:\/\/www.fabioferro.eu\/tamashii-tibetischer-afrikanischer-jaspis-armreif.html"},"modified":"2025-05-02T17:24:27","modified_gmt":"2025-05-02T15:24:27","slug":"tamashii-tibetischer-afrikanischer-jaspis-armreif","status":"publish","type":"product","link":"https:\/\/www.fabioferro.eu\/de\/tamashii-tibetischer-afrikanischer-jaspis-armreif.html","title":{"rendered":"Tamashii Tibetischer Afrikanischer Jaspis Armreif"},"content":{"rendered":"<p class=\"p1\">Dieses Tamashii-Armband f\u00fcr M\u00e4nner und Frauen stammt aus Tibet und besteht aus nat\u00fcrlichem afrikanischem Jaspis und schwarzer Kordel.<\/p>\n<p>Tamashii African Jasper hilft Ihnen, Problemen und Widrigkeiten ruhig, konzentriert und objektiv zu begegnen.<\/p>\n<p class=\"p1\">Handgefertigt und gesegnet von buddhistischen M\u00f6nchen.<\/p>\n<p class=\"p3\">Die verwendeten Natursteine k\u00f6nnen im Farbton leicht von den gezeigten Bildern abweichen.<\/p>\n<p class=\"p3\">Mit einer Einheitsgr\u00f6\u00dfe und verstellbaren Schlaufen passt sie perfekt an jedes Handgelenk.<\/p>\n<p class=\"p3\">Pr\u00e4sentiert in der Originalverpackung von Tamashii, komplett mit Echtheitszertifikat und Garantie.<\/p>\n","protected":false},"excerpt":{"rendered":"<p>Tamashii-Armband, hilft, ruhig, konzentriert und objektiv mit Problemen umzugehen.<\/p>\n","protected":false},"featured_media":150336,"comment_status":"open","ping_status":"closed","template":"","meta":[],"product_brand":[199],"product_cat":[6318],"product_tag":[],"class_list":{"0":"post-150771","1":"product","2":"type-product","3":"status-publish","4":"has-post-thumbnail","6":"product_brand-tamashii","7":"product_cat-tamashii","9":"first","10":"instock","11":"taxable","12":"shipping-taxable","13":"purchasable","14":"product-type-simple"},"exclude_global_add_ons":[],"addons":[],"df_price":42,"df_sale_price":"","df_regular_price":42,"df_image_link":"https:\/\/cdn02.fabioferro.eu\/wp-content\/uploads\/bracciale-tamashii-tibetano-diaspro-africano-1.jpg","_links":{"self":[{"href":"https:\/\/www.fabioferro.eu\/de\/wp-json\/wp\/v2\/product\/150771","targetHints":{"allow":["GET"]}}],"collection":[{"href":"https:\/\/www.fabioferro.eu\/de\/wp-json\/wp\/v2\/product"}],"about":[{"href":"https:\/\/www.fabioferro.eu\/de\/wp-json\/wp\/v2\/types\/product"}],"replies":[{"embeddable":true,"href":"https:\/\/www.fabioferro.eu\/de\/wp-json\/wp\/v2\/comments?post=150771"}],"version-history":[{"count":0,"href":"https:\/\/www.fabioferro.eu\/de\/wp-json\/wp\/v2\/product\/150771\/revisions"}],"wp:featuredmedia":[{"embeddable":true,"href":"https:\/\/www.fabioferro.eu\/de\/wp-json\/wp\/v2\/media\/150336"}],"wp:attachment":[{"href":"https:\/\/www.fabioferro.eu\/de\/wp-json\/wp\/v2\/media?parent=150771"}],"wp:term":[{"taxonomy":"product_brand","embeddable":true,"href":"https:\/\/www.fabioferro.eu\/de\/wp-json\/wp\/v2\/product_brand?post=150771"},{"taxonomy":"product_cat","embeddable":true,"href":"https:\/\/www.fabioferro.eu\/de\/wp-json\/wp\/v2\/product_cat?post=150771"},{"taxonomy":"product_tag","embeddable":true,"href":"https:\/\/www.fabioferro.eu\/de\/wp-json\/wp\/v2\/product_tag?post=150771"}],"curies":[{"name":"wp","href":"https:\/\/api.w.org\/{rel}","templated":true}]}}