{"id":150778,"date":"2024-09-12T09:37:16","date_gmt":"2024-09-12T07:37:16","guid":{"rendered":"https:\/\/www.fabioferro.eu\/tamashii-tibetisches-doppelstrang-armband-gruener-achat.html"},"modified":"2025-05-02T17:24:30","modified_gmt":"2025-05-02T15:24:30","slug":"tamashii-tibetisches-doppelstrang-armband-gruener-achat","status":"publish","type":"product","link":"https:\/\/www.fabioferro.eu\/de\/tamashii-tibetisches-doppelstrang-armband-gruener-achat.html","title":{"rendered":"Tamashii Tibetisches Doppelstrang-Armband Gr\u00fcner Achat"},"content":{"rendered":"<p class=\"p1\">Unisex Tamashii Armband, authentisch aus Tibet, hergestellt aus nat\u00fcrlichem gr\u00fcnem Achatstein und gesegnet von buddhistischen M\u00f6nchen.<\/p>\n<p class=\"p3\">Der Tamashii in gr\u00fcnem Achat verwandelt Eifersucht in Weisheit der Erkenntnis.<\/p>\n<p class=\"p3\">Die Einheitsgr\u00f6\u00dfe ist \u00fcber die integrierten Schlaufen verstellbar und passt sich so problemlos an jedes Handgelenk an.<\/p>\n<p>Aufgrund der handwerklichen Verarbeitung von Natursteinen kann es zu leichten Farbabweichungen von den Fotos kommen.<\/p>\n<p class=\"p3\">Das Armband wird in der Originalverpackung von Tamashii geliefert, komplett mit Echtheitszertifikat und Garantie.<\/p>\n","protected":false},"excerpt":{"rendered":"<p>Tamashii-Armband mit gr\u00fcnem Achat, verwandelt Eifersucht in Weisheit der Erkenntnis.<\/p>\n","protected":false},"featured_media":150350,"comment_status":"open","ping_status":"closed","template":"","meta":[],"product_brand":[199],"product_cat":[6318],"product_tag":[],"class_list":{"0":"post-150778","1":"product","2":"type-product","3":"status-publish","4":"has-post-thumbnail","6":"product_brand-tamashii","7":"product_cat-tamashii","9":"first","10":"instock","11":"taxable","12":"shipping-taxable","13":"purchasable","14":"product-type-simple"},"exclude_global_add_ons":[],"addons":[],"df_price":55,"df_sale_price":"","df_regular_price":55,"df_image_link":"https:\/\/cdn02.fabioferro.eu\/wp-content\/uploads\/bracciale-tamashii-tibetano-a-doppio-filo-agata-verde.jpg","_links":{"self":[{"href":"https:\/\/www.fabioferro.eu\/de\/wp-json\/wp\/v2\/product\/150778","targetHints":{"allow":["GET"]}}],"collection":[{"href":"https:\/\/www.fabioferro.eu\/de\/wp-json\/wp\/v2\/product"}],"about":[{"href":"https:\/\/www.fabioferro.eu\/de\/wp-json\/wp\/v2\/types\/product"}],"replies":[{"embeddable":true,"href":"https:\/\/www.fabioferro.eu\/de\/wp-json\/wp\/v2\/comments?post=150778"}],"version-history":[{"count":0,"href":"https:\/\/www.fabioferro.eu\/de\/wp-json\/wp\/v2\/product\/150778\/revisions"}],"wp:featuredmedia":[{"embeddable":true,"href":"https:\/\/www.fabioferro.eu\/de\/wp-json\/wp\/v2\/media\/150350"}],"wp:attachment":[{"href":"https:\/\/www.fabioferro.eu\/de\/wp-json\/wp\/v2\/media?parent=150778"}],"wp:term":[{"taxonomy":"product_brand","embeddable":true,"href":"https:\/\/www.fabioferro.eu\/de\/wp-json\/wp\/v2\/product_brand?post=150778"},{"taxonomy":"product_cat","embeddable":true,"href":"https:\/\/www.fabioferro.eu\/de\/wp-json\/wp\/v2\/product_cat?post=150778"},{"taxonomy":"product_tag","embeddable":true,"href":"https:\/\/www.fabioferro.eu\/de\/wp-json\/wp\/v2\/product_tag?post=150778"}],"curies":[{"name":"wp","href":"https:\/\/api.w.org\/{rel}","templated":true}]}}