{"id":150780,"date":"2024-09-12T09:37:15","date_gmt":"2024-09-12T07:37:15","guid":{"rendered":"https:\/\/www.fabioferro.eu\/tamashii-tibetisches-doppelstrang-amethyst-armband.html"},"modified":"2025-05-02T17:24:30","modified_gmt":"2025-05-02T15:24:30","slug":"tamashii-tibetisches-doppelstrang-amethyst-armband","status":"publish","type":"product","link":"https:\/\/www.fabioferro.eu\/de\/tamashii-tibetisches-doppelstrang-amethyst-armband.html","title":{"rendered":"Tamashii Tibetisches Doppelstrang-Amethyst-Armband"},"content":{"rendered":"<p class=\"p1\">Authentisches Unisex Tamashii Armband aus Tibet, hergestellt mit nat\u00fcrlichem Amethyst Stein und gesegnet von buddhistischen M\u00f6nchen.<\/p>\n<p>Das Tamashii in Amethyst beschwichtigt den Stolz und wandelt ihn in Nachdenken und Selbstbeobachtung um.<\/p>\n<p class=\"p3\">Handgefertigt aus Natursteinen, kann es leichte Farbabweichungen im Vergleich zu den Fotos geben.<\/p>\n<p class=\"p3\">Dank der integrierten \u00d6sen passt die Einheitsgr\u00f6\u00dfe problemlos an alle Handgelenke.<\/p>\n<p class=\"p3\">Pr\u00e4sentiert in der Originalverpackung von Tamashii, begleitet von einem Echtheitszertifikat und einer Garantie.<\/p>\n","protected":false},"excerpt":{"rendered":"<p>Tamashii-Armband mit Amethyst, f\u00f6rdert die Reflexion und Selbstbeobachtung.<\/p>\n","protected":false},"featured_media":150343,"comment_status":"open","ping_status":"closed","template":"","meta":[],"product_brand":[199],"product_cat":[6318],"product_tag":[],"class_list":{"0":"post-150780","1":"product","2":"type-product","3":"status-publish","4":"has-post-thumbnail","6":"product_brand-tamashii","7":"product_cat-tamashii","9":"first","10":"instock","11":"taxable","12":"shipping-taxable","13":"purchasable","14":"product-type-simple"},"exclude_global_add_ons":[],"addons":[],"df_price":55,"df_sale_price":"","df_regular_price":55,"df_image_link":"https:\/\/cdn02.fabioferro.eu\/wp-content\/uploads\/bracciale-tamashii-tibetano-a-doppio-filo-ametista.jpg","_links":{"self":[{"href":"https:\/\/www.fabioferro.eu\/de\/wp-json\/wp\/v2\/product\/150780","targetHints":{"allow":["GET"]}}],"collection":[{"href":"https:\/\/www.fabioferro.eu\/de\/wp-json\/wp\/v2\/product"}],"about":[{"href":"https:\/\/www.fabioferro.eu\/de\/wp-json\/wp\/v2\/types\/product"}],"replies":[{"embeddable":true,"href":"https:\/\/www.fabioferro.eu\/de\/wp-json\/wp\/v2\/comments?post=150780"}],"version-history":[{"count":0,"href":"https:\/\/www.fabioferro.eu\/de\/wp-json\/wp\/v2\/product\/150780\/revisions"}],"wp:featuredmedia":[{"embeddable":true,"href":"https:\/\/www.fabioferro.eu\/de\/wp-json\/wp\/v2\/media\/150343"}],"wp:attachment":[{"href":"https:\/\/www.fabioferro.eu\/de\/wp-json\/wp\/v2\/media?parent=150780"}],"wp:term":[{"taxonomy":"product_brand","embeddable":true,"href":"https:\/\/www.fabioferro.eu\/de\/wp-json\/wp\/v2\/product_brand?post=150780"},{"taxonomy":"product_cat","embeddable":true,"href":"https:\/\/www.fabioferro.eu\/de\/wp-json\/wp\/v2\/product_cat?post=150780"},{"taxonomy":"product_tag","embeddable":true,"href":"https:\/\/www.fabioferro.eu\/de\/wp-json\/wp\/v2\/product_tag?post=150780"}],"curies":[{"name":"wp","href":"https:\/\/api.w.org\/{rel}","templated":true}]}}