{"id":150788,"date":"2024-09-12T09:38:14","date_gmt":"2024-09-12T07:38:14","guid":{"rendered":"https:\/\/www.fabioferro.eu\/tamashii-tibetisches-doppeldraht-armband-mit-rotem-achat.html"},"modified":"2025-05-02T17:23:57","modified_gmt":"2025-05-02T15:23:57","slug":"tamashii-tibetisches-doppeldraht-armband-mit-rotem-achat","status":"publish","type":"product","link":"https:\/\/www.fabioferro.eu\/de\/tamashii-tibetisches-doppeldraht-armband-mit-rotem-achat.html","title":{"rendered":"Tamashii Tibetisches Doppeldraht-Armband mit rotem Achat"},"content":{"rendered":"<p class=\"p1\">Unisex Tamashii Armband, hergestellt in Tibet aus nat\u00fcrlichem rotem Achatstein und gesegnet von buddhistischen M\u00f6nchen.<\/p>\n<p>Der Tamashii mit rotem Achat verleiht Kraft, St\u00e4rke, Vitalit\u00e4t, Leidenschaft und weist auf eine weise Person hin.<\/p>\n<p class=\"p3\">Die Steine haben einen Durchmesser von 6 mm.<\/p>\n<p class=\"p3\">Die Einheitsgr\u00f6\u00dfe, die \u00fcber die integrierten Schlaufen verstellbar ist, passt sich jedem Handgelenk perfekt an.<\/p>\n<p class=\"p3\">Da es aus Natursteinen handgefertigt ist, kann es leichte Farbabweichungen im Vergleich zu den Bildern aufweisen.<\/p>\n<p class=\"p3\">Wird in der Originalverpackung von Tamashii geliefert, einschlie\u00dflich Echtheitszertifikat und Garantie.<\/p>\n","protected":false},"excerpt":{"rendered":"<p>Tamashii Armband mit rotem Achat, induziert St\u00e4rke, Kraft und Leidenschaft.<\/p>\n","protected":false},"featured_media":150717,"comment_status":"open","ping_status":"closed","template":"","meta":[],"product_brand":[199],"product_cat":[6318],"product_tag":[],"class_list":{"0":"post-150788","1":"product","2":"type-product","3":"status-publish","4":"has-post-thumbnail","6":"product_brand-tamashii","7":"product_cat-tamashii","9":"first","10":"instock","11":"taxable","12":"shipping-taxable","13":"purchasable","14":"product-type-simple"},"exclude_global_add_ons":[],"addons":[],"df_price":55,"df_sale_price":"","df_regular_price":55,"df_image_link":"https:\/\/cdn02.fabioferro.eu\/wp-content\/uploads\/bracciale-tamashii-tibetano-a-doppio-filo-con-agata-rossa.jpg","_links":{"self":[{"href":"https:\/\/www.fabioferro.eu\/de\/wp-json\/wp\/v2\/product\/150788","targetHints":{"allow":["GET"]}}],"collection":[{"href":"https:\/\/www.fabioferro.eu\/de\/wp-json\/wp\/v2\/product"}],"about":[{"href":"https:\/\/www.fabioferro.eu\/de\/wp-json\/wp\/v2\/types\/product"}],"replies":[{"embeddable":true,"href":"https:\/\/www.fabioferro.eu\/de\/wp-json\/wp\/v2\/comments?post=150788"}],"version-history":[{"count":0,"href":"https:\/\/www.fabioferro.eu\/de\/wp-json\/wp\/v2\/product\/150788\/revisions"}],"wp:featuredmedia":[{"embeddable":true,"href":"https:\/\/www.fabioferro.eu\/de\/wp-json\/wp\/v2\/media\/150717"}],"wp:attachment":[{"href":"https:\/\/www.fabioferro.eu\/de\/wp-json\/wp\/v2\/media?parent=150788"}],"wp:term":[{"taxonomy":"product_brand","embeddable":true,"href":"https:\/\/www.fabioferro.eu\/de\/wp-json\/wp\/v2\/product_brand?post=150788"},{"taxonomy":"product_cat","embeddable":true,"href":"https:\/\/www.fabioferro.eu\/de\/wp-json\/wp\/v2\/product_cat?post=150788"},{"taxonomy":"product_tag","embeddable":true,"href":"https:\/\/www.fabioferro.eu\/de\/wp-json\/wp\/v2\/product_tag?post=150788"}],"curies":[{"name":"wp","href":"https:\/\/api.w.org\/{rel}","templated":true}]}}