{"id":150789,"date":"2024-09-12T09:38:07","date_gmt":"2024-09-12T07:38:07","guid":{"rendered":"https:\/\/www.fabioferro.eu\/tamashii-tibetan-double-strand-mokaite-armband.html"},"modified":"2025-05-02T17:23:55","modified_gmt":"2025-05-02T15:23:55","slug":"tamashii-tibetan-double-strand-mokaite-armband","status":"publish","type":"product","link":"https:\/\/www.fabioferro.eu\/de\/tamashii-tibetan-double-strand-mokaite-armband.html","title":{"rendered":"Tamashii Tibetan Double Strand Mokaite Armband"},"content":{"rendered":"<p class=\"p1\">Unisex Tamashii Armband, handgefertigt in Tibet aus 6 mm Mokaite Naturstein und gesegnet von buddhistischen M\u00f6nchen.<\/p>\n<p>Mokaite ist ein Naturstein, der auch Australischer Jaspis genannt wird. Er tr\u00e4gt die kraftvollen roten und gelben Energien des Landes Australien in sich. Nach der Tradition der Aborigines f\u00f6rdert dieser Stein die Vielseitigkeit und Offenheit f\u00fcr neue Erfahrungen und hilft dem Einzelnen, den richtigen Weg zu w\u00e4hlen. <\/p>\n<p class=\"p3\">Die Einheitsgr\u00f6\u00dfe, die dank der integrierten \u00d6sen verstellbar ist, bietet eine perfekte Passform f\u00fcr jedes Handgelenk.<\/p>\n<p class=\"p3\">Das mit Natursteinen gefertigte Armband kann leichte Farbunterschiede zu den Fotos aufweisen.<\/p>\n<p class=\"p3\">Wird in der Originalverpackung von Tamashii geliefert, mit Echtheitszertifikat und Garantie.<\/p>\n","protected":false},"excerpt":{"rendered":"<p>Tamashii-Armband mit Mokaite, hilft Ihnen, den richtigen Weg zu finden.<\/p>\n","protected":false},"featured_media":150738,"comment_status":"open","ping_status":"closed","template":"","meta":[],"product_brand":[199],"product_cat":[6318],"product_tag":[],"class_list":{"0":"post-150789","1":"product","2":"type-product","3":"status-publish","4":"has-post-thumbnail","6":"product_brand-tamashii","7":"product_cat-tamashii","9":"first","10":"instock","11":"taxable","12":"shipping-taxable","13":"purchasable","14":"product-type-simple"},"exclude_global_add_ons":[],"addons":[],"df_price":55,"df_sale_price":"","df_regular_price":55,"df_image_link":"https:\/\/cdn02.fabioferro.eu\/wp-content\/uploads\/bracciale-tamashii-tibetano-a-doppio-filo-mokaite.jpg","_links":{"self":[{"href":"https:\/\/www.fabioferro.eu\/de\/wp-json\/wp\/v2\/product\/150789","targetHints":{"allow":["GET"]}}],"collection":[{"href":"https:\/\/www.fabioferro.eu\/de\/wp-json\/wp\/v2\/product"}],"about":[{"href":"https:\/\/www.fabioferro.eu\/de\/wp-json\/wp\/v2\/types\/product"}],"replies":[{"embeddable":true,"href":"https:\/\/www.fabioferro.eu\/de\/wp-json\/wp\/v2\/comments?post=150789"}],"version-history":[{"count":0,"href":"https:\/\/www.fabioferro.eu\/de\/wp-json\/wp\/v2\/product\/150789\/revisions"}],"wp:featuredmedia":[{"embeddable":true,"href":"https:\/\/www.fabioferro.eu\/de\/wp-json\/wp\/v2\/media\/150738"}],"wp:attachment":[{"href":"https:\/\/www.fabioferro.eu\/de\/wp-json\/wp\/v2\/media?parent=150789"}],"wp:term":[{"taxonomy":"product_brand","embeddable":true,"href":"https:\/\/www.fabioferro.eu\/de\/wp-json\/wp\/v2\/product_brand?post=150789"},{"taxonomy":"product_cat","embeddable":true,"href":"https:\/\/www.fabioferro.eu\/de\/wp-json\/wp\/v2\/product_cat?post=150789"},{"taxonomy":"product_tag","embeddable":true,"href":"https:\/\/www.fabioferro.eu\/de\/wp-json\/wp\/v2\/product_tag?post=150789"}],"curies":[{"name":"wp","href":"https:\/\/api.w.org\/{rel}","templated":true}]}}