{"id":150792,"date":"2024-09-12T09:38:13","date_gmt":"2024-09-12T07:38:13","guid":{"rendered":"https:\/\/www.fabioferro.eu\/tamashii-tibetisches-perlmutt-armband-doppelstrang.html"},"modified":"2025-05-02T17:23:55","modified_gmt":"2025-05-02T15:23:55","slug":"tamashii-tibetisches-perlmutt-armband-doppelstrang","status":"publish","type":"product","link":"https:\/\/www.fabioferro.eu\/de\/tamashii-tibetisches-perlmutt-armband-doppelstrang.html","title":{"rendered":"Tamashii Tibetisches Perlmutt Armband Doppelstrang"},"content":{"rendered":"<p class=\"p1\">Echtes Tamashii Unisex-Armband, hergestellt in Tibet aus 6 mm Perlmutt-Naturstein, gesegnet von buddhistischen M\u00f6nchen.<\/p>\n<p>Perlmutt wird aus Muscheln hergestellt, die eine fast wei\u00dfe Farbe haben und daher mit dem wei\u00dfen Symbol f\u00fcr Reinheit und Wissen verglichen werden k\u00f6nnen. Das Meer steht im Buddhismus auch f\u00fcr Langlebigkeit.<\/p>\n<p class=\"p3\">Das One-Size-Fits-All-Design mit integrierten \u00d6sen erm\u00f6glicht eine ideale Passform f\u00fcr jedes Handgelenk.<\/p>\n<p class=\"p3\">Handgefertigt aus Natursteinen, kann es leichte Farbunterschiede zu den Fotos aufweisen.<\/p>\n<p class=\"p3\">Verpackt in der Originalverpackung von Tamashii, mit Echtheitszertifikat und Garantie.<\/p>\n","protected":false},"excerpt":{"rendered":"<p>Tamashii Armband mit Perlmutt, Symbol der Reinheit und des Wissens.<\/p>\n","protected":false},"featured_media":150724,"comment_status":"open","ping_status":"closed","template":"","meta":[],"product_brand":[199],"product_cat":[6318],"product_tag":[],"class_list":{"0":"post-150792","1":"product","2":"type-product","3":"status-publish","4":"has-post-thumbnail","6":"product_brand-tamashii","7":"product_cat-tamashii","9":"first","10":"instock","11":"taxable","12":"shipping-taxable","13":"purchasable","14":"product-type-simple"},"exclude_global_add_ons":[],"addons":[],"df_price":55,"df_sale_price":"","df_regular_price":55,"df_image_link":"https:\/\/cdn02.fabioferro.eu\/wp-content\/uploads\/bracciale-tamashii-tibetano-a-doppio-filo-madreperla.jpg","_links":{"self":[{"href":"https:\/\/www.fabioferro.eu\/de\/wp-json\/wp\/v2\/product\/150792","targetHints":{"allow":["GET"]}}],"collection":[{"href":"https:\/\/www.fabioferro.eu\/de\/wp-json\/wp\/v2\/product"}],"about":[{"href":"https:\/\/www.fabioferro.eu\/de\/wp-json\/wp\/v2\/types\/product"}],"replies":[{"embeddable":true,"href":"https:\/\/www.fabioferro.eu\/de\/wp-json\/wp\/v2\/comments?post=150792"}],"version-history":[{"count":0,"href":"https:\/\/www.fabioferro.eu\/de\/wp-json\/wp\/v2\/product\/150792\/revisions"}],"wp:featuredmedia":[{"embeddable":true,"href":"https:\/\/www.fabioferro.eu\/de\/wp-json\/wp\/v2\/media\/150724"}],"wp:attachment":[{"href":"https:\/\/www.fabioferro.eu\/de\/wp-json\/wp\/v2\/media?parent=150792"}],"wp:term":[{"taxonomy":"product_brand","embeddable":true,"href":"https:\/\/www.fabioferro.eu\/de\/wp-json\/wp\/v2\/product_brand?post=150792"},{"taxonomy":"product_cat","embeddable":true,"href":"https:\/\/www.fabioferro.eu\/de\/wp-json\/wp\/v2\/product_cat?post=150792"},{"taxonomy":"product_tag","embeddable":true,"href":"https:\/\/www.fabioferro.eu\/de\/wp-json\/wp\/v2\/product_tag?post=150792"}],"curies":[{"name":"wp","href":"https:\/\/api.w.org\/{rel}","templated":true}]}}