{"id":150796,"date":"2024-09-12T09:38:02","date_gmt":"2024-09-12T07:38:02","guid":{"rendered":"https:\/\/www.fabioferro.eu\/tamashii-tibetischer-bronze-achat-doppelstrang-armband.html"},"modified":"2025-05-02T17:24:03","modified_gmt":"2025-05-02T15:24:03","slug":"tamashii-tibetischer-bronze-achat-doppelstrang-armband","status":"publish","type":"product","link":"https:\/\/www.fabioferro.eu\/de\/tamashii-tibetischer-bronze-achat-doppelstrang-armband.html","title":{"rendered":"Tamashii Tibetischer Bronze-Achat Doppelstrang-Armband"},"content":{"rendered":"<p class=\"p1\">Unisex Tamashii Armband, handgefertigt in Tibet mit nat\u00fcrlichem Bronze Achat Stein.<\/p>\n<p>Wie bei allen nat\u00fcrlichen Farben steht auch dieses Armband f\u00fcr den ersten Schritt der Ver\u00e4nderung, der auf Verzicht und Demut beruht. Dies ist das Tamashii, das den Wandel einleitet und die Losl\u00f6sung von Konsumdenken und \u00e4u\u00dferen Bedingungen f\u00f6rdert.<\/p>\n<p>Jeder Stein in diesem Schmuckst\u00fcck misst 6 mm.<\/p>\n<p class=\"p3\">Dank der integrierten \u00d6sen garantiert die Einheitsgr\u00f6\u00dfe einen optimalen Sitz an jedem Handgelenk.<\/p>\n<p class=\"p3\">Da das Armband aus nat\u00fcrlichen Steinen handgefertigt wurde, kann es leichte Farbabweichungen von den gezeigten Bildern geben.<\/p>\n<p>Von buddhistischen M\u00f6nchen gesegnet.<\/p>\n<p class=\"p3\">Verpackt in der Originalverpackung von Tamashii, komplett mit Echtheitszertifikat und Garantie.<\/p>\n","protected":false},"excerpt":{"rendered":"<p>Tamashii-Armband, f\u00f6rdert die Losl\u00f6sung von Konsumdenken und \u00e4u\u00dferen Bedingungen.<\/p>\n","protected":false},"featured_media":150752,"comment_status":"open","ping_status":"closed","template":"","meta":[],"product_brand":[199],"product_cat":[6318],"product_tag":[],"class_list":{"0":"post-150796","1":"product","2":"type-product","3":"status-publish","4":"has-post-thumbnail","6":"product_brand-tamashii","7":"product_cat-tamashii","9":"first","10":"instock","11":"taxable","12":"shipping-taxable","13":"purchasable","14":"product-type-simple"},"exclude_global_add_ons":[],"addons":[],"df_price":55,"df_sale_price":"","df_regular_price":55,"df_image_link":"https:\/\/cdn02.fabioferro.eu\/wp-content\/uploads\/bracciale-tamashii-tibetano-a-doppio-filo-agata-bronzo.jpg","_links":{"self":[{"href":"https:\/\/www.fabioferro.eu\/de\/wp-json\/wp\/v2\/product\/150796","targetHints":{"allow":["GET"]}}],"collection":[{"href":"https:\/\/www.fabioferro.eu\/de\/wp-json\/wp\/v2\/product"}],"about":[{"href":"https:\/\/www.fabioferro.eu\/de\/wp-json\/wp\/v2\/types\/product"}],"replies":[{"embeddable":true,"href":"https:\/\/www.fabioferro.eu\/de\/wp-json\/wp\/v2\/comments?post=150796"}],"version-history":[{"count":0,"href":"https:\/\/www.fabioferro.eu\/de\/wp-json\/wp\/v2\/product\/150796\/revisions"}],"wp:featuredmedia":[{"embeddable":true,"href":"https:\/\/www.fabioferro.eu\/de\/wp-json\/wp\/v2\/media\/150752"}],"wp:attachment":[{"href":"https:\/\/www.fabioferro.eu\/de\/wp-json\/wp\/v2\/media?parent=150796"}],"wp:term":[{"taxonomy":"product_brand","embeddable":true,"href":"https:\/\/www.fabioferro.eu\/de\/wp-json\/wp\/v2\/product_brand?post=150796"},{"taxonomy":"product_cat","embeddable":true,"href":"https:\/\/www.fabioferro.eu\/de\/wp-json\/wp\/v2\/product_cat?post=150796"},{"taxonomy":"product_tag","embeddable":true,"href":"https:\/\/www.fabioferro.eu\/de\/wp-json\/wp\/v2\/product_tag?post=150796"}],"curies":[{"name":"wp","href":"https:\/\/api.w.org\/{rel}","templated":true}]}}