{"id":150798,"date":"2024-09-12T09:37:52","date_gmt":"2024-09-12T07:37:52","guid":{"rendered":"https:\/\/www.fabioferro.eu\/tamashii-tibetisches-doppeldraht-armband-mit-gesprungenem-grauem-achat.html"},"modified":"2025-05-02T17:24:04","modified_gmt":"2025-05-02T15:24:04","slug":"tamashii-tibetisches-doppeldraht-armband-mit-gesprungenem-grauem-achat","status":"publish","type":"product","link":"https:\/\/www.fabioferro.eu\/de\/tamashii-tibetisches-doppeldraht-armband-mit-gesprungenem-grauem-achat.html","title":{"rendered":"Tamashii Tibetisches Doppeldraht-Armband mit gesprungenem grauem Achat"},"content":{"rendered":"<p class=\"p1\">Unisex Tamashii Armband, handgefertigt in Tibet aus 6 mm grauem Achat Geburtsstein und gesegnet von buddhistischen M\u00f6nchen.<\/p>\n<p>Das Tamashii in Grauem Achat kennzeichnet diejenigen, die sich f\u00fcr ein spirituelleres Leben entschieden haben, und hilft denen, die es tragen, sich von der Oberfl\u00e4chlichkeit zu l\u00f6sen.<\/p>\n<p class=\"p3\">Die Einheitsgr\u00f6\u00dfe ist dank der integrierten Schlaufen verstellbar und passt sich jedem Handgelenk an.<\/p>\n<p class=\"p3\">Nat\u00fcrliche Steine k\u00f6nnen leichte Farbunterschiede im Vergleich zu den Fotos aufweisen.<\/p>\n<p class=\"p3\">Wird in der Originalverpackung von Tamashii geliefert, mit Echtheitszertifikat und Garantie.<\/p>\n","protected":false},"excerpt":{"rendered":"<p>Tamashii-Armband mit grauem Achat, das diejenigen kennzeichnet, die sich f\u00fcr ein spirituelleres Leben entschieden haben.<\/p>\n","protected":false},"featured_media":150765,"comment_status":"open","ping_status":"closed","template":"","meta":[],"product_brand":[199],"product_cat":[6318],"product_tag":[],"class_list":{"0":"post-150798","1":"product","2":"type-product","3":"status-publish","4":"has-post-thumbnail","6":"product_brand-tamashii","7":"product_cat-tamashii","9":"first","10":"instock","11":"taxable","12":"shipping-taxable","13":"purchasable","14":"product-type-simple"},"exclude_global_add_ons":[],"addons":[],"df_price":55,"df_sale_price":"","df_regular_price":55,"df_image_link":"https:\/\/cdn02.fabioferro.eu\/wp-content\/uploads\/bracciale-tamashii-tibetano-a-doppio-filo-con-agata-grigia-cracked.jpg","_links":{"self":[{"href":"https:\/\/www.fabioferro.eu\/de\/wp-json\/wp\/v2\/product\/150798","targetHints":{"allow":["GET"]}}],"collection":[{"href":"https:\/\/www.fabioferro.eu\/de\/wp-json\/wp\/v2\/product"}],"about":[{"href":"https:\/\/www.fabioferro.eu\/de\/wp-json\/wp\/v2\/types\/product"}],"replies":[{"embeddable":true,"href":"https:\/\/www.fabioferro.eu\/de\/wp-json\/wp\/v2\/comments?post=150798"}],"version-history":[{"count":0,"href":"https:\/\/www.fabioferro.eu\/de\/wp-json\/wp\/v2\/product\/150798\/revisions"}],"wp:featuredmedia":[{"embeddable":true,"href":"https:\/\/www.fabioferro.eu\/de\/wp-json\/wp\/v2\/media\/150765"}],"wp:attachment":[{"href":"https:\/\/www.fabioferro.eu\/de\/wp-json\/wp\/v2\/media?parent=150798"}],"wp:term":[{"taxonomy":"product_brand","embeddable":true,"href":"https:\/\/www.fabioferro.eu\/de\/wp-json\/wp\/v2\/product_brand?post=150798"},{"taxonomy":"product_cat","embeddable":true,"href":"https:\/\/www.fabioferro.eu\/de\/wp-json\/wp\/v2\/product_cat?post=150798"},{"taxonomy":"product_tag","embeddable":true,"href":"https:\/\/www.fabioferro.eu\/de\/wp-json\/wp\/v2\/product_tag?post=150798"}],"curies":[{"name":"wp","href":"https:\/\/api.w.org\/{rel}","templated":true}]}}