{"id":150804,"date":"2024-09-12T09:37:56","date_gmt":"2024-09-12T07:37:56","guid":{"rendered":"https:\/\/www.fabioferro.eu\/tamashii-tibetisches-doppeldraht-armband-mit-feuerachat.html"},"modified":"2025-05-02T17:24:03","modified_gmt":"2025-05-02T15:24:03","slug":"tamashii-tibetisches-doppeldraht-armband-mit-feuerachat","status":"publish","type":"product","link":"https:\/\/www.fabioferro.eu\/de\/tamashii-tibetisches-doppeldraht-armband-mit-feuerachat.html","title":{"rendered":"Tamashii Tibetisches Doppeldraht-Armband mit Feuerachat"},"content":{"rendered":"<p class=\"p1\">Tamashii-Armband aus 6 mm Feuerachat-Naturstein.<\/p>\n<p><span class=\"s1\">Dieses Tamashii hilft dem Tr\u00e4ger, die schwierigsten und un\u00fcberwindlichsten Hindernisse zu \u00fcberwinden, es gibt Schwung und Mut.  <\/span><\/p>\n<p>Authentisch aus Tibet, von buddhistischen M\u00f6nchen gesegnet.<\/p>\n<p class=\"p3\">Das One-Size-Fits-All-Design mit integrierten \u00d6sen passt sich jedem Handgelenk perfekt an.<\/p>\n<p class=\"p3\">Handgefertigte Natursteine k\u00f6nnen leichte Abweichungen vom Farbton der Abbildungen aufweisen.<\/p>\n<p class=\"p3\">Wird in der Originalverpackung von Tamashii geliefert, mit Echtheitszertifikat und Garantie.<\/p>\n","protected":false},"excerpt":{"rendered":"<p>Tamashii-Armband. hilft, schwierige und un\u00fcberwindbare Hindernisse zu \u00fcberwinden. <\/p>\n","protected":false},"featured_media":150758,"comment_status":"open","ping_status":"closed","template":"","meta":[],"product_brand":[199],"product_cat":[6318],"product_tag":[],"class_list":{"0":"post-150804","1":"product","2":"type-product","3":"status-publish","4":"has-post-thumbnail","6":"product_brand-tamashii","7":"product_cat-tamashii","9":"first","10":"instock","11":"taxable","12":"shipping-taxable","13":"purchasable","14":"product-type-simple"},"exclude_global_add_ons":[],"addons":[],"df_price":55,"df_sale_price":"","df_regular_price":55,"df_image_link":"https:\/\/cdn02.fabioferro.eu\/wp-content\/uploads\/bracciale-tamashii-tibetano-a-doppio-filo-con-agata-fuoco.jpg","_links":{"self":[{"href":"https:\/\/www.fabioferro.eu\/de\/wp-json\/wp\/v2\/product\/150804","targetHints":{"allow":["GET"]}}],"collection":[{"href":"https:\/\/www.fabioferro.eu\/de\/wp-json\/wp\/v2\/product"}],"about":[{"href":"https:\/\/www.fabioferro.eu\/de\/wp-json\/wp\/v2\/types\/product"}],"replies":[{"embeddable":true,"href":"https:\/\/www.fabioferro.eu\/de\/wp-json\/wp\/v2\/comments?post=150804"}],"version-history":[{"count":0,"href":"https:\/\/www.fabioferro.eu\/de\/wp-json\/wp\/v2\/product\/150804\/revisions"}],"wp:featuredmedia":[{"embeddable":true,"href":"https:\/\/www.fabioferro.eu\/de\/wp-json\/wp\/v2\/media\/150758"}],"wp:attachment":[{"href":"https:\/\/www.fabioferro.eu\/de\/wp-json\/wp\/v2\/media?parent=150804"}],"wp:term":[{"taxonomy":"product_brand","embeddable":true,"href":"https:\/\/www.fabioferro.eu\/de\/wp-json\/wp\/v2\/product_brand?post=150804"},{"taxonomy":"product_cat","embeddable":true,"href":"https:\/\/www.fabioferro.eu\/de\/wp-json\/wp\/v2\/product_cat?post=150804"},{"taxonomy":"product_tag","embeddable":true,"href":"https:\/\/www.fabioferro.eu\/de\/wp-json\/wp\/v2\/product_tag?post=150804"}],"curies":[{"name":"wp","href":"https:\/\/api.w.org\/{rel}","templated":true}]}}