{"id":150811,"date":"2024-09-12T09:37:36","date_gmt":"2024-09-12T07:37:36","guid":{"rendered":"https:\/\/www.fabioferro.eu\/tamashii-tibetisches-doppeldraht-armband-mit-eisachat.html"},"modified":"2025-05-02T17:24:13","modified_gmt":"2025-05-02T15:24:13","slug":"tamashii-tibetisches-doppeldraht-armband-mit-eisachat","status":"publish","type":"product","link":"https:\/\/www.fabioferro.eu\/de\/tamashii-tibetisches-doppeldraht-armband-mit-eisachat.html","title":{"rendered":"Tamashii Tibetisches Doppeldraht-Armband mit Eisachat"},"content":{"rendered":"<p class=\"p1\">Unisex Tamashii Armband aus Eisachat Geburtsstein.<\/p>\n<p>Authentisch aus Tibet und von buddhistischen M\u00f6nchen gesegnet.<\/p>\n<p>Das graue Tamashii unterst\u00fctzt den Tr\u00e4ger in Zeiten des Wandels und der Erneuerung.<\/p>\n<p class=\"p3\">Die Einheitsgr\u00f6\u00dfe ist dank der integrierten Schlaufen verstellbar und passt sich perfekt an jedes Handgelenk an.<\/p>\n<p class=\"p3\">Nat\u00fcrliche, handgefertigte Steine k\u00f6nnen leichte Farbabweichungen von den Abbildungen aufweisen.<\/p>\n<p class=\"p3\">Wird in der Originalverpackung von Tamashii geliefert, komplett mit Echtheitszertifikat und Garantie.<\/p>\n","protected":false},"excerpt":{"rendered":"<p>Dieses Tamashii-Armband unterst\u00fctzt seine Tr\u00e4gerin in Zeiten der Ver\u00e4nderung und Erneuerung.<\/p>\n","protected":false},"featured_media":150397,"comment_status":"open","ping_status":"closed","template":"","meta":[],"product_brand":[199],"product_cat":[6318],"product_tag":[],"class_list":{"0":"post-150811","1":"product","2":"type-product","3":"status-publish","4":"has-post-thumbnail","6":"product_brand-tamashii","7":"product_cat-tamashii","9":"first","10":"instock","11":"taxable","12":"shipping-taxable","13":"purchasable","14":"product-type-simple"},"exclude_global_add_ons":[],"addons":[],"df_price":55,"df_sale_price":"","df_regular_price":55,"df_image_link":"https:\/\/cdn02.fabioferro.eu\/wp-content\/uploads\/bracciale-tamashii-tibetano-a-doppio-filo-con-agata-ghiaccio.jpg","_links":{"self":[{"href":"https:\/\/www.fabioferro.eu\/de\/wp-json\/wp\/v2\/product\/150811","targetHints":{"allow":["GET"]}}],"collection":[{"href":"https:\/\/www.fabioferro.eu\/de\/wp-json\/wp\/v2\/product"}],"about":[{"href":"https:\/\/www.fabioferro.eu\/de\/wp-json\/wp\/v2\/types\/product"}],"replies":[{"embeddable":true,"href":"https:\/\/www.fabioferro.eu\/de\/wp-json\/wp\/v2\/comments?post=150811"}],"version-history":[{"count":0,"href":"https:\/\/www.fabioferro.eu\/de\/wp-json\/wp\/v2\/product\/150811\/revisions"}],"wp:featuredmedia":[{"embeddable":true,"href":"https:\/\/www.fabioferro.eu\/de\/wp-json\/wp\/v2\/media\/150397"}],"wp:attachment":[{"href":"https:\/\/www.fabioferro.eu\/de\/wp-json\/wp\/v2\/media?parent=150811"}],"wp:term":[{"taxonomy":"product_brand","embeddable":true,"href":"https:\/\/www.fabioferro.eu\/de\/wp-json\/wp\/v2\/product_brand?post=150811"},{"taxonomy":"product_cat","embeddable":true,"href":"https:\/\/www.fabioferro.eu\/de\/wp-json\/wp\/v2\/product_cat?post=150811"},{"taxonomy":"product_tag","embeddable":true,"href":"https:\/\/www.fabioferro.eu\/de\/wp-json\/wp\/v2\/product_tag?post=150811"}],"curies":[{"name":"wp","href":"https:\/\/api.w.org\/{rel}","templated":true}]}}