{"id":150817,"date":"2024-09-12T09:37:26","date_gmt":"2024-09-12T07:37:26","guid":{"rendered":"https:\/\/www.fabioferro.eu\/tibetisches-tamashii-armband-dunkelroter-achat.html"},"modified":"2025-05-02T17:24:18","modified_gmt":"2025-05-02T15:24:18","slug":"tibetisches-tamashii-armband-dunkelroter-achat","status":"publish","type":"product","link":"https:\/\/www.fabioferro.eu\/de\/tibetisches-tamashii-armband-dunkelroter-achat.html","title":{"rendered":"Tibetisches Tamashii Armband Dunkelroter Achat"},"content":{"rendered":"<p class=\"p1\">Unisex Tamashii Armband, authentisch aus Tibet, aus nat\u00fcrlichem dunkelrotem Achatstein und von buddhistischen M\u00f6nchen gesegnet.<\/p>\n<p>Das rote Tamashii steht f\u00fcr Kraft, St\u00e4rke, Vitalit\u00e4t, Leidenschaft und weist auf eine weise Person hin.<\/p>\n<p class=\"p3\">Das One-Size-Fits-All-Design mit integrierten \u00d6sen sorgt f\u00fcr einen perfekten Sitz an jedem Handgelenk.<\/p>\n<p class=\"p3\">Handgefertigt aus Natursteinen, kann es leichte Farbabweichungen von den Bildern geben.<\/p>\n<p class=\"p3\">Verpackt in der Originalverpackung von Tamashii, komplett mit Echtheitszertifikat und Garantie.<\/p>\n","protected":false},"excerpt":{"rendered":"<p>Tamashii Armband mit dunkelrotem Achat, sorgt f\u00fcr Kraft, Leidenschaft und St\u00e4rke.<\/p>\n","protected":false},"featured_media":150312,"comment_status":"open","ping_status":"closed","template":"","meta":[],"product_brand":[199],"product_cat":[6318],"product_tag":[],"class_list":{"0":"post-150817","1":"product","2":"type-product","3":"status-publish","4":"has-post-thumbnail","6":"product_brand-tamashii","7":"product_cat-tamashii","9":"first","10":"instock","11":"taxable","12":"shipping-taxable","13":"purchasable","14":"product-type-simple"},"exclude_global_add_ons":[],"addons":[],"df_price":42,"df_sale_price":"","df_regular_price":42,"df_image_link":"https:\/\/cdn02.fabioferro.eu\/wp-content\/uploads\/bracciale-tamashii-tibetano-agata-rosso-scuro.jpg","_links":{"self":[{"href":"https:\/\/www.fabioferro.eu\/de\/wp-json\/wp\/v2\/product\/150817","targetHints":{"allow":["GET"]}}],"collection":[{"href":"https:\/\/www.fabioferro.eu\/de\/wp-json\/wp\/v2\/product"}],"about":[{"href":"https:\/\/www.fabioferro.eu\/de\/wp-json\/wp\/v2\/types\/product"}],"replies":[{"embeddable":true,"href":"https:\/\/www.fabioferro.eu\/de\/wp-json\/wp\/v2\/comments?post=150817"}],"version-history":[{"count":0,"href":"https:\/\/www.fabioferro.eu\/de\/wp-json\/wp\/v2\/product\/150817\/revisions"}],"wp:featuredmedia":[{"embeddable":true,"href":"https:\/\/www.fabioferro.eu\/de\/wp-json\/wp\/v2\/media\/150312"}],"wp:attachment":[{"href":"https:\/\/www.fabioferro.eu\/de\/wp-json\/wp\/v2\/media?parent=150817"}],"wp:term":[{"taxonomy":"product_brand","embeddable":true,"href":"https:\/\/www.fabioferro.eu\/de\/wp-json\/wp\/v2\/product_brand?post=150817"},{"taxonomy":"product_cat","embeddable":true,"href":"https:\/\/www.fabioferro.eu\/de\/wp-json\/wp\/v2\/product_cat?post=150817"},{"taxonomy":"product_tag","embeddable":true,"href":"https:\/\/www.fabioferro.eu\/de\/wp-json\/wp\/v2\/product_tag?post=150817"}],"curies":[{"name":"wp","href":"https:\/\/api.w.org\/{rel}","templated":true}]}}