{"id":150819,"date":"2024-09-12T09:37:30","date_gmt":"2024-09-12T07:37:30","guid":{"rendered":"https:\/\/www.fabioferro.eu\/tamashii-tibetisches-doppelstrang-armband-mit-rosenquarz.html"},"modified":"2025-05-02T17:24:24","modified_gmt":"2025-05-02T15:24:24","slug":"tamashii-tibetisches-doppelstrang-armband-mit-rosenquarz","status":"publish","type":"product","link":"https:\/\/www.fabioferro.eu\/de\/tamashii-tibetisches-doppelstrang-armband-mit-rosenquarz.html","title":{"rendered":"Tamashii Tibetisches Doppelstrang-Armband mit Rosenquarz"},"content":{"rendered":"<p class=\"p1\">Authentisches Unisex Tamashii Armband aus Tibet, hergestellt aus nat\u00fcrlichem Rosenquarzstein und gesegnet von buddhistischen M\u00f6nchen.<\/p>\n<p class=\"p3\">Rosa ist in der buddhistischen Welt die Farbe der Lotusblume oder der Erleuchtung und der spirituellen Regeneration. Sie hat tiefe und zugleich kraftvolle Bedeutungen, wie geistiges Wachstum, Auferstehung, das Bewusstsein der eigenen Natur und St\u00e4rke und die F\u00e4higkeit, sich nicht von der Verderbnis dieser Welt anstecken zu lassen.<\/p>\n<p class=\"p3\">Handgefertigt aus Natursteinen, kann leichte Farbabweichungen von den Bildern aufweisen.<\/p>\n<p>Dank der integrierten \u00d6sen passt die Einheitsgr\u00f6\u00dfe f\u00fcr alle Handgelenke.<\/p>\n<p class=\"p3\">Verpackt in der Originalverpackung von Tamashii, komplett mit Echtheitszertifikat und Garantie.<\/p>\n","protected":false},"excerpt":{"rendered":"<p>Tamashii-Armband mit Rosenquarz, der Farbe der Lotusblume und der spirituellen Regeneration.<\/p>\n","protected":false},"featured_media":150410,"comment_status":"open","ping_status":"closed","template":"","meta":[],"product_brand":[199],"product_cat":[6318],"product_tag":[],"class_list":{"0":"post-150819","1":"product","2":"type-product","3":"status-publish","4":"has-post-thumbnail","6":"product_brand-tamashii","7":"product_cat-tamashii","9":"first","10":"instock","11":"taxable","12":"shipping-taxable","13":"purchasable","14":"product-type-simple"},"exclude_global_add_ons":[],"addons":[],"df_price":55,"df_sale_price":"","df_regular_price":55,"df_image_link":"https:\/\/cdn02.fabioferro.eu\/wp-content\/uploads\/bracciale-tamashii-tibetano-a-doppio-filo-con-quarzo-rosa.jpg","_links":{"self":[{"href":"https:\/\/www.fabioferro.eu\/de\/wp-json\/wp\/v2\/product\/150819","targetHints":{"allow":["GET"]}}],"collection":[{"href":"https:\/\/www.fabioferro.eu\/de\/wp-json\/wp\/v2\/product"}],"about":[{"href":"https:\/\/www.fabioferro.eu\/de\/wp-json\/wp\/v2\/types\/product"}],"replies":[{"embeddable":true,"href":"https:\/\/www.fabioferro.eu\/de\/wp-json\/wp\/v2\/comments?post=150819"}],"version-history":[{"count":0,"href":"https:\/\/www.fabioferro.eu\/de\/wp-json\/wp\/v2\/product\/150819\/revisions"}],"wp:featuredmedia":[{"embeddable":true,"href":"https:\/\/www.fabioferro.eu\/de\/wp-json\/wp\/v2\/media\/150410"}],"wp:attachment":[{"href":"https:\/\/www.fabioferro.eu\/de\/wp-json\/wp\/v2\/media?parent=150819"}],"wp:term":[{"taxonomy":"product_brand","embeddable":true,"href":"https:\/\/www.fabioferro.eu\/de\/wp-json\/wp\/v2\/product_brand?post=150819"},{"taxonomy":"product_cat","embeddable":true,"href":"https:\/\/www.fabioferro.eu\/de\/wp-json\/wp\/v2\/product_cat?post=150819"},{"taxonomy":"product_tag","embeddable":true,"href":"https:\/\/www.fabioferro.eu\/de\/wp-json\/wp\/v2\/product_tag?post=150819"}],"curies":[{"name":"wp","href":"https:\/\/api.w.org\/{rel}","templated":true}]}}