{"id":151142,"date":"2024-09-12T11:08:24","date_gmt":"2024-09-12T09:08:24","guid":{"rendered":"https:\/\/www.fabioferro.eu\/giovanni-raspini-eden-krokodil-anhaenger-halskette.html"},"modified":"2024-12-16T13:33:58","modified_gmt":"2024-12-16T12:33:58","slug":"giovanni-raspini-eden-krokodil-anhaenger-halskette","status":"publish","type":"product","link":"https:\/\/www.fabioferro.eu\/de\/giovanni-raspini-eden-krokodil-anhaenger-halskette.html","title":{"rendered":"Giovanni Raspini Eden Krokodil-Anh\u00e4nger-Halskette"},"content":{"rendered":"<p>Halskette aus 925\/1000 Silber und gr\u00fcnem Quarz.<\/p>\n<p>Die L\u00e4nge der Kette betr\u00e4gt 45 cm. Der Anh\u00e4nger hingegen misst 2 cm.<br \/>\nKlassischer Karabinerverschluss und Logo.<\/p>\n<p>Hergestellt in Italien.<\/p>\n<p>Begleitet von Box und offizieller Giovanni Raspini Garantie.<\/p>\n","protected":false},"excerpt":{"rendered":"<p>Eine Halskette, die beim Tragen zum Leben erwacht, dank des tierischen Geistes, der sich in dem farbigen Quarz verbirgt.<\/p>\n","protected":false},"featured_media":150525,"comment_status":"open","ping_status":"closed","template":"","meta":[],"product_brand":[155],"product_cat":[7568],"product_tag":[7493],"class_list":{"0":"post-151142","1":"product","2":"type-product","3":"status-publish","4":"has-post-thumbnail","6":"product_brand-raspini","7":"product_cat-giovanni-raspini-halsketten","8":"product_tag-eden-de","10":"first","11":"instock","12":"sale","13":"taxable","14":"shipping-taxable","15":"purchasable","16":"product-type-simple"},"exclude_global_add_ons":[],"addons":[],"df_price":247.5,"df_sale_price":247.5,"df_regular_price":275,"df_image_link":"https:\/\/cdn02.fabioferro.eu\/wp-content\/uploads\/collana-giovanni-raspini-pendente-coccodrillo-eden-12086.jpg","_links":{"self":[{"href":"https:\/\/www.fabioferro.eu\/de\/wp-json\/wp\/v2\/product\/151142","targetHints":{"allow":["GET"]}}],"collection":[{"href":"https:\/\/www.fabioferro.eu\/de\/wp-json\/wp\/v2\/product"}],"about":[{"href":"https:\/\/www.fabioferro.eu\/de\/wp-json\/wp\/v2\/types\/product"}],"replies":[{"embeddable":true,"href":"https:\/\/www.fabioferro.eu\/de\/wp-json\/wp\/v2\/comments?post=151142"}],"version-history":[{"count":0,"href":"https:\/\/www.fabioferro.eu\/de\/wp-json\/wp\/v2\/product\/151142\/revisions"}],"wp:featuredmedia":[{"embeddable":true,"href":"https:\/\/www.fabioferro.eu\/de\/wp-json\/wp\/v2\/media\/150525"}],"wp:attachment":[{"href":"https:\/\/www.fabioferro.eu\/de\/wp-json\/wp\/v2\/media?parent=151142"}],"wp:term":[{"taxonomy":"product_brand","embeddable":true,"href":"https:\/\/www.fabioferro.eu\/de\/wp-json\/wp\/v2\/product_brand?post=151142"},{"taxonomy":"product_cat","embeddable":true,"href":"https:\/\/www.fabioferro.eu\/de\/wp-json\/wp\/v2\/product_cat?post=151142"},{"taxonomy":"product_tag","embeddable":true,"href":"https:\/\/www.fabioferro.eu\/de\/wp-json\/wp\/v2\/product_tag?post=151142"}],"curies":[{"name":"wp","href":"https:\/\/api.w.org\/{rel}","templated":true}]}}